{"id":327736,"date":"2021-09-26T04:56:49","date_gmt":"2021-09-26T02:56:49","guid":{"rendered":"https:\/\/cosmeda-akademie.de\/?page_id=327736"},"modified":"2024-03-20T16:47:23","modified_gmt":"2024-03-20T15:47:23","slug":"ueber-uns","status":"publish","type":"page","link":"https:\/\/shop.cosmeda-akademie.de\/en\/ueber-uns\/","title":{"rendered":"About us"},"content":{"rendered":"<p>[et_pb_section fb_built=&#8220;1&#8243; custom_padding_last_edited=&#8220;on|desktop&#8220; module_class=&#8220;dtb-mobile-parallax&#8220; _builder_version=&#8220;4.16&#8243; _module_preset=&#8220;default&#8220; background_enable_color=&#8220;off&#8220; background_image=&#8220;https:\/\/shop.cosmeda-akademie.de\/wp-content\/uploads\/2021\/12\/Cosmeda-bild.jpg&#8220; parallax=&#8220;on&#8220; custom_padding=&#8220;190px||190px||true|false&#8220; custom_padding_tablet=&#8220;100px||100px||true|false&#8220; custom_padding_phone=&#8220;50px||50px||true|false&#8220; custom_css_main_element=&#8220;background-attachment: fixed;||background-repeat: no-repeat;||background-size: cover;||background-position: top center;&#8220; global_colors_info=&#8220;{}&#8220;][et_pb_row _builder_version=&#8220;4.16&#8243; _module_preset=&#8220;default&#8220; background_color=&#8220;rgba(0,0,0,0.14)&#8220; max_width=&#8220;750px&#8220; module_alignment=&#8220;center&#8220; custom_padding=&#8220;10px||10px||true|false&#8220; animation_style=&#8220;slide&#8220; animation_delay=&#8220;150ms&#8220; animation_intensity_slide=&#8220;4%&#8220; global_colors_info=&#8220;{}&#8220;][et_pb_column type=&#8220;4_4&#8243; _builder_version=&#8220;4.16&#8243; _module_preset=&#8220;default&#8220; global_colors_info=&#8220;{}&#8220;][et_pb_text _builder_version=&#8220;4.16&#8243; _dynamic_attributes=&#8220;content&#8220; _module_preset=&#8220;default&#8220; header_font=&#8220;||||||||&#8220; header_text_align=&#8220;center&#8220; header_text_color=&#8220;#FFFFFF&#8220; header_font_size=&#8220;40px&#8220; header_line_height=&#8220;1.3em&#8220; text_orientation=&#8220;center&#8220; header_font_size_tablet=&#8220;35px&#8220; header_font_size_phone=&#8220;25px&#8220; header_font_size_last_edited=&#8220;on|phone&#8220; global_colors_info=&#8220;{}&#8220;]@ET-DC@eyJkeW5hbWljIjp0cnVlLCJjb250ZW50IjoicG9zdF90aXRsZSIsInNldHRpbmdzIjp7ImJlZm9yZSI6IjxoMT4iLCJhZnRlciI6IjwvaDE+In19@[\/et_pb_text][\/et_pb_column][\/et_pb_row][\/et_pb_section][et_pb_section fb_built=&#8220;1&#8243; admin_label=&#8220;Header&#8220; _builder_version=&#8220;4.16&#8243; _module_preset=&#8220;default&#8220; background_enable_color=&#8220;off&#8220; use_background_color_gradient=&#8220;on&#8220; background_color_gradient_direction=&#8220;90deg&#8220; background_color_gradient_stops=&#8220;#ffffff 98%|#ef8b14 98%&#8220; background_color_gradient_start=&#8220;#ffffff&#8220; background_color_gradient_start_position=&#8220;98%&#8220; background_color_gradient_end=&#8220;#ef8b14&#8243; background_color_gradient_end_position=&#8220;2%&#8220; global_colors_info=&#8220;{}&#8220;][et_pb_row _builder_version=&#8220;4.16&#8243; _module_preset=&#8220;default&#8220; global_colors_info=&#8220;{}&#8220;][et_pb_column type=&#8220;4_4&#8243; _builder_version=&#8220;4.16&#8243; _module_preset=&#8220;default&#8220; global_colors_info=&#8220;{}&#8220;][et_pb_text _builder_version=&#8220;4.16&#8243; _module_preset=&#8220;534cc526-6274-4e31-9e1a-7f18a5947bf1&#8243; header_4_font=&#8220;|700|||||||&#8220; header_4_text_color=&#8220;#EF8451&#8243; header_4_font_size=&#8220;16px&#8220; header_4_letter_spacing=&#8220;1px&#8220; header_4_line_height=&#8220;1.5em&#8220; custom_margin=&#8220;||0px||false|false&#8220; header_4_font_size_tablet=&#8220;14px&#8220; header_4_font_size_phone=&#8220;&#8220; header_4_font_size_last_edited=&#8220;on|tablet&#8220; locked=&#8220;off&#8220; global_colors_info=&#8220;{}&#8220;]<\/p>\n<h4>wir \u00fcber uns<\/h4>\n<p>[\/et_pb_text][et_pb_text _builder_version=&#8220;4.16&#8243; _module_preset=&#8220;df96b77a-cd4f-44a8-a771-2d6347592b53&#8243; header_2_font=&#8220;||||||||&#8220; header_2_text_color=&#8220;#6B675C&#8220; header_2_font_size=&#8220;35px&#8220; header_2_letter_spacing=&#8220;-0.02em&#8220; header_2_line_height=&#8220;1.15em&#8220; header_2_font_size_tablet=&#8220;32px&#8220; header_2_font_size_phone=&#8220;20px&#8220; header_2_font_size_last_edited=&#8220;on|desktop&#8220; locked=&#8220;off&#8220; global_colors_info=&#8220;{}&#8220;]<\/p>\n<h2>Das Geheimnis unseres Erfolges<\/h2>\n<p>[\/et_pb_text][et_pb_text _builder_version=&#8220;4.23.4&#8243; _module_preset=&#8220;5ff55506-da7d-4dd7-b409-9d62c7203201&#8243; hover_enabled=&#8220;0&#8243; header_font_size_tablet=&#8220;55px&#8220; header_font_size_last_edited=&#8220;off|desktop&#8220; locked=&#8220;off&#8220; global_colors_info=&#8220;{}&#8220; text_font_size_last_edited=&#8220;on|phone&#8220; sticky_enabled=&#8220;0&#8243;]<\/p>\n<p>Seit 1985 ist die Cosmeda\u00ae Kosmetikschule spezialisiert auf Intensivausbildungen im Bereich der Kosmetik und Fu\u00dfpflege. Die Urheberin Susanne Engel-L\u00f6nser entwickelte diese Kurzzeitintensiv &#8211; Ausbildungsform mit viel Liebe zum Detail.<\/p>\n<p>In einem Ganztagsschulkonzept wird in k\u00fcrzester Zeit mit einem H\u00f6chstma\u00df an Praxistraining rund um die Kosmetik ausgebildet. Das Lehrkonzept von Cosmeda\u00ae hebt sich durch die praxisnahe Ausbildung deutlich von den konventionellen Ausbildungsformen ab und bietet den Absolventen so eine au\u00dfergew\u00f6hnliche Berufschance.<br \/>F\u00fcr eine hochkar\u00e4tige Ausbildung &#8211; aus der Praxis f\u00fcr die Praxis &#8211; stehen den Teilnehmer\/innen \u00fcber 500 Modellkunden zur Verf\u00fcgung. Das Lehrkonzept ist absolut handwerklich ausgerichtet, sodass die Teilnehmer\/innen nach Abschluss einer Ausbildung im Bereich der Kosmetik und Fu\u00dfpflege ohne gro\u00dfen Kapitalaufwand sicher Fu\u00df fassen und in die Selbstst\u00e4ndigkeit starten k\u00f6nnen. Aber auch als Mitarbeiter\/in ist man mit einer Cosmeda\u00ae Urkunde sehr gefragt.<\/p>\n<p>Der hohe Bekanntheitsgrad von Cosmeda\u00ae \u00f6ffnet den Absolventen nicht nur europaweit T\u00fcren in namhafte Institute, Hotels, Wellness und Sch\u00f6nheitsfarmen, viele Absolventinnen arbeiten bpsw.<br \/>auch in Dubai, \u00c4gypten, dem Iran, Australien und den USA sehr erfolgreich.<\/p>\n<p>Cosmeda\u00ae ist daf\u00fcr bekannt neueste Trends rund um das Berufsbild der Kosmetik und Fu\u00dfpflege zu vermitteln und hat sich so auch in angesehenen Leading Hotels einen Namen gemacht.<br \/>Die ganzheitlich- und wellnessorientierten Konzepte sprechen unter anderem die gehobene Hotellerie an.<\/p>\n<p>Heute ist Cosmeda\u00ae mehr als nur eine KurzzeitIntensivschule. Unser Unternehmen verf\u00fcgt \u00fcber eine weitreichende ganzheitliche Erfahrung in dem Berufsfeld der Ganzheitskosmetik und ein weltweites Netzwerk. Mit einem erweiterten Leistungsspektrum bieten wir ein breitgef\u00e4chertes Angebot an Kursen und Lehrg\u00e4ngen f\u00fcr ein umfassendes Berufsbild und begleiten Sie in Ihre berufliche Zukunft mit einer Vielzahl an Serviceangeboten &#8211; auf Wunsch auch gern dar\u00fcber hinaus. Unser Ziel ist es, Ihnen nicht nur eine au\u00dfergew\u00f6hnlich gute Ausbildung zu geben, wir m\u00f6chten uns auch \u00fcber Ihren Erfolg freuen, den Sie nach unserer Ausbildung haben werden.<\/p>\n<p><span style=\"text-decoration: underline;\"><a href=\"https:\/\/shop.cosmeda-akademie.de\/wp-content\/uploads\/2024\/03\/Unternehmensleitbild-der-Cosmeda-Akademie-GmbH.pdf\">Hier finden Sie unser Unternehmensleitbild<\/a><\/span><\/p>\n<p>&nbsp;<\/p>\n<p>[\/et_pb_text][\/et_pb_column][\/et_pb_row][\/et_pb_section][et_pb_section fb_built=&#8220;1&#8243; admin_label=&#8220;Mission&#8220; _builder_version=&#8220;4.16&#8243; _module_preset=&#8220;default&#8220; background_color=&#8220;#f5f3ee&#8220; global_colors_info=&#8220;{}&#8220;][et_pb_row column_structure=&#8220;3_5,2_5&#8243; custom_padding_last_edited=&#8220;on|tablet&#8220; _builder_version=&#8220;4.16&#8243; _module_preset=&#8220;default&#8220; background_color=&#8220;#EF8B14&#8243; overflow-x=&#8220;visible&#8220; overflow-y=&#8220;visible&#8220; custom_padding=&#8220;40px|40px|40px|40px|true|true&#8220; custom_padding_tablet=&#8220;|30px||30px|true|true&#8220; custom_padding_phone=&#8220;|20px||20px|false|true&#8220; animation_style=&#8220;slide&#8220; animation_delay=&#8220;150ms&#8220; animation_intensity_slide=&#8220;4%&#8220; border_radii=&#8220;on|20px|20px|20px|20px&#8220; global_colors_info=&#8220;{}&#8220;][et_pb_column type=&#8220;3_5&#8243; _builder_version=&#8220;4.16&#8243; _module_preset=&#8220;default&#8220; global_colors_info=&#8220;{}&#8220;][et_pb_blurb image=&#8220;https:\/\/shop.cosmeda-akademie.de\/wp-content\/uploads\/2021\/10\/ngo-icon-10-1.png&#8220; icon_alignment=&#8220;left&#8220; content_max_width=&#8220;100%&#8220; _builder_version=&#8220;4.16&#8243; _module_preset=&#8220;58e41a12-d2dc-4bc3-82a3-e7e2a77a32bd&#8220; header_font=&#8220;|700|||||||&#8220; header_text_color=&#8220;#FFFFFF&#8220; header_font_size=&#8220;20px&#8220; header_line_height=&#8220;1.2em&#8220; body_font=&#8220;||||||||&#8220; body_text_color=&#8220;#F2EBE4&#8243; body_font_size=&#8220;16px&#8220; custom_margin=&#8220;||||false|false&#8220; custom_padding=&#8220;||||false|false&#8220; animation=&#8220;off&#8220; header_font_size_tablet=&#8220;18px&#8220; header_font_size_phone=&#8220;16px&#8220; header_font_size_last_edited=&#8220;on|desktop&#8220; body_font_size_tablet=&#8220;15px&#8220; body_font_size_phone=&#8220;13px&#8220; body_font_size_last_edited=&#8220;on|phone&#8220; border_width_bottom=&#8220;0px&#8220; border_color_bottom=&#8220;rgba(0,0,0,0.12)&#8220; locked=&#8220;off&#8220; global_colors_info=&#8220;{}&#8220; image__hover_enabled=&#8220;on|desktop&#8220; image__hover=&#8220;https:\/\/shop.cosmeda-akademie.de\/wp-content\/uploads\/2021\/10\/ngo-icon-10-1.png&#8220;]Nach amerikanischem Vorbild entwickelte Susanne Engel-L\u00f6nser ein einzigartiges Kurzeit-Intensivkonzept nach dem sie seit 1985 Kosmetikerinnen &#038; Fu\u00dfpflegerinnen auf h\u00f6chstem Qualit\u00e4tsniveau<br \/>\nausbildet.<\/p>\n<p>Um ihre Sch\u00fclerinnen auf dem Weg in eine erfolgreiche Selbstst\u00e4ndigkeit zu unterst\u00fctzen, schrieb sie das Buch \u201eErfolgreich selbstst\u00e4ndig in der Kosmetik &#038; Wellnessbranche\u201c. Ein weiteres Buch \u201eStarverk\u00e4ufer mit Herz\u201c erscheint in K\u00fcrze.[\/et_pb_blurb][\/et_pb_column][et_pb_column type=&#8220;2_5&#8243; _builder_version=&#8220;4.16&#8243; _module_preset=&#8220;default&#8220; background_image=&#8220;https:\/\/shop.cosmeda-akademie.de\/wp-content\/uploads\/2021\/10\/cosmeda-broschuere-1214_mail.jpg&#8220; border_radii=&#8220;on|15px|15px|15px|15px&#8220; global_colors_info=&#8220;{}&#8220;][et_pb_divider show_divider=&#8220;off&#8220; _builder_version=&#8220;4.16&#8243; _module_preset=&#8220;default&#8220; custom_padding=&#8220;129px||129px||true|false&#8220; global_colors_info=&#8220;{}&#8220;][\/et_pb_divider][\/et_pb_column][\/et_pb_row][\/et_pb_section][et_pb_section fb_built=&#8220;1&#8243; admin_label=&#8220;Features&#8220; _builder_version=&#8220;4.16&#8243; _module_preset=&#8220;default&#8220; background_enable_color=&#8220;off&#8220; custom_padding=&#8220;||41px|||&#8220; global_colors_info=&#8220;{}&#8220;][et_pb_row column_structure=&#8220;1_2,1_2&#8243; custom_padding_last_edited=&#8220;on|phone&#8220; _builder_version=&#8220;4.16&#8243; _module_preset=&#8220;default&#8220; background_color=&#8220;#f9f9f9&#8243; width=&#8220;90%&#8220; overflow-x=&#8220;visible&#8220; overflow-y=&#8220;visible&#8220; custom_padding=&#8220;50px|60px|50px|60px|true|true&#8220; custom_padding_tablet=&#8220;40px|30px|40px|30px|true|true&#8220; custom_padding_phone=&#8220;|20px||20px|true|true&#8220; border_radii=&#8220;on|20px|20px|20px|20px&#8220; global_colors_info=&#8220;{}&#8220;][et_pb_column type=&#8220;1_2&#8243; _builder_version=&#8220;4.16&#8243; _module_preset=&#8220;default&#8220; animation_style=&#8220;slide&#8220; animation_direction=&#8220;bottom&#8220; animation_delay=&#8220;150ms&#8220; animation_intensity_slide=&#8220;4%&#8220; global_colors_info=&#8220;{}&#8220;][et_pb_text _builder_version=&#8220;4.16&#8243; _module_preset=&#8220;df96b77a-cd4f-44a8-a771-2d6347592b53&#8243; header_2_font=&#8220;||||||||&#8220; header_2_font_size=&#8220;35px&#8220; header_2_line_height=&#8220;1.2em&#8220; header_2_font_size_tablet=&#8220;30px&#8220; header_2_font_size_phone=&#8220;25px&#8220; header_2_font_size_last_edited=&#8220;on|phone&#8220; locked=&#8220;off&#8220; global_colors_info=&#8220;{}&#8220;]<\/p>\n<h2>Die Gr\u00fcnderin<\/h2>\n<p>[\/et_pb_text][et_pb_blurb image=&#8220;https:\/\/shop.cosmeda-akademie.de\/wp-content\/uploads\/2021\/10\/cosmeda-broschuere-1214-2_mail.jpg&#8220; icon_placement=&#8220;left&#8220; image_icon_width=&#8220;150px&#8220; content_max_width=&#8220;100%&#8220; icon_placement_tablet=&#8220;top&#8220; icon_placement_phone=&#8220;&#8220; icon_placement_last_edited=&#8220;on|phone&#8220; _builder_version=&#8220;4.16&#8243; _module_preset=&#8220;default&#8220; body_font_size=&#8220;16px&#8220; image_icon_custom_padding_tablet=&#8220;&#8220; image_icon_custom_padding_phone=&#8220;&#8220; image_icon_custom_padding_last_edited=&#8220;on|phone&#8220; border_color_all_image=&#8220;#EF8B14&#8243; border_width_left_image=&#8220;10px&#8220; border_width_all_image_tablet=&#8220;&#8220; border_width_all_image_phone=&#8220;&#8220; border_width_all_image_last_edited=&#8220;on|phone&#8220; image_max_width=&#8220;150px&#8220; global_colors_info=&#8220;{}&#8220;]Susanne Engel-L\u00f6nser ist Gesch\u00e4ftsf\u00fchrerin und Ausbildungsleiterin des Unternehmens. Sie ist gelernte Kosmetikerin und Fu\u00dfpflegerin. Ein besonderer Meilenstein auf ihrem Weg, w\u00e4hrend ihrer 30-j\u00e4hrigen Selbstst\u00e4ndigkeit, ist ihre Ausbildung zur Heilpraktikerin. Sie hat gegen alle Wiederst\u00e4nde und Vorurteile die Kurzzeitintensiv-Konzepte der Fu\u00dfpflege und Kosmetik entwickelt und so unz\u00e4hligen Frauen geholfen ihren Traum der Selbstst\u00e4ndigkeit zu leben.[\/et_pb_blurb][\/et_pb_column][et_pb_column type=&#8220;1_2&#8243; _builder_version=&#8220;4.16&#8243; _module_preset=&#8220;default&#8220; z_index=&#8220;10&#8243; custom_padding_tablet=&#8220;|30px||30px|true|true&#8220; custom_padding_phone=&#8220;20px|20px|20px|20px|true|true&#8220; custom_padding_last_edited=&#8220;off|desktop&#8220; animation_style=&#8220;slide&#8220; animation_direction=&#8220;top&#8220; animation_delay=&#8220;150ms&#8220; animation_intensity_slide=&#8220;4%&#8220; global_colors_info=&#8220;{}&#8220;][et_pb_blurb title=&#8220;SPEZIALISIERUNG: Kurzzeit-Intensivausbildung&#8220; content_max_width=&#8220;100%&#8220; _builder_version=&#8220;4.16&#8243; _module_preset=&#8220;default&#8220; header_font=&#8220;|700||on|||||&#8220; header_text_color=&#8220;#EF8B14&#8243; header_font_size=&#8220;18px&#8220; header_line_height=&#8220;1.3em&#8220; body_font=&#8220;||||||||&#8220; body_font_size=&#8220;15px&#8220; background_color=&#8220;#FFFFFF&#8220; custom_padding=&#8220;20px|30px|20px|30px|true|true&#8220; custom_padding_tablet=&#8220;&#8220; custom_padding_phone=&#8220;|20px||20px|true|true&#8220; custom_padding_last_edited=&#8220;on|desktop&#8220; animation=&#8220;off&#8220; header_font_size_tablet=&#8220;18px&#8220; header_font_size_phone=&#8220;16px&#8220; header_font_size_last_edited=&#8220;on|phone&#8220; body_font_size_tablet=&#8220;&#8220; body_font_size_phone=&#8220;13px&#8220; body_font_size_last_edited=&#8220;on|phone&#8220; border_radii=&#8220;on|20px|20px|20px|20px&#8220; global_colors_info=&#8220;{}&#8220;]<\/p>\n<p><strong>SCHWERPUNKTE:<\/strong> Ganzheitskosmetik, Fu\u00dfpflege &amp; Massage<\/p>\n<p><strong>PHILOSOPHIE<\/strong>: In kurzer Zeit mit viel Praxis Qualit\u00e4t erreichen <strong><\/strong><\/p>\n<p><strong>MARKETING:<\/strong> Erfolgreich Selbst\u00e4ndig, Starverk\u00e4ufer mit Herz<\/p>\n<p><strong>TRAINING:<\/strong> Erfolgreich als Kosmetiker\/in &amp; Fu\u00dfpfleger\/in<\/p>\n<p><strong>ERFOLGE:<\/strong> Erfolgreiche Sch\u00fcler in ganz EUROPA und der Schweiz<\/p>\n<p><strong>TEAM:<\/strong> Kompetent und erfahren &#8211; auf ihrem jeweiligen Gebiet URHEBERIN &amp; VORREITERIN DER KURZZEIT-INTENSIVAUSBILDUNG<\/p>\n<p>[\/et_pb_blurb][\/et_pb_column][\/et_pb_row][\/et_pb_section]<\/p>\n","protected":false},"excerpt":{"rendered":"<p>wir \u00fcber unsDas Geheimnis unseres ErfolgesSeit 1985 ist die Cosmeda\u00ae Kosmetikschule spezialisiert auf Intensivausbildungen im Bereich der Kosmetik und Fu\u00dfpflege. Die Urheberin Susanne Engel-L\u00f6nser entwickelte diese Kurzzeitintensiv &#8211; Ausbildungsform mit viel Liebe zum Detail. In einem Ganztagsschulkonzept wird in k\u00fcrzester Zeit mit einem H\u00f6chstma\u00df an Praxistraining rund um die Kosmetik ausgebildet. Das Lehrkonzept von Cosmeda\u00ae hebt sich durch die praxisnahe Ausbildung deutlich von den konventionellen Ausbildungsformen ab und bietet den Absolventen so eine au\u00dfergew\u00f6hnliche Berufschance.F\u00fcr eine hochkar\u00e4tige Ausbildung &#8211; aus der Praxis f\u00fcr die Praxis &#8211; stehen den Teilnehmer\/innen \u00fcber 500 Modellkunden zur Verf\u00fcgung. Das Lehrkonzept ist absolut handwerklich ausgerichtet, sodass die Teilnehmer\/innen nach Abschluss einer Ausbildung im Bereich der Kosmetik und Fu\u00dfpflege ohne gro\u00dfen Kapitalaufwand sicher Fu\u00df fassen und in die Selbstst\u00e4ndigkeit starten k\u00f6nnen. Aber auch als Mitarbeiter\/in ist man mit einer Cosmeda\u00ae Urkunde sehr gefragt. Der hohe Bekanntheitsgrad von Cosmeda\u00ae \u00f6ffnet den Absolventen nicht nur europaweit T\u00fcren in namhafte Institute, Hotels, Wellness und Sch\u00f6nheitsfarmen, viele Absolventinnen arbeiten bpsw.auch in Dubai, \u00c4gypten, dem Iran, Australien und den USA sehr erfolgreich. Cosmeda\u00ae ist daf\u00fcr bekannt neueste Trends rund um das Berufsbild der Kosmetik und Fu\u00dfpflege zu vermitteln und hat sich so auch in angesehenen Leading Hotels einen Namen gemacht.Die ganzheitlich- [&hellip;]<\/p>\n","protected":false},"author":1,"featured_media":0,"parent":0,"menu_order":0,"comment_status":"closed","ping_status":"closed","template":"","meta":{"_et_pb_use_builder":"on","_et_pb_old_content":"","_et_gb_content_width":"","footnotes":""},"class_list":["post-327736","page","type-page","status-publish","hentry"],"_links":{"self":[{"href":"https:\/\/shop.cosmeda-akademie.de\/en\/wp-json\/wp\/v2\/pages\/327736","targetHints":{"allow":["GET"]}}],"collection":[{"href":"https:\/\/shop.cosmeda-akademie.de\/en\/wp-json\/wp\/v2\/pages"}],"about":[{"href":"https:\/\/shop.cosmeda-akademie.de\/en\/wp-json\/wp\/v2\/types\/page"}],"author":[{"embeddable":true,"href":"https:\/\/shop.cosmeda-akademie.de\/en\/wp-json\/wp\/v2\/users\/1"}],"replies":[{"embeddable":true,"href":"https:\/\/shop.cosmeda-akademie.de\/en\/wp-json\/wp\/v2\/comments?post=327736"}],"version-history":[{"count":5,"href":"https:\/\/shop.cosmeda-akademie.de\/en\/wp-json\/wp\/v2\/pages\/327736\/revisions"}],"predecessor-version":[{"id":329438,"href":"https:\/\/shop.cosmeda-akademie.de\/en\/wp-json\/wp\/v2\/pages\/327736\/revisions\/329438"}],"wp:attachment":[{"href":"https:\/\/shop.cosmeda-akademie.de\/en\/wp-json\/wp\/v2\/media?parent=327736"}],"curies":[{"name":"wp","href":"https:\/\/api.w.org\/{rel}","templated":true}]}}