{"id":327842,"date":"2021-10-06T16:52:52","date_gmt":"2021-10-06T14:52:52","guid":{"rendered":"https:\/\/cosmeda-akademie.de\/?page_id=327842"},"modified":"2026-03-27T18:11:55","modified_gmt":"2026-03-27T17:11:55","slug":"impressum","status":"publish","type":"page","link":"https:\/\/shop.cosmeda-akademie.de\/en\/impressum\/","title":{"rendered":"imprint"},"content":{"rendered":"<p>[et_pb_section fb_built=&#8220;1&#8243; _builder_version=&#8220;4.16&#8243; _module_preset=&#8220;default&#8220; global_colors_info=&#8220;{}&#8220;][et_pb_row _builder_version=&#8220;4.16&#8243; _module_preset=&#8220;default&#8220; global_colors_info=&#8220;{}&#8220;][et_pb_column type=&#8220;4_4&#8243; _builder_version=&#8220;4.16&#8243; _module_preset=&#8220;default&#8220; global_colors_info=&#8220;{}&#8220;][et_pb_text _builder_version=&#8220;4.16&#8243; _dynamic_attributes=&#8220;content&#8220; _module_preset=&#8220;default&#8220; global_colors_info=&#8220;{}&#8220;]@ET-DC@eyJkeW5hbWljIjp0cnVlLCJjb250ZW50IjoicG9zdF90aXRsZSIsInNldHRpbmdzIjp7ImJlZm9yZSI6IjxoMT4iLCJhZnRlciI6IjwvaDE+In19@[\/et_pb_text][et_pb_text _builder_version=&#8220;4.16&#8243; _module_preset=&#8220;default&#8220; header_text_color=&#8220;#000000&#8243; header_font_size=&#8220;25px&#8220; header_line_height=&#8220;1.6em&#8220; custom_margin=&#8220;||14px|||&#8220; header_font_size_tablet=&#8220;22px&#8220; header_font_size_phone=&#8220;20px&#8220; header_font_size_last_edited=&#8220;on|desktop&#8220; global_colors_info=&#8220;{}&#8220;]<\/p>\n<p>Cosmeda Akademie Hannover<\/p>\n<p>Inhaber:<br \/>Cosmeda Akademie GmbH &amp; Co. KG<\/p>\n<p>Aegidiendamm 3<br \/>30169 Hannover<\/p>\n<p>Diese vertreten durch die<br \/>Cosmeda Verwaltungs GmbH<\/p>\n<p>diese vertreten durch die Gesch\u00e4ftsf\u00fchrerin Susanne Engel-L\u00f6nser.<\/p>\n<p>Verantwortliche:<br \/>Frau Susanne Engel-L\u00f6nser<\/p>\n<p>Registereintrag:<\/p>\n<p>Registergericht: Amtsgericht Hannover<br \/>Registernummer: <span>HRA 206693<\/span><\/p>\n<p>Kontakt<\/p>\n<p>Telefon: 49 (0) 57 51 \u2013 92 15 \u2013 0<br \/>Telefax: 49 (0) 57 51 \u2013 92 15 \u2013 15<\/p>\n<p>E-Mail: info@cosmeda-akademie.de<\/p>\n<p>USt-IdNr.: DE267518637<\/p>\n<p>Die Datenschutzerkl\u00e4rung finden Sie hier.<\/p>\n<p>Verantwortlicher gem\u00e4\u00df \u00a7 55 Abs. 2 RStV (V.i.S.d.P.):<\/p>\n<p>Frau Susanne Engel-L\u00f6nser<\/p>\n<p>ODR-Verordnung \u2013 Plattform der EU zur au\u00dfergerichtlichen Online-Streitbeilegung<\/p>\n<p>Die EU-Kommission hat zur Online-Beilegung von Streitigkeiten zwischen Unternehmern und Verbrauchern eine Internetplattform (OS-Plattform) unter http:\/\/ec.europa.eu\/consumers\/odr\/ eingerichtet.<br \/>Wir sind weder verpflichtet noch bereit, an einem Streitbeilegungsverfahren vor einer Verbraucherschlichtungsstelle teilzunehmen.<\/p>\n<p>Urheber- und Kennzeichenrecht<\/p>\n<p>Die Darstellungen und Inhalte auf den Seiten der Domain: <a href=\"www.cosmeda-akademie.de\">cosmeda-akademie.de<\/a> sind urheberrechtlich gesch\u00fctzt. Unbefugte Vervielf\u00e4ltigung, Bearbeitung, Weiterverwendung oder Darstellung kann ohne die schriftliche Zustimmung des jeweiligen Autors bzw. Erstellers gegen Urheberrechte versto\u00dfen und somit zu strafrechtlichen wie zivilrechtlichen Sanktionen f\u00fchren. Downloads und Kopien dieser Seite sind nur f\u00fcr den privaten, nicht kommerziellen Gebrauch gestattet. Der Nutzung von im Rahmen der Impressumspflicht ver\u00f6ffentlichten Kontaktdaten durch Dritte zur \u00dcbersendung von nicht ausdr\u00fccklich angeforderter Werbung und Informationsmaterialien wird hiermit ausdr\u00fccklich widersprochen. Der Betreiber der Seiten beh\u00e4lt sich ausdr\u00fccklich rechtliche Schritte im Falle der unverlangten Zusendung von Werbeinformationen, etwa durch Spam-Mails, vor. Als Diensteanbieter ist die Cosmeda Akademie in Hannover gem\u00e4\u00df \u00a7\u00a7 2, 7 I, II TMG f\u00fcr eigene Inhalte auf diesen Seiten nach allgemeinen Gesetzen verantwortlich. Als Diensteanbieter ist die Cosmeda Akademie jedoch nicht verpflichtet, die von Ihnen \u00fcbermittelten oder gespeicherten fremden Informationen zu \u00fcberwachen oder nach Umst\u00e4nden zu forschen, die auf eine rechtswidrige T\u00e4tigkeit hinweisen. Verpflichtungen zur Entfernung oder Sperrung der Nutzung von Informationen nach den allgemeinen Gesetzen bleiben hiervon unber\u00fchrt. Eine diesbez\u00fcgliche Haftung ist jedoch erst ab dem Zeitpunkt der Kenntnis einer konkreten Rechtsverletzung m\u00f6glich. Bei bekannt werden von entsprechenden Rechtsverletzungen werden wir diese Inhalte umgehend entfernen.<\/p>\n<p>Rechtswirksamkeit dieses Haftungsausschlusses<\/p>\n<p>Dieser Haftungsausschluss ist als Teil des Internetangebotes zu betrachten, von dem aus auf diese Seite verwiesen wurde. Sofern Teile oder einzelne Formulierungen dieses Textes der geltenden Rechtslage nicht, nicht mehr oder nicht vollst\u00e4ndig entsprechen sollten, bleiben die \u00fcbrigen Teile des Dokumentes in ihrem Inhalt und ihrer G\u00fcltigkeit davon unber\u00fchrt.<\/p>\n<p>&nbsp;<\/p>\n<p>Mit freundlicher Unterst\u00fctzung der Kanzlei Stich : id-law \u2013 Rechtsanwalt Rolf H. Stich<br \/>aus Rinteln f\u00fcr IT- und Medienrecht, Arbeitsrecht, Vertragsrecht und mehr.<\/p>\n<p>&nbsp;<\/p>\n<p>[\/et_pb_text][\/et_pb_column][\/et_pb_row][\/et_pb_section]<\/p>\n","protected":false},"excerpt":{"rendered":"<p>Cosmeda Akademie Hannover Inhaber:Cosmeda Akademie GmbH &amp; Co. KG Aegidiendamm 330169 Hannover Diese vertreten durch dieCosmeda Verwaltungs GmbH diese vertreten durch die Gesch\u00e4ftsf\u00fchrerin Susanne Engel-L\u00f6nser. Verantwortliche:Frau Susanne Engel-L\u00f6nser Registereintrag: Registergericht: Amtsgericht HannoverRegisternummer: HRA 206693 Kontakt Telefon: 49 (0) 57 51 \u2013 92 15 \u2013 0Telefax: 49 (0) 57 51 \u2013 92 15 \u2013 15 E-Mail: info@cosmeda-akademie.de USt-IdNr.: DE267518637 Die Datenschutzerkl\u00e4rung finden Sie hier. Verantwortlicher gem\u00e4\u00df \u00a7 55 Abs. 2 RStV (V.i.S.d.P.): Frau Susanne Engel-L\u00f6nser ODR-Verordnung \u2013 Plattform der EU zur au\u00dfergerichtlichen Online-Streitbeilegung Die EU-Kommission hat zur Online-Beilegung von Streitigkeiten zwischen Unternehmern und Verbrauchern eine Internetplattform (OS-Plattform) unter http:\/\/ec.europa.eu\/consumers\/odr\/ eingerichtet.Wir sind weder verpflichtet noch bereit, an einem Streitbeilegungsverfahren vor einer Verbraucherschlichtungsstelle teilzunehmen. Urheber- und Kennzeichenrecht Die Darstellungen und Inhalte auf den Seiten der Domain: cosmeda-akademie.de sind urheberrechtlich gesch\u00fctzt. Unbefugte Vervielf\u00e4ltigung, Bearbeitung, Weiterverwendung oder Darstellung kann ohne die schriftliche Zustimmung des jeweiligen Autors bzw. Erstellers gegen Urheberrechte versto\u00dfen und somit zu strafrechtlichen wie zivilrechtlichen Sanktionen f\u00fchren. Downloads und Kopien dieser Seite sind nur f\u00fcr den privaten, nicht kommerziellen Gebrauch gestattet. Der Nutzung von im Rahmen der Impressumspflicht ver\u00f6ffentlichten Kontaktdaten durch Dritte zur \u00dcbersendung von nicht ausdr\u00fccklich angeforderter Werbung und Informationsmaterialien wird hiermit ausdr\u00fccklich widersprochen. Der Betreiber der Seiten beh\u00e4lt sich ausdr\u00fccklich rechtliche [&hellip;]<\/p>\n","protected":false},"author":1,"featured_media":0,"parent":0,"menu_order":0,"comment_status":"closed","ping_status":"closed","template":"","meta":{"_et_pb_use_builder":"on","_et_pb_old_content":"","_et_gb_content_width":"","footnotes":""},"class_list":["post-327842","page","type-page","status-publish","hentry"],"_links":{"self":[{"href":"https:\/\/shop.cosmeda-akademie.de\/en\/wp-json\/wp\/v2\/pages\/327842","targetHints":{"allow":["GET"]}}],"collection":[{"href":"https:\/\/shop.cosmeda-akademie.de\/en\/wp-json\/wp\/v2\/pages"}],"about":[{"href":"https:\/\/shop.cosmeda-akademie.de\/en\/wp-json\/wp\/v2\/types\/page"}],"author":[{"embeddable":true,"href":"https:\/\/shop.cosmeda-akademie.de\/en\/wp-json\/wp\/v2\/users\/1"}],"replies":[{"embeddable":true,"href":"https:\/\/shop.cosmeda-akademie.de\/en\/wp-json\/wp\/v2\/comments?post=327842"}],"version-history":[{"count":9,"href":"https:\/\/shop.cosmeda-akademie.de\/en\/wp-json\/wp\/v2\/pages\/327842\/revisions"}],"predecessor-version":[{"id":329661,"href":"https:\/\/shop.cosmeda-akademie.de\/en\/wp-json\/wp\/v2\/pages\/327842\/revisions\/329661"}],"wp:attachment":[{"href":"https:\/\/shop.cosmeda-akademie.de\/en\/wp-json\/wp\/v2\/media?parent=327842"}],"curies":[{"name":"wp","href":"https:\/\/api.w.org\/{rel}","templated":true}]}}