{"id":327854,"date":"2021-10-06T19:24:10","date_gmt":"2021-10-06T17:24:10","guid":{"rendered":"https:\/\/cosmeda-akademie.de\/?page_id=327854"},"modified":"2024-10-20T08:42:35","modified_gmt":"2024-10-20T06:42:35","slug":"med-kosmetik","status":"publish","type":"page","link":"https:\/\/shop.cosmeda-akademie.de\/en\/med-kosmetik\/","title":{"rendered":"Medical cosmetics"},"content":{"rendered":"<p>[et_pb_section fb_built=&#8220;1&#8243; custom_padding_last_edited=&#8220;on|phone&#8220; module_class=&#8220;dtb-mobile-parallax&#8220; _builder_version=&#8220;4.16&#8243; _module_preset=&#8220;default&#8220; background_image=&#8220;https:\/\/shop.cosmeda-akademie.de\/wp-content\/uploads\/2021\/10\/Beauty-treatment.jpg&#8220; custom_padding=&#8220;130px||130px||true|false&#8220; custom_padding_tablet=&#8220;100px||100px||true|false&#8220; custom_padding_phone=&#8220;70px||70px||true|false&#8220; custom_css_main_element=&#8220;background-attachment: fixed;||background-repeat: no-repeat;||background-size: cover;||background-position: top center;&#8220; global_colors_info=&#8220;{}&#8220;][et_pb_row _builder_version=&#8220;4.16&#8243; _module_preset=&#8220;default&#8220; background_color=&#8220;rgba(0,0,0,0.27)&#8220; max_width=&#8220;700px&#8220; module_alignment=&#8220;center&#8220; custom_padding=&#8220;15px||15px||true|false&#8220; animation_style=&#8220;slide&#8220; animation_delay=&#8220;150ms&#8220; animation_intensity_slide=&#8220;4%&#8220; global_colors_info=&#8220;{}&#8220;][et_pb_column type=&#8220;4_4&#8243; _builder_version=&#8220;4.16&#8243; _module_preset=&#8220;default&#8220; global_colors_info=&#8220;{}&#8220;][et_pb_text _builder_version=&#8220;4.16&#8243; _dynamic_attributes=&#8220;content&#8220; _module_preset=&#8220;default&#8220; header_font=&#8220;||||||||&#8220; header_text_align=&#8220;center&#8220; header_text_color=&#8220;#FFFFFF&#8220; header_font_size=&#8220;40px&#8220; header_font_size_tablet=&#8220;35px&#8220; header_font_size_phone=&#8220;23px&#8220; header_font_size_last_edited=&#8220;on|desktop&#8220; global_colors_info=&#8220;{}&#8220;]@ET-DC@eyJkeW5hbWljIjp0cnVlLCJjb250ZW50IjoicG9zdF90aXRsZSIsInNldHRpbmdzIjp7ImJlZm9yZSI6IjxoMT4iLCJhZnRlciI6IjwvaDE+In19@[\/et_pb_text][\/et_pb_column][\/et_pb_row][\/et_pb_section][et_pb_section fb_built=&#8220;1&#8243; _builder_version=&#8220;4.16&#8243; _module_preset=&#8220;default&#8220; use_background_color_gradient=&#8220;on&#8220; background_color_gradient_direction=&#8220;90deg&#8220; background_color_gradient_stops=&#8220;#ffffff 98%|#ef8b14 98%&#8220; background_color_gradient_start=&#8220;#ffffff&#8220; background_color_gradient_start_position=&#8220;98%&#8220; background_color_gradient_end=&#8220;#ef8b14&#8243; background_color_gradient_end_position=&#8220;2%&#8220; global_colors_info=&#8220;{}&#8220;][et_pb_row _builder_version=&#8220;4.16&#8243; _module_preset=&#8220;default&#8220; global_colors_info=&#8220;{}&#8220;][et_pb_column type=&#8220;4_4&#8243; _builder_version=&#8220;4.16&#8243; _module_preset=&#8220;default&#8220; global_colors_info=&#8220;{}&#8220;][et_pb_text _builder_version=&#8220;4.16&#8243; _module_preset=&#8220;default&#8220; header_2_text_align=&#8220;center&#8220; text_orientation=&#8220;center&#8220; custom_margin=&#8220;||5px|||&#8220; header_2_font_size_tablet=&#8220;22px&#8220; header_2_font_size_phone=&#8220;18px&#8220; header_2_font_size_last_edited=&#8220;on|desktop&#8220; global_colors_info=&#8220;{}&#8220;]<\/p>\n<h2>Ausbildungsablauf der Med. Kosmetik<\/h2>\n<p>[\/et_pb_text][et_pb_divider divider_weight=&#8220;2px&#8220; _builder_version=&#8220;4.16&#8243; _module_preset=&#8220;default&#8220; width=&#8220;150px&#8220; module_alignment=&#8220;center&#8220; custom_margin=&#8220;||0px||false|false&#8220; global_colors_info=&#8220;{}&#8220;][\/et_pb_divider][\/et_pb_column][\/et_pb_row][et_pb_row column_structure=&#8220;1_2,1_2&#8243; gutter_width=&#8220;1&#8243; module_class=&#8220;reverse-columns-mobile&#8220; _builder_version=&#8220;4.16&#8243; _module_preset=&#8220;default&#8220; global_colors_info=&#8220;{}&#8220;][et_pb_column type=&#8220;1_2&#8243; module_class=&#8220;vertical-align&#8220; _builder_version=&#8220;4.16&#8243; _module_preset=&#8220;default&#8220; custom_padding=&#8220;40px|40px|40px|40px|false|false&#8220; animation_style=&#8220;slide&#8220; animation_direction=&#8220;left&#8220; animation_delay=&#8220;150ms&#8220; animation_intensity_slide=&#8220;4%&#8220; box_shadow_style=&#8220;preset2&#8243; box_shadow_horizontal=&#8220;3px&#8220; box_shadow_vertical=&#8220;3px&#8220; box_shadow_blur=&#8220;9px&#8220; global_colors_info=&#8220;{}&#8220;][dsm_dual_heading before_text=&#8220;1.&#8220; middle_text=&#8220; Das Theoretische-Fachwissen&#8220; before_background_color=&#8220;#EF8B14&#8243; before_padding=&#8220;10px|10px|10px|10px|true|true&#8220; _builder_version=&#8220;4.12.1&#8243; _module_preset=&#8220;default&#8220; header_font_size=&#8220;20px&#8220; before_font=&#8220;|700|||||||&#8220; before_text_color=&#8220;#FFFFFF&#8220; middle_text_color=&#8220;#6B675C&#8220; custom_margin=&#8220;||7px|||&#8220; hover_enabled=&#8220;0&#8243; global_colors_info=&#8220;{}&#8220; sticky_enabled=&#8220;0&#8243; _i=&#8220;0&#8243; _address=&#8220;1.1.0.0&#8243; \/][et_pb_blurb content_max_width=&#8220;100%&#8220; _builder_version=&#8220;4.16&#8243; _module_preset=&#8220;default&#8220; header_font=&#8220;|700|||||||&#8220; header_text_color=&#8220;#EF8B14&#8243; body_font_size=&#8220;16px&#8220; global_colors_info=&#8220;{}&#8220;]Das theoretische Basiswissen, womit Sie sich zu Hause schon eingelesen haben, wird Ihnen nun mit vielen praktischen Beispielen und modernsten Pr\u00e4sentationstechniken leicht ver- st\u00e4ndlich vermittelt. Sie haben die M\u00f6glichkeit Fragen anzubringen und das Gelernte zu ver- tiefen. Die Theorie ist unmittelbar mit der Praxis vernetzt. Unz\u00e4hlige Fallbeispiele sorgen f\u00fcr eine leichte Umsetzung.[\/et_pb_blurb][\/et_pb_column][et_pb_column type=&#8220;1_2&#8243; _builder_version=&#8220;4.16&#8243; _module_preset=&#8220;default&#8220; background_image=&#8220;https:\/\/shop.cosmeda-akademie.de\/wp-content\/uploads\/2021\/11\/Hydrafacial.jpg&#8220; global_colors_info=&#8220;{}&#8220;][et_pb_divider show_divider=&#8220;off&#8220; _builder_version=&#8220;4.16&#8243; _module_preset=&#8220;default&#8220; height=&#8220;400px&#8220; height_tablet=&#8220;300px&#8220; height_phone=&#8220;200px&#8220; height_last_edited=&#8220;on|desktop&#8220; global_colors_info=&#8220;{}&#8220;][\/et_pb_divider][\/et_pb_column][\/et_pb_row][et_pb_row column_structure=&#8220;1_2,1_2&#8243; gutter_width=&#8220;1&#8243; _builder_version=&#8220;4.16&#8243; _module_preset=&#8220;default&#8220; global_colors_info=&#8220;{}&#8220;][et_pb_column type=&#8220;1_2&#8243; _builder_version=&#8220;4.16&#8243; _module_preset=&#8220;default&#8220; background_image=&#8220;https:\/\/shop.cosmeda-akademie.de\/wp-content\/uploads\/2021\/12\/Med-Kosmetik.jpeg&#8220; global_colors_info=&#8220;{}&#8220;][et_pb_divider show_divider=&#8220;off&#8220; disabled_on=&#8220;off|off|off&#8220; _builder_version=&#8220;4.16&#8243; _module_preset=&#8220;default&#8220; height=&#8220;400px&#8220; height_tablet=&#8220;300px&#8220; height_phone=&#8220;200px&#8220; height_last_edited=&#8220;on|desktop&#8220; global_colors_info=&#8220;{}&#8220;][\/et_pb_divider][\/et_pb_column][et_pb_column type=&#8220;1_2&#8243; module_class=&#8220;vertical-align&#8220; _builder_version=&#8220;4.16&#8243; _module_preset=&#8220;default&#8220; custom_padding=&#8220;40px|40px|40px|40px|false|false&#8220; animation_style=&#8220;slide&#8220; animation_direction=&#8220;right&#8220; animation_delay=&#8220;150ms&#8220; animation_intensity_slide=&#8220;4%&#8220; box_shadow_style=&#8220;preset2&#8243; box_shadow_horizontal=&#8220;3px&#8220; box_shadow_vertical=&#8220;3px&#8220; box_shadow_blur=&#8220;9px&#8220; global_colors_info=&#8220;{}&#8220;][dsm_dual_heading before_text=&#8220;2.&#8220; middle_text=&#8220; Das Praktische-Fachwissen&#8220; before_background_color=&#8220;#EF8B14&#8243; before_padding=&#8220;10px|10px|10px|10px|true|true&#8220; _builder_version=&#8220;4.12.1&#8243; _module_preset=&#8220;default&#8220; header_font_size=&#8220;20px&#8220; before_font=&#8220;|700|||||||&#8220; before_text_color=&#8220;#FFFFFF&#8220; middle_text_color=&#8220;#6B675C&#8220; custom_margin=&#8220;||7px|||&#8220; hover_enabled=&#8220;0&#8243; global_colors_info=&#8220;{}&#8220; sticky_enabled=&#8220;0&#8243; _i=&#8220;0&#8243; _address=&#8220;1.2.1.0&#8243; \/][et_pb_blurb content_max_width=&#8220;100%&#8220; _builder_version=&#8220;4.16&#8243; _module_preset=&#8220;default&#8220; header_font=&#8220;|700|||||||&#8220; header_text_color=&#8220;#EF8B14&#8243; body_font_size=&#8220;16px&#8220; global_colors_info=&#8220;{}&#8220;]Jetzt wird es spannend. Endlich d\u00fcrfen Sie selbst Hand anlegen. Durch gegenseitiges Arbeiten erleben Sie die Kosmetik nun \u201ehautnah\u201c, in allen praktischen Einzelheiten. Durch die Anwen- dungen erfahren Sie zun\u00e4chst selbst, wie sich eine professionelle Behandlung anf\u00fchlt. Bevor Sie auf unsere lieben Modelle losgelassen werden, studieren Sie alle Behandlungstech- niken bis zur Perfektion ein. So k\u00f6nnen Sie die erlernten Techniken vertiefen und Vertrauen in Ihre neuen Fertigkeiten gewinnen.[\/et_pb_blurb][\/et_pb_column][\/et_pb_row][et_pb_row column_structure=&#8220;1_2,1_2&#8243; gutter_width=&#8220;1&#8243; module_class=&#8220;reverse-columns-mobile&#8220; _builder_version=&#8220;4.16&#8243; _module_preset=&#8220;default&#8220; global_colors_info=&#8220;{}&#8220;][et_pb_column type=&#8220;1_2&#8243; module_class=&#8220;vertical-align&#8220; _builder_version=&#8220;4.16&#8243; _module_preset=&#8220;default&#8220; custom_padding=&#8220;40px|40px|40px|40px|false|false&#8220; animation_style=&#8220;slide&#8220; animation_direction=&#8220;left&#8220; animation_delay=&#8220;150ms&#8220; animation_intensity_slide=&#8220;4%&#8220; box_shadow_style=&#8220;preset2&#8243; box_shadow_horizontal=&#8220;3px&#8220; box_shadow_vertical=&#8220;3px&#8220; box_shadow_blur=&#8220;9px&#8220; global_colors_info=&#8220;{}&#8220;][dsm_dual_heading before_text=&#8220;Die 3.&#8220; middle_text=&#8220; Das Praktische-Arbeiten&#8220; before_background_color=&#8220;#EF8B14&#8243; before_padding=&#8220;10px|10px|10px|10px|true|true&#8220; _builder_version=&#8220;4.12.1&#8243; _module_preset=&#8220;default&#8220; header_font_size=&#8220;20px&#8220; before_font=&#8220;|700|||||||&#8220; before_text_color=&#8220;#FFFFFF&#8220; middle_text_color=&#8220;#6B675C&#8220; custom_margin=&#8220;||7px|||&#8220; hover_enabled=&#8220;0&#8243; global_colors_info=&#8220;{}&#8220; sticky_enabled=&#8220;0&#8243; _i=&#8220;0&#8243; _address=&#8220;1.3.0.0&#8243; \/][et_pb_blurb content_max_width=&#8220;100%&#8220; _builder_version=&#8220;4.16&#8243; _module_preset=&#8220;default&#8220; header_font=&#8220;|700|||||||&#8220; header_text_color=&#8220;#EF8B14&#8243; body_font_size=&#8220;16px&#8220; global_colors_info=&#8220;{}&#8220;]Endlich ist es so weit, die Modelle warten auf Sie und wir gehen mit Spa\u00df und Begeis- terung an die Arbeit. Unz\u00e4hlige Damen und Herren mit den unterschiedlichsten Haut- konstitutionen wie z.B. trockene, irritierte und empfindliche Haut und auch Menschen mit krankhaften Hauterscheinungen, wie z.B. der Schuppenflechte (Psoriasis), freuen sich, auf eine lindernde und entspannende Behandlung von Ihnen. Unsere lieben Kunden mit Hautpro- blemen sind uns dankbar, dass wir ihre Unrein- heiten (Akne) entfernen. Die Abl\u00e4ufe gehen Ihnen jetzt schon recht flott von der Hand.<\/p>\n<p>Jede einzelne Sch\u00fclerin setzt nun das Gelernte in die Praxis um und macht damit die ersten eigenen Erfahrungen.<\/p>\n<p>Selbstverst\u00e4ndlich sind unsere jahrzehntelang erfahrenen Fachtrainer an Ihrer Seite und st\u00e4r- ken Ihnen den R\u00fccken. Ihre zuk\u00fcnftigen Kun- den werden von dem Behandlungsablauf und dem damit verbundenen Qualit\u00e4tsstandard begeistert sein.[\/et_pb_blurb][\/et_pb_column][et_pb_column type=&#8220;1_2&#8243; _builder_version=&#8220;4.16&#8243; _module_preset=&#8220;default&#8220; background_image=&#8220;https:\/\/shop.cosmeda-akademie.de\/wp-content\/uploads\/2021\/11\/Microdermabrasion.jpeg&#8220; global_colors_info=&#8220;{}&#8220;][et_pb_divider show_divider=&#8220;off&#8220; _builder_version=&#8220;4.16&#8243; _module_preset=&#8220;default&#8220; height=&#8220;400px&#8220; height_tablet=&#8220;300px&#8220; height_phone=&#8220;200px&#8220; height_last_edited=&#8220;on|desktop&#8220; global_colors_info=&#8220;{}&#8220;][\/et_pb_divider][\/et_pb_column][\/et_pb_row][\/et_pb_section][et_pb_section fb_built=&#8220;1&#8243; module_class=&#8220;dtb-mobile-parallax&#8220; _builder_version=&#8220;4.16&#8243; _module_preset=&#8220;default&#8220; background_image=&#8220;https:\/\/shop.cosmeda-akademie.de\/wp-content\/uploads\/2021\/10\/cosmeda-broschuere-1214_2mail-Copy.jpg&#8220; parallax=&#8220;on&#8220; parallax_method=&#8220;off&#8220; custom_padding=&#8220;0px||0px||true|false&#8220; background_last_edited=&#8220;on|tablet&#8220; background_image_tablet=&#8220;https:\/\/shop.cosmeda-akademie.de\/wp-content\/uploads\/2021\/10\/cosmeda-broschuere-1214_2mail-1.jpg&#8220; background_enable_image_tablet=&#8220;on&#8220; parallax_tablet=&#8220;off&#8220; custom_css_main_element=&#8220;background-attachment: fixed;||background-repeat: no-repeat;||background-size: cover;||background-position: top center;&#8220; global_colors_info=&#8220;{}&#8220;][et_pb_row column_structure=&#8220;1_2,1_2&#8243; gutter_width=&#8220;1&#8243; _builder_version=&#8220;4.16&#8243; _module_preset=&#8220;default&#8220; background_enable_image=&#8220;off&#8220; width=&#8220;100%&#8220; max_width=&#8220;100%&#8220; custom_padding=&#8220;0px||0px||true|false&#8220; global_colors_info=&#8220;{}&#8220;][et_pb_column type=&#8220;1_2&#8243; _builder_version=&#8220;4.16&#8243; _module_preset=&#8220;default&#8220; background_enable_image=&#8220;off&#8220; parallax=&#8220;on&#8220; parallax_method=&#8220;off&#8220; global_colors_info=&#8220;{}&#8220;][et_pb_divider show_divider=&#8220;off&#8220; _builder_version=&#8220;4.16&#8243; _module_preset=&#8220;default&#8220; height=&#8220;400px&#8220; height_tablet=&#8220;300px&#8220; height_phone=&#8220;250px&#8220; height_last_edited=&#8220;on|phone&#8220; background_last_edited=&#8220;on|tablet&#8220; background_image_tablet=&#8220;https:\/\/shop.cosmeda-akademie.de\/wp-content\/uploads\/2021\/10\/cosmeda-broschuere-1214_2mail-1.jpg&#8220; background_enable_image_tablet=&#8220;on&#8220; global_colors_info=&#8220;{}&#8220;][\/et_pb_divider][\/et_pb_column][et_pb_column type=&#8220;1_2&#8243; _builder_version=&#8220;4.16&#8243; _module_preset=&#8220;default&#8220; background_color=&#8220;#6B675C&#8220; custom_padding=&#8220;50px|50px|50px|50px|false|false&#8220; custom_padding_tablet=&#8220;25px|25px|25px|25px|false|false&#8220; custom_padding_phone=&#8220;25px|25px|25px|25px|true|true&#8220; custom_padding_last_edited=&#8220;on|desktop&#8220; global_colors_info=&#8220;{}&#8220;][et_pb_text _builder_version=&#8220;4.16&#8243; _module_preset=&#8220;default&#8220; text_text_color=&#8220;#FFFFFF&#8220; custom_padding=&#8220;10px||10px||true|false&#8220; global_colors_info=&#8220;{}&#8220;]Unser Pr\u00fcfungsausschuss, dessen Vorsitz einem Facharzt unterliegt, beurteilt Ihr Fach-wissen in schriftlicher und theoretischer Form.<br \/>\nAlle relevanten Einzelsequenzen werden benotet. Ihre praktischen Kenntnisse werden von unseren Praxislehrern nach festgelegten Notenschl\u00fcsseln bewertet.[\/et_pb_text][et_pb_text _builder_version=&#8220;4.16&#8243; _module_preset=&#8220;default&#8220; text_text_color=&#8220;#FFFFFF&#8220; background_color=&#8220;#EF8B14&#8243; custom_padding=&#8220;25px|25px|25px|25px|false|false&#8220; custom_padding_tablet=&#8220;&#8220; custom_padding_phone=&#8220;15px|15px|15px|15px|false|false&#8220; custom_padding_last_edited=&#8220;on|desktop&#8220; global_colors_info=&#8220;{}&#8220;]Nach erfolgreichem Abschluss unserer hochwertigen Ausbildung erhalten Sie einen Qualifikationsnachweis &#8211; ein Zeug- nis und eine Urkunde &#8211; Sie sind nun Kos- metikerIn und d\u00fcrfen auch im Ausland arbeiten.[\/et_pb_text][et_pb_text _builder_version=&#8220;4.16&#8243; _module_preset=&#8220;default&#8220; text_text_color=&#8220;#FFFFFF&#8220; custom_padding=&#8220;10px||||false|false&#8220; global_colors_info=&#8220;{}&#8220;]Eine kleine Abschlussfeier gibt diesem Tag den feierlichen Rahmen.<\/p>\n<p>Durch die effektive, intensive, und praktische Ausbildung sind Sie nun in der Lage, mit der kosmetischen T\u00e4tigkeit am zahlenden Kun- den direkt zu beginnen.[\/et_pb_text][et_pb_text _builder_version=&#8220;4.16&#8243; _module_preset=&#8220;default&#8220; text_text_color=&#8220;#EF8B14&#8243; custom_padding=&#8220;10px||10px||true|false&#8220; global_colors_info=&#8220;{}&#8220;]Der hochwertige Standard von Cosmeda\u00ae gibt Ihnen die Sicherheit und das n\u00f6tige Selbstvertrauen. Dank der Praxistrainings- einheiten an unseren unz\u00e4hligen Modell- Mitgliedern nehmen Sie Erfahrungen mit, f\u00fcr die Sie allein noch Jahre gebraucht h\u00e4t- ten. Aber auch nach der Ausbildung stehen wir Ihnen unterst\u00fctzend zur Seite. Wir helfen und beraten Sie gern, wenn es um Entschei- dungsfragen, wie Ger\u00e4te und Wareneinkauf, Werbung, Rentabilit\u00e4tsberechnungen und Steuerfragen geht. [\/et_pb_text][\/et_pb_column][\/et_pb_row][\/et_pb_section][et_pb_section fb_built=&#8220;1&#8243; _builder_version=&#8220;4.16&#8243; _module_preset=&#8220;default&#8220; background_color=&#8220;#EF8B14&#8243; positioning=&#8220;none&#8220; position_origin_f=&#8220;bottom_center&#8220; max_width=&#8220;80%&#8220; max_width_tablet=&#8220;100%&#8220; max_width_phone=&#8220;&#8220; max_width_last_edited=&#8220;on|desktop&#8220; module_alignment=&#8220;center&#8220; display_conditions=&#8220;W10=&#8220; custom_margin=&#8220;50px||50px||true|false&#8220; custom_margin_tablet=&#8220;&#8220; custom_margin_phone=&#8220;50px||50px||true|false&#8220; custom_margin_last_edited=&#8220;on|desktop&#8220; custom_padding=&#8220;0px||0px||true|false&#8220; animation_style=&#8220;slide&#8220; animation_direction=&#8220;bottom&#8220; animation_delay=&#8220;500ms&#8220; animation_intensity_slide=&#8220;4%&#8220; sticky_limit_top=&#8220;body&#8220; sticky_limit_bottom=&#8220;body&#8220; scroll_horizontal_motion=&#8220;0|50|50|100|0|0|2&#8243; global_colors_info=&#8220;{}&#8220;][et_pb_row column_structure=&#8220;1_3,1_3,1_3&#8243; _builder_version=&#8220;4.16&#8243; _module_preset=&#8220;default&#8220; custom_padding=&#8220;10px||10px||true|false&#8220; global_colors_info=&#8220;{}&#8220;][et_pb_column type=&#8220;1_3&#8243; module_class=&#8220;vertical-align&#8220; _builder_version=&#8220;4.16&#8243; _module_preset=&#8220;default&#8220; global_colors_info=&#8220;{}&#8220;][et_pb_wc_title product=&#8220;328055&#8243; _builder_version=&#8220;4.16&#8243; _module_preset=&#8220;default&#8220; header_text_color=&#8220;#FFFFFF&#8220; header_font_size=&#8220;26px&#8220; header_text_align_tablet=&#8220;center&#8220; header_text_align_phone=&#8220;&#8220; header_text_align_last_edited=&#8220;on|desktop&#8220; global_colors_info=&#8220;{}&#8220;][\/et_pb_wc_title][\/et_pb_column][et_pb_column type=&#8220;1_3&#8243; module_class=&#8220;vertical-align&#8220; _builder_version=&#8220;4.16&#8243; _module_preset=&#8220;default&#8220; global_colors_info=&#8220;{}&#8220;][et_pb_wc_price product=&#8220;328055&#8243; _builder_version=&#8220;4.16&#8243; _module_preset=&#8220;default&#8220; body_text_color=&#8220;#FFFFFF&#8220; text_orientation=&#8220;center&#8220; text_orientation_tablet=&#8220;&#8220; text_orientation_phone=&#8220;&#8220; text_orientation_last_edited=&#8220;on|desktop&#8220; global_colors_info=&#8220;{}&#8220;][\/et_pb_wc_price][\/et_pb_column][et_pb_column type=&#8220;1_3&#8243; module_class=&#8220;vertical-align&#8220; _builder_version=&#8220;4.16&#8243; _module_preset=&#8220;default&#8220; global_colors_info=&#8220;{}&#8220;][et_pb_wc_add_to_cart product=&#8220;328055&#8243; show_quantity=&#8220;off&#8220; show_stock=&#8220;off&#8220; _builder_version=&#8220;4.16&#8243; _module_preset=&#8220;default&#8220; field_label_text_color=&#8220;#FFFFFF&#8220; custom_button=&#8220;on&#8220; button_text_size=&#8220;18px&#8220; button_text_color=&#8220;#EF8B14&#8243; button_bg_color=&#8220;#FFFFFF&#8220; button_border_color=&#8220;#FFFFFF&#8220; button_use_icon=&#8220;off&#8220; position_origin_a=&#8220;bottom_center&#8220; text_orientation=&#8220;center&#8220; width=&#8220;100%&#8220; text_orientation_tablet=&#8220;center&#8220; text_orientation_phone=&#8220;&#8220; text_orientation_last_edited=&#8220;on|desktop&#8220; body_text_color=&#8220;#FFFFFF&#8220; global_colors_info=&#8220;{}&#8220; button_border_color__hover_enabled=&#8220;on|hover&#8220; button_border_color__hover=&#8220;#6B675C&#8220; button_bg_color__hover_enabled=&#8220;on|hover&#8220; button_bg_color__hover=&#8220;#6B675C&#8220; button_bg_enable_color__hover=&#8220;on&#8220; button_text_color__hover_enabled=&#8220;on|desktop&#8220; button_text_color__hover=&#8220;#FFFFFF&#8220;][\/et_pb_wc_add_to_cart][\/et_pb_column][\/et_pb_row][\/et_pb_section]<\/p>\n","protected":false},"excerpt":{"rendered":"<p>Ausbildungsablauf der Med. Kosmetik<div class=\"et_pb_module dsm_dual_heading dsm_dual_heading_0  et_pb_bg_layout_light\">\n\t\t\t\t\n\t\t\t\t\n\t\t\t\t\n\t\t\t\t\n\t\t\t\t\n\t\t\t\t\n\t\t\t\t<div class=\"et_pb_module_inner\">\n\t\t\t\t\t<h2 class=\"dsm-dual-heading-main et_pb_module_header\"><span class=\"dsm-dual-heading-before\">1.<\/span><span class=\"dsm-dual-heading-middle\"> Das Theoretische-Fachwissen<\/span><\/h2>\n\t\t\t\t<\/div>\n\t\t\t<\/div>Das theoretische Basiswissen, womit Sie sich zu Hause schon eingelesen haben, wird Ihnen nun mit vielen praktischen Beispielen und modernsten Pr\u00e4sentationstechniken leicht ver- st\u00e4ndlich vermittelt. Sie haben die M\u00f6glichkeit Fragen anzubringen und das Gelernte zu ver- tiefen. Die Theorie ist unmittelbar mit der Praxis vernetzt. Unz\u00e4hlige Fallbeispiele sorgen f\u00fcr eine leichte Umsetzung.<div class=\"et_pb_module dsm_dual_heading dsm_dual_heading_1  et_pb_bg_layout_light\">\n\t\t\t\t\n\t\t\t\t\n\t\t\t\t\n\t\t\t\t\n\t\t\t\t\n\t\t\t\t\n\t\t\t\t<div class=\"et_pb_module_inner\">\n\t\t\t\t\t<h2 class=\"dsm-dual-heading-main et_pb_module_header\"><span class=\"dsm-dual-heading-before\">2.<\/span><span class=\"dsm-dual-heading-middle\"> Das Praktische-Fachwissen<\/span><\/h2>\n\t\t\t\t<\/div>\n\t\t\t<\/div>Jetzt wird es spannend. Endlich d\u00fcrfen Sie selbst Hand anlegen. Durch gegenseitiges Arbeiten erleben Sie die Kosmetik nun \u201ehautnah\u201c, in allen praktischen Einzelheiten. Durch die Anwen- dungen erfahren Sie zun\u00e4chst selbst, wie sich eine professionelle Behandlung anf\u00fchlt. Bevor Sie auf unsere lieben Modelle losgelassen werden, studieren Sie alle Behandlungstech- niken bis zur Perfektion ein. So k\u00f6nnen Sie die erlernten Techniken vertiefen und Vertrauen in Ihre neuen Fertigkeiten gewinnen.<div class=\"et_pb_module dsm_dual_heading dsm_dual_heading_2  et_pb_bg_layout_light\">\n\t\t\t\t\n\t\t\t\t\n\t\t\t\t\n\t\t\t\t\n\t\t\t\t\n\t\t\t\t\n\t\t\t\t<div class=\"et_pb_module_inner\">\n\t\t\t\t\t<h2 class=\"dsm-dual-heading-main et_pb_module_header\"><span class=\"dsm-dual-heading-before\">Die 3.<\/span><span class=\"dsm-dual-heading-middle\"> Das Praktische-Arbeiten<\/span><\/h2>\n\t\t\t\t<\/div>\n\t\t\t<\/div>Endlich ist es so weit, die Modelle warten auf Sie und wir gehen mit Spa\u00df und Begeis- terung an die Arbeit. [&hellip;]<\/p>\n","protected":false},"author":1,"featured_media":0,"parent":0,"menu_order":0,"comment_status":"closed","ping_status":"closed","template":"","meta":{"_et_pb_use_builder":"on","_et_pb_old_content":"","_et_gb_content_width":"","footnotes":""},"class_list":["post-327854","page","type-page","status-publish","hentry"],"_links":{"self":[{"href":"https:\/\/shop.cosmeda-akademie.de\/en\/wp-json\/wp\/v2\/pages\/327854","targetHints":{"allow":["GET"]}}],"collection":[{"href":"https:\/\/shop.cosmeda-akademie.de\/en\/wp-json\/wp\/v2\/pages"}],"about":[{"href":"https:\/\/shop.cosmeda-akademie.de\/en\/wp-json\/wp\/v2\/types\/page"}],"author":[{"embeddable":true,"href":"https:\/\/shop.cosmeda-akademie.de\/en\/wp-json\/wp\/v2\/users\/1"}],"replies":[{"embeddable":true,"href":"https:\/\/shop.cosmeda-akademie.de\/en\/wp-json\/wp\/v2\/comments?post=327854"}],"version-history":[{"count":10,"href":"https:\/\/shop.cosmeda-akademie.de\/en\/wp-json\/wp\/v2\/pages\/327854\/revisions"}],"predecessor-version":[{"id":329530,"href":"https:\/\/shop.cosmeda-akademie.de\/en\/wp-json\/wp\/v2\/pages\/327854\/revisions\/329530"}],"wp:attachment":[{"href":"https:\/\/shop.cosmeda-akademie.de\/en\/wp-json\/wp\/v2\/media?parent=327854"}],"curies":[{"name":"wp","href":"https:\/\/api.w.org\/{rel}","templated":true}]}}