{"id":327856,"date":"2021-10-06T19:24:23","date_gmt":"2021-10-06T17:24:23","guid":{"rendered":"https:\/\/cosmeda-akademie.de\/?page_id=327856"},"modified":"2021-12-07T23:20:47","modified_gmt":"2021-12-07T22:20:47","slug":"naturkosmetik","status":"publish","type":"page","link":"https:\/\/shop.cosmeda-akademie.de\/en\/naturkosmetik\/","title":{"rendered":"natural cosmetics"},"content":{"rendered":"<p>[et_pb_section fb_built=&#8220;1&#8243; custom_padding_last_edited=&#8220;on|phone&#8220; module_class=&#8220;dtb-mobile-parallax&#8220; _builder_version=&#8220;4.11.2&#8243; _module_preset=&#8220;default&#8220; background_image=&#8220;https:\/\/shop.cosmeda-akademie.de\/wp-content\/uploads\/2021\/09\/shutterstock_1338312176-1-scaled.jpg&#8220; custom_padding=&#8220;130px||130px||true|false&#8220; custom_padding_tablet=&#8220;100px||100px||true|false&#8220; custom_padding_phone=&#8220;100px||100px||true|false&#8220; hover_enabled=&#8220;0&#8243; custom_css_main_element=&#8220;background-attachment: fixed;||background-repeat: no-repeat;||background-size: cover;||background-position: top center;&#8220; global_colors_info=&#8220;{}&#8220; title_text=&#8220;Naturkosmetik Ausbildung&#8220; sticky_enabled=&#8220;0&#8243;][et_pb_row _builder_version=&#8220;4.11.2&#8243; _module_preset=&#8220;default&#8220; background_color=&#8220;rgba(0,0,0,0.27)&#8220; max_width=&#8220;700px&#8220; module_alignment=&#8220;center&#8220; custom_padding=&#8220;15px||15px||true|false&#8220; animation_style=&#8220;slide&#8220; animation_delay=&#8220;150ms&#8220; animation_intensity_slide=&#8220;4%&#8220; global_colors_info=&#8220;{}&#8220;][et_pb_column type=&#8220;4_4&#8243; _builder_version=&#8220;4.11.1&#8243; _module_preset=&#8220;default&#8220; global_colors_info=&#8220;{}&#8220;][et_pb_text _builder_version=&#8220;4.11.1&#8243; _dynamic_attributes=&#8220;content&#8220; _module_preset=&#8220;default&#8220; header_font=&#8220;||||||||&#8220; header_text_align=&#8220;center&#8220; header_text_color=&#8220;#FFFFFF&#8220; header_font_size=&#8220;40px&#8220; header_font_size_tablet=&#8220;35px&#8220; header_font_size_phone=&#8220;23px&#8220; header_font_size_last_edited=&#8220;on|desktop&#8220; global_colors_info=&#8220;{}&#8220;]@ET-DC@eyJkeW5hbWljIjp0cnVlLCJjb250ZW50IjoicG9zdF90aXRsZSIsInNldHRpbmdzIjp7ImJlZm9yZSI6IjxoMT4iLCJhZnRlciI6IjwvaDE+In19@[\/et_pb_text][\/et_pb_column][\/et_pb_row][\/et_pb_section][et_pb_section fb_built=&#8220;1&#8243; _builder_version=&#8220;4.11.1&#8243; _module_preset=&#8220;default&#8220; use_background_color_gradient=&#8220;on&#8220; background_color_gradient_start=&#8220;#ef8b14&#8243; background_color_gradient_end=&#8220;#ffffff&#8220; background_color_gradient_direction=&#8220;90deg&#8220; background_color_gradient_start_position=&#8220;2%&#8220; background_color_gradient_end_position=&#8220;2%&#8220; global_colors_info=&#8220;{}&#8220;][et_pb_row _builder_version=&#8220;4.11.1&#8243; _module_preset=&#8220;default&#8220; global_colors_info=&#8220;{}&#8220;][et_pb_column type=&#8220;4_4&#8243; _builder_version=&#8220;4.11.1&#8243; _module_preset=&#8220;default&#8220; global_colors_info=&#8220;{}&#8220;][et_pb_text _builder_version=&#8220;4.11.1&#8243; _module_preset=&#8220;default&#8220; header_2_text_align=&#8220;center&#8220; text_orientation=&#8220;center&#8220; custom_margin=&#8220;||5px|||&#8220; header_2_font_size_tablet=&#8220;22px&#8220; header_2_font_size_phone=&#8220;18px&#8220; header_2_font_size_last_edited=&#8220;on|desktop&#8220; global_colors_info=&#8220;{}&#8220;]<\/p>\n<h2>Ausbildung zum \/ zur Naturkosmetiker\/in<\/h2>\n<p>[\/et_pb_text][et_pb_divider divider_weight=&#8220;2px&#8220; _builder_version=&#8220;4.11.1&#8243; _module_preset=&#8220;default&#8220; width=&#8220;150px&#8220; module_alignment=&#8220;center&#8220; custom_margin=&#8220;||0px||false|false&#8220; global_colors_info=&#8220;{}&#8220;][\/et_pb_divider][et_pb_text _builder_version=&#8220;4.11.1&#8243; _module_preset=&#8220;default&#8220; header_2_text_align=&#8220;center&#8220; text_orientation=&#8220;center&#8220; global_colors_info=&#8220;{}&#8220;]Unz\u00e4hlige Hauterkrankungen, Allergien und Unvertr\u00e4glichkeiten gegen herk\u00f6mmliche Pflegeprodukte hemmen viele Menschen ein Kosmetikinstitut aufzusuchen. Die Nachfrage nach Behandlungen mit Naturprodukten ist in den letzten Jahren gigantisch angestiegen. Immer mehr Frauen besch\u00e4ftigen sich mit dem Thema Naturkosmetik und suchen alternative Wege.[\/et_pb_text][\/et_pb_column][\/et_pb_row][\/et_pb_section][et_pb_section fb_built=&#8220;1&#8243; module_class=&#8220;dtb-mobile-parallax&#8220; _builder_version=&#8220;4.11.2&#8243; _module_preset=&#8220;default&#8220; background_image=&#8220;https:\/\/shop.cosmeda-akademie.de\/wp-content\/uploads\/2021\/10\/croda_image_downloads.ashx_.jpg&#8220; custom_css_main_element=&#8220;background-attachment: fixed;||background-repeat: no-repeat;||background-size: cover;||background-position: center;&#8220; global_colors_info=&#8220;{}&#8220;][et_pb_row column_structure=&#8220;2_5,3_5&#8243; _builder_version=&#8220;4.11.2&#8243; _module_preset=&#8220;default&#8220; global_colors_info=&#8220;{}&#8220;][et_pb_column type=&#8220;2_5&#8243; _builder_version=&#8220;4.11.1&#8243; _module_preset=&#8220;default&#8220; global_colors_info=&#8220;{}&#8220;][\/et_pb_column][et_pb_column type=&#8220;3_5&#8243; _builder_version=&#8220;4.11.2&#8243; _module_preset=&#8220;default&#8220; background_color=&#8220;rgba(107,103,92,0.59)&#8220; custom_padding=&#8220;50px|50px|50px|50px|false|false&#8220; custom_padding_tablet=&#8220;25px|25px|25px|25px|false|false&#8220; custom_padding_phone=&#8220;10px|10px|10px|10px|false|false&#8220; custom_padding_last_edited=&#8220;on|phone&#8220; animation_style=&#8220;slide&#8220; animation_direction=&#8220;top&#8220; animation_delay=&#8220;150ms&#8220; animation_intensity_slide=&#8220;15%&#8220; global_colors_info=&#8220;{}&#8220;][et_pb_text _builder_version=&#8220;4.11.1&#8243; _module_preset=&#8220;default&#8220; text_text_color=&#8220;#FFFFFF&#8220; global_colors_info=&#8220;{}&#8220;]Ganzheitliche Sch\u00f6nheit kommt von innen. Im Zuge der Gesundheitsvorsorge vermitteln wir Ihnen mit dieser Ausbildung, wie Sie erste Signale im Gesicht feststellen. Schw\u00e4chelnde Organe, wie Nieren, Leber, Darm k\u00f6nnen wir mittels einer Antlitzdiagnose in den entspre-chenden Zonen des Gesichtes erkennen und pr\u00e4ventiv reagieren. Individuell zusammenge-stellte Kr\u00e4uterrezepturen k\u00f6nnen die Organe, in Form von Heilkr\u00e4utertees optimal in ihrer Funk-tion unterst\u00fctzen, sodass Krankheiten gar nicht erst zum Ausbruch kommen.[\/et_pb_text][et_pb_text _builder_version=&#8220;4.11.1&#8243; _module_preset=&#8220;default&#8220; text_text_color=&#8220;#FFFFFF&#8220; global_colors_info=&#8220;{}&#8220;]Kr\u00e4uteranwendungen von innen und au\u00dfen beugen Hautirritationen vor. Hauterkrankungen wie Psoriasis, Neurodermitis, Akne und Ekzeme k\u00f6nnen Linderung erfahren. Selbst hergestellte Salben, Pasten und Cremes bieten Ihnen nicht nur ein weites Spektrum an Anwendungsm\u00f6g-lichkeiten \u2013 die Herstellung und Anwendung der Mazerationen bspw. ist auch ein \u00e4u\u00dferst \u00e4sthetisches Handwerk. Ihre Kunden werden sehr beeindruckt und dankbar sein.  [\/et_pb_text][\/et_pb_column][\/et_pb_row][\/et_pb_section][et_pb_section fb_built=&#8220;1&#8243; _builder_version=&#8220;4.11.1&#8243; _module_preset=&#8220;default&#8220; custom_padding=&#8220;||32px|||&#8220; global_colors_info=&#8220;{}&#8220;][et_pb_row column_structure=&#8220;2_3,1_3&#8243; _builder_version=&#8220;4.11.1&#8243; _module_preset=&#8220;default&#8220; custom_padding=&#8220;||42px|||&#8220; global_colors_info=&#8220;{}&#8220;][et_pb_column type=&#8220;2_3&#8243; _builder_version=&#8220;4.11.1&#8243; _module_preset=&#8220;default&#8220; global_colors_info=&#8220;{}&#8220;][et_pb_text _builder_version=&#8220;4.11.1&#8243; _module_preset=&#8220;default&#8220; global_colors_info=&#8220;{}&#8220;]Der Beruf der Naturkosmetikerin verk\u00f6rpert zum einen ein gro\u00dfartiges Wissen rund um die Kr\u00e4uterkunde und bietet zum anderen ein hoch kreatives T\u00e4tigkeitsfeld. In ihrer praktischen Anwendung ist die Naturkosmetikerin aufgefor-dert ihre Kunden mit Frischpflanzen Rezepturen zu verw\u00f6hnen. Die ganzheitliche Herangehens-weise erzielt einen bleibenden Erfolg.<\/p>\n<p>Die Naturkosmetik ist ein \u00e4u\u00dferst interessantes schon seit vielen Jahren sehr begehrtes Gebiet, doch es gibt keine klaren Richtlinien oder ein-heitliche Regelungen dieses Berufsbildes. DieLehrinhalte sind an jeder Schule anders. Wir von Cosmeda\u00ae haben dieses Berufsbild f\u00fcr Sie weiter entwickelt und einen Lehrplan aufgestellt, der sich nicht nur von den markt\u00fcblichen Angeboten abhebt, sondern auch einen Mehrwert f\u00fcr Sie selbst und Ihre Kunden darstellt.<\/p>\n<p>Freuen Sie sich schon jetzt auf ein spannendes umfassendes Fachwissen. Langj\u00e4hrig erfahrene Fachdozenten und Heilpraktiker vermitteln Ihnen ein einzigartiges Wissen rund um die Naturkosmetik.[\/et_pb_text][\/et_pb_column][et_pb_column type=&#8220;1_3&#8243; _builder_version=&#8220;4.11.1&#8243; _module_preset=&#8220;default&#8220; global_colors_info=&#8220;{}&#8220;][et_pb_text _builder_version=&#8220;4.11.1&#8243; _module_preset=&#8220;default&#8220; header_2_text_align=&#8220;center&#8220; header_3_text_align=&#8220;left&#8220; header_3_text_color=&#8220;#EF8B14&#8243; text_orientation=&#8220;center&#8220; custom_margin=&#8220;||5px|||&#8220; header_2_font_size_tablet=&#8220;22px&#8220; header_2_font_size_phone=&#8220;18px&#8220; header_2_font_size_last_edited=&#8220;on|desktop&#8220; global_colors_info=&#8220;{}&#8220;]<\/p>\n<h3>Lehrinhalte des Ausbildungskurses sind:<\/h3>\n<p>[\/et_pb_text][et_pb_divider divider_weight=&#8220;2px&#8220; _builder_version=&#8220;4.11.1&#8243; _module_preset=&#8220;default&#8220; width=&#8220;150px&#8220; module_alignment=&#8220;left&#8220; custom_margin=&#8220;||0px||false|false&#8220; locked=&#8220;off&#8220; global_colors_info=&#8220;{}&#8220;][\/et_pb_divider][dsm_icon_list icon_color=&#8220;#EF8B14&#8243; icon_font_size=&#8220;25px&#8220; list_space_between=&#8220;10px&#8220; text_indent=&#8220;15px&#8220; _builder_version=&#8220;4.11.1&#8243; _module_preset=&#8220;default&#8220; text_font_size=&#8220;16px&#8220; global_colors_info=&#8220;{}&#8220;][dsm_icon_list_child text=&#8220;Kr\u00e4uterkunde&#8220; font_icon=&#8220;%%45%%&#8220; _builder_version=&#8220;4.11.1&#8243; _module_preset=&#8220;default&#8220; global_colors_info=&#8220;{}&#8220;][\/dsm_icon_list_child][dsm_icon_list_child text=&#8220;Sch\u00f6nheit von Innen und Au\u00dfen&#8220; font_icon=&#8220;%%45%%&#8220; _builder_version=&#8220;4.11.1&#8243; _module_preset=&#8220;default&#8220; global_colors_info=&#8220;{}&#8220;][\/dsm_icon_list_child][dsm_icon_list_child text=&#8220;Antlitzdiagnose als Pr\u00e4vention&#8220; font_icon=&#8220;%%45%%&#8220; _builder_version=&#8220;4.11.1&#8243; _module_preset=&#8220;default&#8220; global_colors_info=&#8220;{}&#8220;][\/dsm_icon_list_child][dsm_icon_list_child text=&#8220;Teerezepturen&#8220; font_icon=&#8220;%%45%%&#8220; _builder_version=&#8220;4.11.1&#8243; _module_preset=&#8220;default&#8220; global_colors_info=&#8220;{}&#8220;][\/dsm_icon_list_child][dsm_icon_list_child text=&#8220;Mazerationen &#8211; Destillate&#8220; font_icon=&#8220;%%45%%&#8220; _builder_version=&#8220;4.11.1&#8243; _module_preset=&#8220;default&#8220; global_colors_info=&#8220;{}&#8220;][\/dsm_icon_list_child][dsm_icon_list_child text=&#8220;Behandlungsabl\u00e4ufe&#8220; font_icon=&#8220;%%45%%&#8220; _builder_version=&#8220;4.11.1&#8243; _module_preset=&#8220;default&#8220; global_colors_info=&#8220;{}&#8220;][\/dsm_icon_list_child][dsm_icon_list_child text=&#8220;Salben, Pasten, Cremeherstellung &#8220; font_icon=&#8220;%%45%%&#8220; _builder_version=&#8220;4.11.1&#8243; _module_preset=&#8220;default&#8220; global_colors_info=&#8220;{}&#8220;][\/dsm_icon_list_child][\/dsm_icon_list][\/et_pb_column][\/et_pb_row][\/et_pb_section][et_pb_section fb_built=&#8220;1&#8243; _builder_version=&#8220;4.11.2&#8243; _module_preset=&#8220;default&#8220; background_color=&#8220;#EF8B14&#8243; positioning=&#8220;none&#8220; position_origin_f=&#8220;bottom_center&#8220; max_width=&#8220;80%&#8220; max_width_tablet=&#8220;100%&#8220; max_width_phone=&#8220;&#8220; max_width_last_edited=&#8220;on|desktop&#8220; module_alignment=&#8220;center&#8220; display_conditions=&#8220;W10=&#8220; custom_margin=&#8220;0px||50px||false|false&#8220; custom_padding=&#8220;0px||0px||true|false&#8220; animation_style=&#8220;slide&#8220; animation_direction=&#8220;bottom&#8220; animation_delay=&#8220;500ms&#8220; animation_intensity_slide=&#8220;4%&#8220; sticky_limit_top=&#8220;body&#8220; sticky_limit_bottom=&#8220;body&#8220; scroll_horizontal_motion=&#8220;0|50|50|100|0|0|2&#8243; global_colors_info=&#8220;{}&#8220;][et_pb_row column_structure=&#8220;1_3,1_3,1_3&#8243; _builder_version=&#8220;4.11.1&#8243; _module_preset=&#8220;default&#8220; custom_padding=&#8220;10px||10px||true|false&#8220; global_colors_info=&#8220;{}&#8220;][et_pb_column type=&#8220;1_3&#8243; module_class=&#8220;vertical-align&#8220; _builder_version=&#8220;4.11.1&#8243; _module_preset=&#8220;default&#8220; global_colors_info=&#8220;{}&#8220;][et_pb_wc_title product=&#8220;328054&#8243; _builder_version=&#8220;4.11.1&#8243; _module_preset=&#8220;default&#8220; header_text_color=&#8220;#FFFFFF&#8220; header_font_size=&#8220;26px&#8220; header_text_align_tablet=&#8220;center&#8220; header_text_align_phone=&#8220;&#8220; header_text_align_last_edited=&#8220;on|desktop&#8220; global_colors_info=&#8220;{}&#8220;][\/et_pb_wc_title][\/et_pb_column][et_pb_column type=&#8220;1_3&#8243; module_class=&#8220;vertical-align&#8220; _builder_version=&#8220;4.11.1&#8243; _module_preset=&#8220;default&#8220; global_colors_info=&#8220;{}&#8220;][et_pb_wc_price product=&#8220;328054&#8243; _builder_version=&#8220;4.11.1&#8243; _module_preset=&#8220;default&#8220; body_text_color=&#8220;#FFFFFF&#8220; text_orientation=&#8220;center&#8220; text_orientation_tablet=&#8220;&#8220; text_orientation_phone=&#8220;&#8220; text_orientation_last_edited=&#8220;on|desktop&#8220; global_colors_info=&#8220;{}&#8220;][\/et_pb_wc_price][\/et_pb_column][et_pb_column type=&#8220;1_3&#8243; module_class=&#8220;vertical-align&#8220; _builder_version=&#8220;4.11.1&#8243; _module_preset=&#8220;default&#8220; global_colors_info=&#8220;{}&#8220;][et_pb_wc_add_to_cart product=&#8220;328054&#8243; show_quantity=&#8220;off&#8220; show_stock=&#8220;off&#8220; _builder_version=&#8220;4.11.2&#8243; _module_preset=&#8220;default&#8220; body_text_color=&#8220;#FFFFFF&#8220; custom_button=&#8220;on&#8220; button_text_size=&#8220;18px&#8220; button_text_color=&#8220;#EF8B14&#8243; button_bg_color=&#8220;#FFFFFF&#8220; button_border_color=&#8220;#FFFFFF&#8220; button_use_icon=&#8220;off&#8220; position_origin_a=&#8220;bottom_center&#8220; text_orientation=&#8220;center&#8220; width=&#8220;100%&#8220; text_orientation_tablet=&#8220;center&#8220; text_orientation_phone=&#8220;&#8220; text_orientation_last_edited=&#8220;on|desktop&#8220; global_colors_info=&#8220;{}&#8220; button_border_color__hover_enabled=&#8220;on|hover&#8220; button_border_color__hover=&#8220;#6B675C&#8220; button_bg_color__hover_enabled=&#8220;on|hover&#8220; button_bg_color__hover=&#8220;#6B675C&#8220; button_bg_enable_color__hover=&#8220;on&#8220; button_text_color__hover_enabled=&#8220;on|desktop&#8220; button_text_color__hover=&#8220;#FFFFFF&#8220;][\/et_pb_wc_add_to_cart][\/et_pb_column][\/et_pb_row][\/et_pb_section]<\/p>\n","protected":false},"excerpt":{"rendered":"<p>Ausbildung zum \/ zur Naturkosmetiker\/inUnz\u00e4hlige Hauterkrankungen, Allergien und Unvertr\u00e4glichkeiten gegen herk\u00f6mmliche Pflegeprodukte hemmen viele Menschen ein Kosmetikinstitut aufzusuchen. Die Nachfrage nach Behandlungen mit Naturprodukten ist in den letzten Jahren gigantisch angestiegen. Immer mehr Frauen besch\u00e4ftigen sich mit dem Thema Naturkosmetik und suchen alternative Wege.Ganzheitliche Sch\u00f6nheit kommt von innen. Im Zuge der Gesundheitsvorsorge vermitteln wir Ihnen mit dieser Ausbildung, wie Sie erste Signale im Gesicht feststellen. Schw\u00e4chelnde Organe, wie Nieren, Leber, Darm k\u00f6nnen wir mittels einer Antlitzdiagnose in den entspre-chenden Zonen des Gesichtes erkennen und pr\u00e4ventiv reagieren. Individuell zusammenge-stellte Kr\u00e4uterrezepturen k\u00f6nnen die Organe, in Form von Heilkr\u00e4utertees optimal in ihrer Funk-tion unterst\u00fctzen, sodass Krankheiten gar nicht erst zum Ausbruch kommen.Kr\u00e4uteranwendungen von innen und au\u00dfen beugen Hautirritationen vor. Hauterkrankungen wie Psoriasis, Neurodermitis, Akne und Ekzeme k\u00f6nnen Linderung erfahren. Selbst hergestellte Salben, Pasten und Cremes bieten Ihnen nicht nur ein weites Spektrum an Anwendungsm\u00f6g-lichkeiten \u2013 die Herstellung und Anwendung der Mazerationen bspw. ist auch ein \u00e4u\u00dferst \u00e4sthetisches Handwerk. Ihre Kunden werden sehr beeindruckt und dankbar sein. Der Beruf der Naturkosmetikerin verk\u00f6rpert zum einen ein gro\u00dfartiges Wissen rund um die Kr\u00e4uterkunde und bietet zum anderen ein hoch kreatives T\u00e4tigkeitsfeld. In ihrer praktischen Anwendung ist die Naturkosmetikerin aufgefor-dert ihre Kunden mit Frischpflanzen Rezepturen zu verw\u00f6hnen. [&hellip;]<\/p>\n","protected":false},"author":1,"featured_media":0,"parent":0,"menu_order":0,"comment_status":"closed","ping_status":"closed","template":"","meta":{"_et_pb_use_builder":"on","_et_pb_old_content":"","_et_gb_content_width":"","footnotes":""},"class_list":["post-327856","page","type-page","status-publish","hentry"],"_links":{"self":[{"href":"https:\/\/shop.cosmeda-akademie.de\/en\/wp-json\/wp\/v2\/pages\/327856","targetHints":{"allow":["GET"]}}],"collection":[{"href":"https:\/\/shop.cosmeda-akademie.de\/en\/wp-json\/wp\/v2\/pages"}],"about":[{"href":"https:\/\/shop.cosmeda-akademie.de\/en\/wp-json\/wp\/v2\/types\/page"}],"author":[{"embeddable":true,"href":"https:\/\/shop.cosmeda-akademie.de\/en\/wp-json\/wp\/v2\/users\/1"}],"replies":[{"embeddable":true,"href":"https:\/\/shop.cosmeda-akademie.de\/en\/wp-json\/wp\/v2\/comments?post=327856"}],"version-history":[{"count":1,"href":"https:\/\/shop.cosmeda-akademie.de\/en\/wp-json\/wp\/v2\/pages\/327856\/revisions"}],"predecessor-version":[{"id":328983,"href":"https:\/\/shop.cosmeda-akademie.de\/en\/wp-json\/wp\/v2\/pages\/327856\/revisions\/328983"}],"wp:attachment":[{"href":"https:\/\/shop.cosmeda-akademie.de\/en\/wp-json\/wp\/v2\/media?parent=327856"}],"curies":[{"name":"wp","href":"https:\/\/api.w.org\/{rel}","templated":true}]}}