{"id":327858,"date":"2021-10-06T19:24:36","date_gmt":"2021-10-06T17:24:36","guid":{"rendered":"https:\/\/cosmeda-akademie.de\/?page_id=327858"},"modified":"2022-08-20T10:54:50","modified_gmt":"2022-08-20T08:54:50","slug":"spa-wellness-practioner","status":"publish","type":"page","link":"https:\/\/shop.cosmeda-akademie.de\/en\/spa-wellness-practioner\/","title":{"rendered":"Spa Wellness Practitioner"},"content":{"rendered":"<p>[et_pb_section fb_built=&#8220;1&#8243; custom_padding_last_edited=&#8220;on|desktop&#8220; module_class=&#8220;dtb-mobile-parallax&#8220; _builder_version=&#8220;4.16&#8243; _module_preset=&#8220;default&#8220; background_image=&#8220;https:\/\/shop.cosmeda-akademie.de\/wp-content\/uploads\/2021\/10\/Fotolia_62297555_L-2-1.jpg&#8220; custom_padding=&#8220;250px||250px||true|false&#8220; custom_padding_tablet=&#8220;100px||100px||true|false&#8220; custom_padding_phone=&#8220;70px||70px||true|false&#8220; custom_css_main_element=&#8220;background-attachment: fixed;||background-repeat: no-repeat;||background-size: cover;||background-position: top center;&#8220; global_colors_info=&#8220;{}&#8220;][et_pb_row _builder_version=&#8220;4.16&#8243; _module_preset=&#8220;default&#8220; background_color=&#8220;rgba(0,0,0,0.27)&#8220; max_width=&#8220;700px&#8220; module_alignment=&#8220;center&#8220; custom_padding=&#8220;15px||15px||true|false&#8220; animation_style=&#8220;slide&#8220; animation_delay=&#8220;150ms&#8220; animation_intensity_slide=&#8220;4%&#8220; global_colors_info=&#8220;{}&#8220;][et_pb_column type=&#8220;4_4&#8243; _builder_version=&#8220;4.16&#8243; _module_preset=&#8220;default&#8220; global_colors_info=&#8220;{}&#8220;][et_pb_text _builder_version=&#8220;4.16&#8243; _dynamic_attributes=&#8220;content&#8220; _module_preset=&#8220;default&#8220; header_font=&#8220;||||||||&#8220; header_text_align=&#8220;center&#8220; header_text_color=&#8220;#FFFFFF&#8220; header_font_size=&#8220;40px&#8220; header_font_size_tablet=&#8220;35px&#8220; header_font_size_phone=&#8220;23px&#8220; header_font_size_last_edited=&#8220;on|desktop&#8220; global_colors_info=&#8220;{}&#8220;]@ET-DC@eyJkeW5hbWljIjp0cnVlLCJjb250ZW50IjoicG9zdF90aXRsZSIsInNldHRpbmdzIjp7ImJlZm9yZSI6IjxoMT4iLCJhZnRlciI6IjwvaDE+In19@[\/et_pb_text][\/et_pb_column][\/et_pb_row][\/et_pb_section][et_pb_section fb_built=&#8220;1&#8243; _builder_version=&#8220;4.16&#8243; _module_preset=&#8220;default&#8220; use_background_color_gradient=&#8220;on&#8220; background_color_gradient_direction=&#8220;90deg&#8220; background_color_gradient_stops=&#8220;#ef8b14 2%|#ffffff 2%&#8220; background_color_gradient_start=&#8220;#ef8b14&#8243; background_color_gradient_start_position=&#8220;2%&#8220; background_color_gradient_end=&#8220;#ffffff&#8220; background_color_gradient_end_position=&#8220;2%&#8220; global_colors_info=&#8220;{}&#8220;][et_pb_row _builder_version=&#8220;4.16&#8243; _module_preset=&#8220;default&#8220; global_colors_info=&#8220;{}&#8220;][et_pb_column type=&#8220;4_4&#8243; _builder_version=&#8220;4.16&#8243; _module_preset=&#8220;default&#8220; global_colors_info=&#8220;{}&#8220;][et_pb_text _builder_version=&#8220;4.16&#8243; _module_preset=&#8220;default&#8220; header_2_text_align=&#8220;center&#8220; text_orientation=&#8220;center&#8220; custom_margin=&#8220;||5px|||&#8220; header_2_font_size_tablet=&#8220;22px&#8220; header_2_font_size_phone=&#8220;18px&#8220; header_2_font_size_last_edited=&#8220;on|desktop&#8220; global_colors_info=&#8220;{}&#8220;]<\/p>\n<h2>Spa- &#038; Wellnesspractitioner Ausbildung<\/h2>\n<p>[\/et_pb_text][et_pb_divider divider_weight=&#8220;2px&#8220; _builder_version=&#8220;4.16&#8243; _module_preset=&#8220;default&#8220; width=&#8220;150px&#8220; module_alignment=&#8220;center&#8220; custom_margin=&#8220;||0px||false|false&#8220; global_colors_info=&#8220;{}&#8220;][\/et_pb_divider][et_pb_text _builder_version=&#8220;4.16&#8243; _module_preset=&#8220;default&#8220; header_2_text_align=&#8220;center&#8220; global_colors_info=&#8220;{}&#8220;]Wir haben ein neues Berufsbild f\u00fcr Sie entwickelt. Der Begriff \u201eWellness\u201c setzt sich aus \u201eWell being\u201c: sich wohlf\u00fchlen und \u201eFitness\u201c: gute k\u00f6rperliche Leistungsf\u00e4higkeit zusammen. \u201eWellness\u201c beinhal- tet im Grunde alles, was das Leben \u201elebenswert\u201c macht: Zeit f\u00fcr Entspannung, mit allen Sinnen genie\u00dfen, Haut-und K\u00f6rperpflege, Gesundheit,<\/p>\n<p>Sch\u00f6nheit, K\u00f6rper &#8211; Seele und Geist in ein harmo- nisches Gleichgewicht bringen. \u201eWellness\u201c sucht die Balance zwischen Anspannung und Entspan- nung. Der Begriff \u201eSpa\u201c setzt sich aus drei Initialen zusammen und dient als Abk\u00fcrzung f\u00fcr sanus per aquam &#8211; lat. = Gesundheit durch Wasser = Wohl- f\u00fchlanwendungen mit dem Medium Wasser.[\/et_pb_text][\/et_pb_column][\/et_pb_row][\/et_pb_section][et_pb_section fb_built=&#8220;1&#8243; _builder_version=&#8220;4.16&#8243; _module_preset=&#8220;default&#8220; use_background_color_gradient=&#8220;on&#8220; background_color_gradient_direction=&#8220;90deg&#8220; background_color_gradient_stops=&#8220;#fcfcfc 98%|#ef8b14 98%&#8220; background_color_gradient_start=&#8220;#fcfcfc&#8220; background_color_gradient_start_position=&#8220;98%&#8220; background_color_gradient_end=&#8220;#ef8b14&#8243; background_color_gradient_end_position=&#8220;2%&#8220; custom_padding=&#8220;||32px|||&#8220; global_colors_info=&#8220;{}&#8220;][et_pb_row column_structure=&#8220;3_5,2_5&#8243; _builder_version=&#8220;4.17.4&#8243; _module_preset=&#8220;default&#8220; custom_padding=&#8220;||42px|||&#8220; hover_enabled=&#8220;0&#8243; global_colors_info=&#8220;{}&#8220; sticky_enabled=&#8220;0&#8243;][et_pb_column type=&#8220;3_5&#8243; module_class=&#8220;vertical-align&#8220; _builder_version=&#8220;4.16&#8243; _module_preset=&#8220;default&#8220; background_color=&#8220;#FFFFFF&#8220; custom_padding=&#8220;25px|25px|25px|25px|false|false&#8220; animation_style=&#8220;slide&#8220; animation_direction=&#8220;left&#8220; animation_delay=&#8220;150ms&#8220; animation_intensity_slide=&#8220;4%&#8220; box_shadow_style=&#8220;preset2&#8243; box_shadow_horizontal=&#8220;3px&#8220; box_shadow_vertical=&#8220;3px&#8220; box_shadow_blur=&#8220;9px&#8220; global_colors_info=&#8220;{}&#8220;][et_pb_blurb title=&#8220;Entspannungscoach: 1 Tag&#8220; use_icon=&#8220;on&#8220; font_icon=&#8220;&#x24;||divi||400&#8243; icon_placement=&#8220;left&#8220; content_max_width=&#8220;100%&#8220; _builder_version=&#8220;4.16&#8243; _module_preset=&#8220;default&#8220; header_font=&#8220;|600|||||||&#8220; body_font_size=&#8220;16px&#8220; global_colors_info=&#8220;{}&#8220;]Verschiedene Verfahren und Entspannungsmethoden (klass. Methoden,   Muskelentspannung, Atemtechniken, Meditation, Fantasiereisen)[\/et_pb_blurb][et_pb_blurb title=&#8220;Massage-Practitioner: 5 Tage&#8220; use_icon=&#8220;on&#8220; font_icon=&#8220;&#x24;||divi||400&#8243; icon_placement=&#8220;left&#8220; content_max_width=&#8220;100%&#8220; _builder_version=&#8220;4.16&#8243; _module_preset=&#8220;default&#8220; header_font=&#8220;|600|||||||&#8220; body_font_size=&#8220;16px&#8220; global_colors_info=&#8220;{}&#8220;]<\/p>\n<p><strong>2 Tage:<\/strong> Ayurveda Massage; Ganzk\u00f6rperpeeling, Waschungen &amp; Hei\u00dfkompres- sen, Ayurveda Ganzk\u00f6rpermassage mit warmen \u00d6len \u2013 vom kleinen Zeh bis in die Haarspitze.<br \/><strong>2 Tage:<\/strong> Ayurveda Massage; Ganzk\u00f6rperpeeling, Waschungen &amp; Hei\u00dfkompres- sen, Ayurveda Ganzk\u00f6rpermassage mit warmen \u00d6len \u2013 vom kleinen Zeh bis in die Haarspitze.<br \/><strong>1 Tag:<\/strong> Klangmassage; Konzepte f\u00fcr die Kosmetik &amp; Fu\u00dfpflegekabine. Ganzheitliche Tiefenentspannung f\u00fcr K\u00f6rper &#8211; Seele und Geist.<\/p>\n<p>[\/et_pb_blurb][et_pb_blurb title=&#8220;Kr\u00e4uterstempelmassage: 1 Tag&#8220; use_icon=&#8220;on&#8220; font_icon=&#8220;&#x24;||divi||400&#8243; icon_placement=&#8220;left&#8220; content_max_width=&#8220;100%&#8220; _builder_version=&#8220;4.16&#8243; _module_preset=&#8220;default&#8220; header_font=&#8220;|600|||||||&#8220; body_font_size=&#8220;16px&#8220; global_colors_info=&#8220;{}&#8220;]Selbstherstellung von Kr\u00e4uterstempeln,<br \/>\npraktische Anwendung und Massageabl\u00e4ufe mit warmen \u00d6len.[\/et_pb_blurb][\/et_pb_column][et_pb_column type=&#8220;2_5&#8243; module_class=&#8220;dtb-mobile-parallax&#8220; _builder_version=&#8220;4.17.4&#8243; _module_preset=&#8220;default&#8220; background_image=&#8220;https:\/\/shop.cosmeda-akademie.de\/wp-content\/uploads\/2021\/10\/cosmeda-broschuere-121444_mail.jpg&#8220; hover_enabled=&#8220;0&#8243; custom_css_before=&#8220;background-attachment: fixed;||background-repeat: no-repeat;||background-size: cover;||background-position: center;&#8220; global_colors_info=&#8220;{}&#8220; filter_hue_rotate=&#8220;359deg&#8220; filter_saturate=&#8220;132%&#8220; sticky_enabled=&#8220;0&#8243;][et_pb_divider show_divider=&#8220;off&#8220; _builder_version=&#8220;4.16&#8243; _module_preset=&#8220;default&#8220; height=&#8220;500px&#8220; height_tablet=&#8220;550px&#8220; height_phone=&#8220;400px&#8220; height_last_edited=&#8220;on|phone&#8220; hover_enabled=&#8220;0&#8243; global_colors_info=&#8220;{}&#8220; sticky_enabled=&#8220;0&#8243;][\/et_pb_divider][\/et_pb_column][\/et_pb_row][\/et_pb_section][et_pb_section fb_built=&#8220;1&#8243; _builder_version=&#8220;4.16&#8243; _module_preset=&#8220;default&#8220; background_color=&#8220;#EF8B14&#8243; positioning=&#8220;none&#8220; position_origin_f=&#8220;bottom_center&#8220; max_width=&#8220;80%&#8220; max_width_tablet=&#8220;100%&#8220; max_width_phone=&#8220;&#8220; max_width_last_edited=&#8220;on|desktop&#8220; module_alignment=&#8220;center&#8220; display_conditions=&#8220;W10=&#8220; custom_margin=&#8220;50px||50px||true|false&#8220; custom_padding=&#8220;0px||0px||true|false&#8220; animation_style=&#8220;slide&#8220; animation_direction=&#8220;bottom&#8220; animation_delay=&#8220;500ms&#8220; animation_intensity_slide=&#8220;4%&#8220; sticky_limit_top=&#8220;body&#8220; sticky_limit_bottom=&#8220;body&#8220; scroll_horizontal_motion=&#8220;0|50|50|100|0|0|2&#8243; global_colors_info=&#8220;{}&#8220;][et_pb_row column_structure=&#8220;1_3,1_3,1_3&#8243; _builder_version=&#8220;4.16&#8243; _module_preset=&#8220;default&#8220; width=&#8220;90%&#8220; custom_padding=&#8220;10px||10px||true|false&#8220; global_colors_info=&#8220;{}&#8220;][et_pb_column type=&#8220;1_3&#8243; module_class=&#8220;vertical-align&#8220; _builder_version=&#8220;4.16&#8243; _module_preset=&#8220;default&#8220; global_colors_info=&#8220;{}&#8220;][et_pb_wc_title product=&#8220;328052&#8243; _builder_version=&#8220;4.16&#8243; _module_preset=&#8220;default&#8220; header_text_color=&#8220;#FFFFFF&#8220; header_font_size=&#8220;26px&#8220; header_text_align_tablet=&#8220;center&#8220; header_text_align_phone=&#8220;&#8220; header_text_align_last_edited=&#8220;on|desktop&#8220; global_colors_info=&#8220;{}&#8220;][\/et_pb_wc_title][\/et_pb_column][et_pb_column type=&#8220;1_3&#8243; module_class=&#8220;vertical-align&#8220; _builder_version=&#8220;4.16&#8243; _module_preset=&#8220;default&#8220; global_colors_info=&#8220;{}&#8220;][et_pb_wc_price product=&#8220;328052&#8243; _builder_version=&#8220;4.16&#8243; _module_preset=&#8220;default&#8220; body_text_color=&#8220;#FFFFFF&#8220; text_orientation=&#8220;center&#8220; text_orientation_tablet=&#8220;&#8220; text_orientation_phone=&#8220;&#8220; text_orientation_last_edited=&#8220;on|desktop&#8220; global_colors_info=&#8220;{}&#8220;][\/et_pb_wc_price][\/et_pb_column][et_pb_column type=&#8220;1_3&#8243; module_class=&#8220;vertical-align&#8220; _builder_version=&#8220;4.16&#8243; _module_preset=&#8220;default&#8220; global_colors_info=&#8220;{}&#8220;][et_pb_wc_add_to_cart product=&#8220;328052&#8243; show_quantity=&#8220;off&#8220; show_stock=&#8220;off&#8220; _builder_version=&#8220;4.16&#8243; _module_preset=&#8220;default&#8220; field_label_text_color=&#8220;#FFFFFF&#8220; custom_button=&#8220;on&#8220; button_text_size=&#8220;18px&#8220; button_text_color=&#8220;#EF8B14&#8243; button_bg_color=&#8220;#FFFFFF&#8220; button_border_color=&#8220;#FFFFFF&#8220; button_use_icon=&#8220;off&#8220; position_origin_a=&#8220;bottom_center&#8220; text_orientation=&#8220;center&#8220; width=&#8220;100%&#8220; text_orientation_tablet=&#8220;center&#8220; text_orientation_phone=&#8220;&#8220; text_orientation_last_edited=&#8220;on|desktop&#8220; body_text_color=&#8220;#FFFFFF&#8220; global_colors_info=&#8220;{}&#8220; button_border_color__hover_enabled=&#8220;on|hover&#8220; button_border_color__hover=&#8220;#6B675C&#8220; button_bg_color__hover_enabled=&#8220;on|hover&#8220; button_bg_color__hover=&#8220;#6B675C&#8220; button_bg_enable_color__hover=&#8220;on&#8220; button_text_color__hover_enabled=&#8220;on|desktop&#8220; button_text_color__hover=&#8220;#FFFFFF&#8220;][\/et_pb_wc_add_to_cart][\/et_pb_column][\/et_pb_row][\/et_pb_section]<\/p>\n","protected":false},"excerpt":{"rendered":"<p>Spa- &#038; Wellnesspractitioner AusbildungWir haben ein neues Berufsbild f\u00fcr Sie entwickelt. Der Begriff \u201eWellness\u201c setzt sich aus \u201eWell being\u201c: sich wohlf\u00fchlen und \u201eFitness\u201c: gute k\u00f6rperliche Leistungsf\u00e4higkeit zusammen. \u201eWellness\u201c beinhal- tet im Grunde alles, was das Leben \u201elebenswert\u201c macht: Zeit f\u00fcr Entspannung, mit allen Sinnen genie\u00dfen, Haut-und K\u00f6rperpflege, Gesundheit, Sch\u00f6nheit, K\u00f6rper &#8211; Seele und Geist in ein harmo- nisches Gleichgewicht bringen. \u201eWellness\u201c sucht die Balance zwischen Anspannung und Entspan- nung. Der Begriff \u201eSpa\u201c setzt sich aus drei Initialen zusammen und dient als Abk\u00fcrzung f\u00fcr sanus per aquam &#8211; lat. = Gesundheit durch Wasser = Wohl- f\u00fchlanwendungen mit dem Medium Wasser.Verschiedene Verfahren und Entspannungsmethoden (klass. Methoden, Muskelentspannung, Atemtechniken, Meditation, Fantasiereisen)2 Tage: Ayurveda Massage; Ganzk\u00f6rperpeeling, Waschungen &amp; Hei\u00dfkompres- sen, Ayurveda Ganzk\u00f6rpermassage mit warmen \u00d6len \u2013 vom kleinen Zeh bis in die Haarspitze.2 Tage: Ayurveda Massage; Ganzk\u00f6rperpeeling, Waschungen &amp; Hei\u00dfkompres- sen, Ayurveda Ganzk\u00f6rpermassage mit warmen \u00d6len \u2013 vom kleinen Zeh bis in die Haarspitze.1 Tag: Klangmassage; Konzepte f\u00fcr die Kosmetik &amp; Fu\u00dfpflegekabine. Ganzheitliche Tiefenentspannung f\u00fcr K\u00f6rper &#8211; Seele und Geist.Selbstherstellung von Kr\u00e4uterstempeln, praktische Anwendung und Massageabl\u00e4ufe mit warmen \u00d6len.<\/p>","protected":false},"author":1,"featured_media":0,"parent":0,"menu_order":0,"comment_status":"closed","ping_status":"closed","template":"","meta":{"_et_pb_use_builder":"on","_et_pb_old_content":"","_et_gb_content_width":"","footnotes":""},"class_list":["post-327858","page","type-page","status-publish","hentry"],"_links":{"self":[{"href":"https:\/\/shop.cosmeda-akademie.de\/en\/wp-json\/wp\/v2\/pages\/327858","targetHints":{"allow":["GET"]}}],"collection":[{"href":"https:\/\/shop.cosmeda-akademie.de\/en\/wp-json\/wp\/v2\/pages"}],"about":[{"href":"https:\/\/shop.cosmeda-akademie.de\/en\/wp-json\/wp\/v2\/types\/page"}],"author":[{"embeddable":true,"href":"https:\/\/shop.cosmeda-akademie.de\/en\/wp-json\/wp\/v2\/users\/1"}],"replies":[{"embeddable":true,"href":"https:\/\/shop.cosmeda-akademie.de\/en\/wp-json\/wp\/v2\/comments?post=327858"}],"version-history":[{"count":3,"href":"https:\/\/shop.cosmeda-akademie.de\/en\/wp-json\/wp\/v2\/pages\/327858\/revisions"}],"predecessor-version":[{"id":329152,"href":"https:\/\/shop.cosmeda-akademie.de\/en\/wp-json\/wp\/v2\/pages\/327858\/revisions\/329152"}],"wp:attachment":[{"href":"https:\/\/shop.cosmeda-akademie.de\/en\/wp-json\/wp\/v2\/media?parent=327858"}],"curies":[{"name":"wp","href":"https:\/\/api.w.org\/{rel}","templated":true}]}}