{"id":327882,"date":"2021-10-06T19:30:24","date_gmt":"2021-10-06T17:30:24","guid":{"rendered":"https:\/\/cosmeda-akademie.de\/?page_id=327882"},"modified":"2022-08-20T10:52:15","modified_gmt":"2022-08-20T08:52:15","slug":"fussreflexzonenmassage","status":"publish","type":"page","link":"https:\/\/shop.cosmeda-akademie.de\/en\/fussreflexzonenmassage\/","title":{"rendered":"Foot reflexology"},"content":{"rendered":"<p>[et_pb_section fb_built=&#8220;1&#8243; custom_padding_last_edited=&#8220;on|phone&#8220; module_class=&#8220;dtb-mobile-parallax&#8220; _builder_version=&#8220;4.16&#8243; _module_preset=&#8220;default&#8220; background_image=&#8220;https:\/\/shop.cosmeda-akademie.de\/wp-content\/uploads\/2021\/10\/professional-therapist-giving-reflexology-thai-foot-massage-woman-spa.jpg&#8220; custom_padding=&#8220;130px||130px||true|false&#8220; custom_padding_tablet=&#8220;100px||100px||true|false&#8220; custom_padding_phone=&#8220;70px||70px||true|false&#8220; custom_css_main_element=&#8220;background-attachment: fixed;||background-repeat: no-repeat;||background-size: cover;||background-position: center;&#8220; global_colors_info=&#8220;{}&#8220;][et_pb_row _builder_version=&#8220;4.16&#8243; _module_preset=&#8220;default&#8220; background_color=&#8220;rgba(0,0,0,0.27)&#8220; max_width=&#8220;700px&#8220; module_alignment=&#8220;center&#8220; custom_padding=&#8220;15px||15px||true|false&#8220; animation_style=&#8220;slide&#8220; animation_delay=&#8220;150ms&#8220; animation_intensity_slide=&#8220;4%&#8220; global_colors_info=&#8220;{}&#8220;][et_pb_column type=&#8220;4_4&#8243; _builder_version=&#8220;4.16&#8243; _module_preset=&#8220;default&#8220; global_colors_info=&#8220;{}&#8220;][et_pb_text _builder_version=&#8220;4.16&#8243; _dynamic_attributes=&#8220;content&#8220; _module_preset=&#8220;default&#8220; header_font=&#8220;||||||||&#8220; header_text_align=&#8220;center&#8220; header_text_color=&#8220;#FFFFFF&#8220; header_font_size=&#8220;40px&#8220; header_font_size_tablet=&#8220;35px&#8220; header_font_size_phone=&#8220;23px&#8220; header_font_size_last_edited=&#8220;on|desktop&#8220; global_colors_info=&#8220;{}&#8220;]@ET-DC@eyJkeW5hbWljIjp0cnVlLCJjb250ZW50IjoicG9zdF90aXRsZSIsInNldHRpbmdzIjp7ImJlZm9yZSI6IjxoMT4iLCJhZnRlciI6IjwvaDE+In19@[\/et_pb_text][\/et_pb_column][\/et_pb_row][\/et_pb_section][et_pb_section fb_built=&#8220;1&#8243; _builder_version=&#8220;4.16&#8243; _module_preset=&#8220;default&#8220; use_background_color_gradient=&#8220;on&#8220; background_color_gradient_direction=&#8220;90deg&#8220; background_color_gradient_stops=&#8220;#ef8b14 2%|#ffffff 2%&#8220; background_color_gradient_start=&#8220;#ef8b14&#8243; background_color_gradient_start_position=&#8220;2%&#8220; background_color_gradient_end=&#8220;#ffffff&#8220; background_color_gradient_end_position=&#8220;2%&#8220; global_colors_info=&#8220;{}&#8220;][et_pb_row _builder_version=&#8220;4.16&#8243; _module_preset=&#8220;default&#8220; global_colors_info=&#8220;{}&#8220;][et_pb_column type=&#8220;4_4&#8243; _builder_version=&#8220;4.16&#8243; _module_preset=&#8220;default&#8220; global_colors_info=&#8220;{}&#8220;][et_pb_text _builder_version=&#8220;4.16&#8243; _module_preset=&#8220;default&#8220; header_2_text_align=&#8220;center&#8220; text_orientation=&#8220;center&#8220; custom_margin=&#8220;||5px|||&#8220; header_2_font_size_tablet=&#8220;22px&#8220; header_2_font_size_phone=&#8220;18px&#8220; header_2_font_size_last_edited=&#8220;on|desktop&#8220; global_colors_info=&#8220;{}&#8220;]<\/p>\n<h2>Das Berufsbild der Fu\u00dfpflege<\/h2>\n<p>[\/et_pb_text][et_pb_divider divider_weight=&#8220;2px&#8220; _builder_version=&#8220;4.16&#8243; _module_preset=&#8220;default&#8220; width=&#8220;150px&#8220; module_alignment=&#8220;center&#8220; custom_margin=&#8220;||0px||false|false&#8220; global_colors_info=&#8220;{}&#8220;][\/et_pb_divider][et_pb_text _builder_version=&#8220;4.16&#8243; _module_preset=&#8220;default&#8220; header_2_text_align=&#8220;center&#8220; text_orientation=&#8220;center&#8220; global_colors_info=&#8220;{}&#8220;]Im Zuge der Gesundheitsvorsorge bietet Ihnen das Berufsbild der Fu\u00dfpflege nicht nur ein breites Spektrum an Behandlungen, sie stellt als Prophylaxe eine absolute Notwendigkeit dar, und bietet Ihnen so einen sicheren Einstieg. Als Fu\u00dfpflegefachkraft k\u00f6nnen Sie einen gro\u00dfen Beitrag zur Gesunderhaltung der F\u00fc\u00dfe leisten. Neben der eingehenden Pflege der F\u00fc\u00dfe umfasst dieses Berufsbild auch vorbeugende und regulierende Anwendungen.<\/p>\n<p>Ein sehr gutes Beispiel ist hier die BS Nagelspangentechnik. Als selbstst\u00e4ndig arbeitende Fu\u00dfpflegerin bestimmen Sie die Ma\u00dfnahmen und Methoden und \u00fcben Ihren Beruf weitestgehend eigenst\u00e4ndig aus.<br \/>\nDurch die einzigartigen Behandlungs-Konzepte und eine konsequent medizinische Aus-richtung arbeiten Sie von Anfang<br \/>\nan auf einem sehr anspruchsvollem Niveau.  [\/et_pb_text][\/et_pb_column][\/et_pb_row][\/et_pb_section][et_pb_section fb_built=&#8220;1&#8243; module_class=&#8220;dtb-mobile-parallax&#8220; _builder_version=&#8220;4.16&#8243; _module_preset=&#8220;default&#8220; background_image=&#8220;https:\/\/shop.cosmeda-akademie.de\/wp-content\/uploads\/2021\/10\/shutterstock_262879067.jpg&#8220; custom_css_main_element=&#8220;background-attachment: fixed;||background-repeat: no-repeat;||background-size: cover;||background-position: top center;&#8220; global_colors_info=&#8220;{}&#8220;][et_pb_row column_structure=&#8220;2_5,3_5&#8243; _builder_version=&#8220;4.16&#8243; _module_preset=&#8220;default&#8220; global_colors_info=&#8220;{}&#8220;][et_pb_column type=&#8220;2_5&#8243; _builder_version=&#8220;4.16&#8243; _module_preset=&#8220;default&#8220; global_colors_info=&#8220;{}&#8220;][et_pb_divider show_divider=&#8220;off&#8220; _builder_version=&#8220;4.16&#8243; _module_preset=&#8220;default&#8220; height=&#8220;400px&#8220; global_colors_info=&#8220;{}&#8220;][\/et_pb_divider][\/et_pb_column][et_pb_column type=&#8220;3_5&#8243; _builder_version=&#8220;4.16&#8243; _module_preset=&#8220;default&#8220; background_color=&#8220;rgba(107,103,92,0.59)&#8220; custom_padding=&#8220;50px|50px|50px|50px|false|false&#8220; custom_padding_tablet=&#8220;25px|25px|25px|25px|false|false&#8220; custom_padding_phone=&#8220;10px|10px|10px|10px|false|false&#8220; custom_padding_last_edited=&#8220;on|phone&#8220; global_colors_info=&#8220;{}&#8220;][et_pb_text _builder_version=&#8220;4.16&#8243; _module_preset=&#8220;default&#8220; text_text_color=&#8220;#FFFFFF&#8220; global_colors_info=&#8220;{}&#8220;]Obwohl Sie nach unserem einw\u00f6chigen Standardtraining ein sehr profundes Praxiswissen haben, ist es notwendig darauf aufzubauen. Gerade in der heutigen Zeit ist es wichtiger denn je erstklassige Arbeit am Kunden abzuliefern denn der Kunde von heute ist nicht nur anspruchsvoller und kritischer geworden auch das Angebot ist gestiegen.<\/p>\n<p>Stellen Sie sich einmal vor wie es w\u00e4re, wenn Sie sich in nur einem Jahr eine v\u00f6llig neue Existenz aufbauen k\u00f6nnten. Genau das ist unser<br \/>\nZiel \u2013 wir machen einen brillanten Berufspraktiker aus Ihnen.<\/p>\n<p>Durch ein H\u00f6chstma\u00df an praxisnahem Intensivtraining vermitteln wir Ihnen alle Handlings und Techniken, die Sie f\u00fcr ein sicheres Arbeiten<br \/>\nam Kunden ben\u00f6tigen.<\/p>\n<p>Die ganzheitliche Ausbildung rund um das Berufsbild gibt Ihnen ein Fachwissen, mit dem Sie direkt in die Selbstst\u00e4ndigkeit gehen k\u00f6nnen und sich vom allgemeinen Markt abheben. [\/et_pb_text][\/et_pb_column][\/et_pb_row][\/et_pb_section][et_pb_section fb_built=&#8220;1&#8243; _builder_version=&#8220;4.16&#8243; _module_preset=&#8220;default&#8220; custom_padding=&#8220;||32px|||&#8220; global_colors_info=&#8220;{}&#8220;][et_pb_row column_structure=&#8220;1_2,1_2&#8243; module_class=&#8220;reverse-columns-mobile&#8220; _builder_version=&#8220;4.16&#8243; _module_preset=&#8220;default&#8220; custom_padding=&#8220;||42px|||&#8220; global_colors_info=&#8220;{}&#8220;][et_pb_column type=&#8220;1_2&#8243; _builder_version=&#8220;4.16&#8243; _module_preset=&#8220;default&#8220; animation_style=&#8220;slide&#8220; animation_direction=&#8220;left&#8220; animation_delay=&#8220;150ms&#8220; animation_intensity_slide=&#8220;4%&#8220; global_colors_info=&#8220;{}&#8220;][et_pb_image src=&#8220;https:\/\/shop.cosmeda-akademie.de\/wp-content\/uploads\/2021\/10\/Fussreflex-zonenmassage.jpg&#8220; title_text=&#8220;Fussreflex-zonenmassage&#8220; align=&#8220;center&#8220; _builder_version=&#8220;4.17.4&#8243; _module_preset=&#8220;default&#8220; hover_enabled=&#8220;0&#8243; global_colors_info=&#8220;{}&#8220; sticky_enabled=&#8220;0&#8243; filter_hue_rotate=&#8220;359deg&#8220; filter_saturate=&#8220;144%&#8220;][\/et_pb_image][\/et_pb_column][et_pb_column type=&#8220;1_2&#8243; _builder_version=&#8220;4.16&#8243; _module_preset=&#8220;default&#8220; global_colors_info=&#8220;{}&#8220;][et_pb_text _builder_version=&#8220;4.16&#8243; _module_preset=&#8220;default&#8220; header_2_text_align=&#8220;center&#8220; header_3_text_align=&#8220;left&#8220; text_orientation=&#8220;center&#8220; module_alignment=&#8220;left&#8220; custom_margin=&#8220;||5px|||&#8220; header_2_font_size_tablet=&#8220;22px&#8220; header_2_font_size_phone=&#8220;18px&#8220; header_2_font_size_last_edited=&#8220;on|desktop&#8220; global_colors_info=&#8220;{}&#8220;]<\/p>\n<h3>Ihre T\u00e4tigkeitsbereiche umfassen die Prophylaxe von<\/h3>\n<p>[\/et_pb_text][et_pb_divider divider_weight=&#8220;2px&#8220; _builder_version=&#8220;4.16&#8243; _module_preset=&#8220;default&#8220; width=&#8220;150px&#8220; module_alignment=&#8220;left&#8220; custom_margin=&#8220;||0px||false|false&#8220; locked=&#8220;off&#8220; global_colors_info=&#8220;{}&#8220;][\/et_pb_divider][dsm_icon_list icon_color=&#8220;#EF8B14&#8243; icon_font_size=&#8220;25px&#8220; list_layout=&#8220;horizontal&#8220; list_space_between=&#8220;25px&#8220; text_indent=&#8220;15px&#8220; _builder_version=&#8220;4.16&#8243; _module_preset=&#8220;default&#8220; text_font_size=&#8220;17px&#8220; max_width=&#8220;900px&#8220; module_alignment=&#8220;center&#8220; global_colors_info=&#8220;{}&#8220;][dsm_icon_list_child text=&#8220;Hornhaut&#8220; font_icon=&#8220;&#x4e;||divi||400&#8243; _builder_version=&#8220;4.16&#8243; _module_preset=&#8220;default&#8220; global_colors_info=&#8220;{}&#8220;][\/dsm_icon_list_child][dsm_icon_list_child text=&#8220;H\u00fchneraugen&#8220; font_icon=&#8220;&#x4e;||divi||400&#8243; _builder_version=&#8220;4.16&#8243; _module_preset=&#8220;default&#8220; global_colors_info=&#8220;{}&#8220;][\/dsm_icon_list_child][dsm_icon_list_child text=&#8220;Nagelverdickungen&#8220; font_icon=&#8220;&#x4e;||divi||400&#8243; _builder_version=&#8220;4.16&#8243; _module_preset=&#8220;default&#8220; global_colors_info=&#8220;{}&#8220;][\/dsm_icon_list_child][dsm_icon_list_child text=&#8220;Nagelmykosen&#8220; font_icon=&#8220;&#x4e;||divi||400&#8243; _builder_version=&#8220;4.16&#8243; _module_preset=&#8220;default&#8220; global_colors_info=&#8220;{}&#8220;][\/dsm_icon_list_child][dsm_icon_list_child text=&#8220;Rolln\u00e4gel&#8220; font_icon=&#8220;&#x4e;||divi||400&#8243; _builder_version=&#8220;4.16&#8243; _module_preset=&#8220;default&#8220; global_colors_info=&#8220;{}&#8220;][\/dsm_icon_list_child][dsm_icon_list_child text=&#8220;Holzn\u00e4gel&#8220; font_icon=&#8220;&#x4e;||divi||400&#8243; _builder_version=&#8220;4.16&#8243; _module_preset=&#8220;default&#8220; global_colors_info=&#8220;{}&#8220;][\/dsm_icon_list_child][dsm_icon_list_child text=&#8220;Eingewachsene N\u00e4gel&#8220; font_icon=&#8220;&#x4e;||divi||400&#8243; _builder_version=&#8220;4.16&#8243; _module_preset=&#8220;default&#8220; global_colors_info=&#8220;{}&#8220;][\/dsm_icon_list_child][dsm_icon_list_child text=&#8220;Hautrisse&#8220; font_icon=&#8220;&#x4e;||divi||400&#8243; _builder_version=&#8220;4.16&#8243; _module_preset=&#8220;default&#8220; global_colors_info=&#8220;{}&#8220;][\/dsm_icon_list_child][\/dsm_icon_list][et_pb_text _builder_version=&#8220;4.16&#8243; _module_preset=&#8220;default&#8220; header_2_text_align=&#8220;center&#8220; header_3_text_align=&#8220;left&#8220; text_orientation=&#8220;center&#8220; custom_margin=&#8220;50px||5px||false|false&#8220; header_2_font_size_tablet=&#8220;22px&#8220; header_2_font_size_phone=&#8220;18px&#8220; header_2_font_size_last_edited=&#8220;on|desktop&#8220; global_colors_info=&#8220;{}&#8220;]<\/p>\n<h3>Weitere Bereiche sind das Anfertigen und Anlegen von<\/h3>\n<p>[\/et_pb_text][et_pb_divider divider_weight=&#8220;2px&#8220; _builder_version=&#8220;4.16&#8243; _module_preset=&#8220;default&#8220; width=&#8220;150px&#8220; module_alignment=&#8220;left&#8220; custom_margin=&#8220;||0px||false|false&#8220; locked=&#8220;off&#8220; global_colors_info=&#8220;{}&#8220;][\/et_pb_divider][dsm_icon_list icon_color=&#8220;#EF8B14&#8243; icon_font_size=&#8220;25px&#8220; list_layout=&#8220;horizontal&#8220; list_space_between=&#8220;25px&#8220; text_indent=&#8220;15px&#8220; _builder_version=&#8220;4.16&#8243; _module_preset=&#8220;default&#8220; text_font_size=&#8220;17px&#8220; max_width=&#8220;900px&#8220; module_alignment=&#8220;center&#8220; global_colors_info=&#8220;{}&#8220;][dsm_icon_list_child text=&#8220;Nagelspangen&#8220; font_icon=&#8220;&#x4e;||divi||400&#8243; _builder_version=&#8220;4.16&#8243; _module_preset=&#8220;default&#8220; global_colors_info=&#8220;{}&#8220;][\/dsm_icon_list_child][dsm_icon_list_child text=&#8220;Nagelaufbau&#8220; font_icon=&#8220;&#x4e;||divi||400&#8243; _builder_version=&#8220;4.16&#8243; _module_preset=&#8220;default&#8220; global_colors_info=&#8220;{}&#8220;][\/dsm_icon_list_child][\/dsm_icon_list][et_pb_text _builder_version=&#8220;4.16&#8243; _module_preset=&#8220;default&#8220; header_2_text_align=&#8220;center&#8220; header_3_text_align=&#8220;left&#8220; custom_margin_tablet=&#8220;&#8220; custom_margin_phone=&#8220;&#8220; custom_margin_last_edited=&#8220;on|desktop&#8220; header_2_font_size_tablet=&#8220;22px&#8220; header_2_font_size_phone=&#8220;18px&#8220; header_2_font_size_last_edited=&#8220;on|desktop&#8220; global_colors_info=&#8220;{}&#8220;]Festigen Sie Ihre Position bei bestehenden Kunden, indem Sie diese fachgerecht beraten und behandeln und gewinnen Sie so viele weitere dankbare Kunden.[\/et_pb_text][\/et_pb_column][\/et_pb_row][\/et_pb_section][et_pb_section fb_built=&#8220;1&#8243; _builder_version=&#8220;4.16&#8243; _module_preset=&#8220;default&#8220; background_color=&#8220;#EF8B14&#8243; positioning=&#8220;none&#8220; position_origin_f=&#8220;bottom_center&#8220; max_width=&#8220;80%&#8220; module_alignment=&#8220;center&#8220; display_conditions=&#8220;W10=&#8220; custom_margin=&#8220;||50px||false|false&#8220; custom_padding=&#8220;0px||0px||true|false&#8220; animation_style=&#8220;slide&#8220; animation_direction=&#8220;bottom&#8220; animation_delay=&#8220;500ms&#8220; animation_intensity_slide=&#8220;4%&#8220; sticky_limit_top=&#8220;body&#8220; sticky_limit_bottom=&#8220;body&#8220; scroll_horizontal_motion=&#8220;0|50|50|100|0|0|2&#8243; global_colors_info=&#8220;{}&#8220;][et_pb_row column_structure=&#8220;1_3,1_3,1_3&#8243; _builder_version=&#8220;4.16&#8243; _module_preset=&#8220;default&#8220; width=&#8220;90%&#8220; custom_padding=&#8220;10px||10px||true|false&#8220; global_colors_info=&#8220;{}&#8220;][et_pb_column type=&#8220;1_3&#8243; module_class=&#8220;vertical-align&#8220; _builder_version=&#8220;4.16&#8243; _module_preset=&#8220;default&#8220; global_colors_info=&#8220;{}&#8220;][et_pb_wc_title product=&#8220;328059&#8243; _builder_version=&#8220;4.16&#8243; _module_preset=&#8220;default&#8220; header_text_color=&#8220;#FFFFFF&#8220; header_font_size=&#8220;26px&#8220; header_text_align_tablet=&#8220;center&#8220; header_text_align_phone=&#8220;&#8220; header_text_align_last_edited=&#8220;on|desktop&#8220; global_colors_info=&#8220;{}&#8220;][\/et_pb_wc_title][\/et_pb_column][et_pb_column type=&#8220;1_3&#8243; module_class=&#8220;vertical-align&#8220; _builder_version=&#8220;4.16&#8243; _module_preset=&#8220;default&#8220; global_colors_info=&#8220;{}&#8220;][et_pb_wc_price product=&#8220;328059&#8243; _builder_version=&#8220;4.16&#8243; _module_preset=&#8220;default&#8220; body_text_color=&#8220;#FFFFFF&#8220; text_orientation=&#8220;center&#8220; text_orientation_tablet=&#8220;&#8220; text_orientation_phone=&#8220;&#8220; text_orientation_last_edited=&#8220;on|desktop&#8220; global_colors_info=&#8220;{}&#8220;][\/et_pb_wc_price][\/et_pb_column][et_pb_column type=&#8220;1_3&#8243; module_class=&#8220;vertical-align&#8220; _builder_version=&#8220;4.16&#8243; _module_preset=&#8220;default&#8220; global_colors_info=&#8220;{}&#8220;][et_pb_wc_add_to_cart product=&#8220;328059&#8243; show_quantity=&#8220;off&#8220; show_stock=&#8220;off&#8220; _builder_version=&#8220;4.16&#8243; _module_preset=&#8220;default&#8220; field_label_text_color=&#8220;#FFFFFF&#8220; custom_button=&#8220;on&#8220; button_text_size=&#8220;18px&#8220; button_text_color=&#8220;#EF8B14&#8243; button_bg_color=&#8220;#FFFFFF&#8220; button_border_color=&#8220;#FFFFFF&#8220; button_use_icon=&#8220;off&#8220; position_origin_a=&#8220;bottom_center&#8220; text_orientation=&#8220;center&#8220; width=&#8220;100%&#8220; text_orientation_tablet=&#8220;center&#8220; text_orientation_phone=&#8220;&#8220; text_orientation_last_edited=&#8220;on|desktop&#8220; body_text_color=&#8220;#FFFFFF&#8220; global_colors_info=&#8220;{}&#8220; button_border_color__hover_enabled=&#8220;on|hover&#8220; button_border_color__hover=&#8220;#6B675C&#8220; button_bg_color__hover_enabled=&#8220;on|hover&#8220; button_bg_color__hover=&#8220;#6B675C&#8220; button_bg_enable_color__hover=&#8220;on&#8220; button_text_color__hover_enabled=&#8220;on|desktop&#8220; button_text_color__hover=&#8220;#FFFFFF&#8220;][\/et_pb_wc_add_to_cart][\/et_pb_column][\/et_pb_row][\/et_pb_section]<\/p>\n","protected":false},"excerpt":{"rendered":"<p>Das Berufsbild der Fu\u00dfpflegeIm Zuge der Gesundheitsvorsorge bietet Ihnen das Berufsbild der Fu\u00dfpflege nicht nur ein breites Spektrum an Behandlungen, sie stellt als Prophylaxe eine absolute Notwendigkeit dar, und bietet Ihnen so einen sicheren Einstieg. Als Fu\u00dfpflegefachkraft k\u00f6nnen Sie einen gro\u00dfen Beitrag zur Gesunderhaltung der F\u00fc\u00dfe leisten. Neben der eingehenden Pflege der F\u00fc\u00dfe umfasst dieses Berufsbild auch vorbeugende und regulierende Anwendungen. Ein sehr gutes Beispiel ist hier die BS Nagelspangentechnik. Als selbstst\u00e4ndig arbeitende Fu\u00dfpflegerin bestimmen Sie die Ma\u00dfnahmen und Methoden und \u00fcben Ihren Beruf weitestgehend eigenst\u00e4ndig aus. Durch die einzigartigen Behandlungs-Konzepte und eine konsequent medizinische Aus-richtung arbeiten Sie von Anfang an auf einem sehr anspruchsvollem Niveau. Obwohl Sie nach unserem einw\u00f6chigen Standardtraining ein sehr profundes Praxiswissen haben, ist es notwendig darauf aufzubauen. Gerade in der heutigen Zeit ist es wichtiger denn je erstklassige Arbeit am Kunden abzuliefern denn der Kunde von heute ist nicht nur anspruchsvoller und kritischer geworden auch das Angebot ist gestiegen. Stellen Sie sich einmal vor wie es w\u00e4re, wenn Sie sich in nur einem Jahr eine v\u00f6llig neue Existenz aufbauen k\u00f6nnten. Genau das ist unser Ziel \u2013 wir machen einen brillanten Berufspraktiker aus Ihnen. Durch ein H\u00f6chstma\u00df an praxisnahem Intensivtraining vermitteln wir Ihnen alle Handlings und [&hellip;]<\/p>\n","protected":false},"author":1,"featured_media":0,"parent":0,"menu_order":0,"comment_status":"closed","ping_status":"closed","template":"","meta":{"_et_pb_use_builder":"on","_et_pb_old_content":"","_et_gb_content_width":"","footnotes":""},"class_list":["post-327882","page","type-page","status-publish","hentry"],"_links":{"self":[{"href":"https:\/\/shop.cosmeda-akademie.de\/en\/wp-json\/wp\/v2\/pages\/327882","targetHints":{"allow":["GET"]}}],"collection":[{"href":"https:\/\/shop.cosmeda-akademie.de\/en\/wp-json\/wp\/v2\/pages"}],"about":[{"href":"https:\/\/shop.cosmeda-akademie.de\/en\/wp-json\/wp\/v2\/types\/page"}],"author":[{"embeddable":true,"href":"https:\/\/shop.cosmeda-akademie.de\/en\/wp-json\/wp\/v2\/users\/1"}],"replies":[{"embeddable":true,"href":"https:\/\/shop.cosmeda-akademie.de\/en\/wp-json\/wp\/v2\/comments?post=327882"}],"version-history":[{"count":1,"href":"https:\/\/shop.cosmeda-akademie.de\/en\/wp-json\/wp\/v2\/pages\/327882\/revisions"}],"predecessor-version":[{"id":329151,"href":"https:\/\/shop.cosmeda-akademie.de\/en\/wp-json\/wp\/v2\/pages\/327882\/revisions\/329151"}],"wp:attachment":[{"href":"https:\/\/shop.cosmeda-akademie.de\/en\/wp-json\/wp\/v2\/media?parent=327882"}],"curies":[{"name":"wp","href":"https:\/\/api.w.org\/{rel}","templated":true}]}}