{"id":327884,"date":"2021-10-06T19:30:43","date_gmt":"2021-10-06T17:30:43","guid":{"rendered":"https:\/\/cosmeda-akademie.de\/?page_id=327884"},"modified":"2021-10-20T12:09:52","modified_gmt":"2021-10-20T10:09:52","slug":"nagelspangentechnik","status":"publish","type":"page","link":"https:\/\/shop.cosmeda-akademie.de\/en\/nagelspangentechnik\/","title":{"rendered":"nail brace technique"},"content":{"rendered":"<p>[et_pb_section fb_built=&#8220;1&#8243; custom_padding_last_edited=&#8220;on|phone&#8220; module_class=&#8220;dtb-mobile-parallax&#8220; _builder_version=&#8220;4.11.2&#8243; _module_preset=&#8220;default&#8220; background_image=&#8220;https:\/\/shop.cosmeda-akademie.de\/wp-content\/uploads\/2021\/10\/delicate-nude-manicure-close-up-banner.jpg&#8220; custom_padding=&#8220;130px||130px||true|false&#8220; custom_padding_tablet=&#8220;100px||100px||true|false&#8220; custom_padding_phone=&#8220;100px||100px||true|false&#8220; custom_css_main_element=&#8220;background-attachment: fixed;||background-repeat: no-repeat;||background-size: cover;||background-position: top center;&#8220; global_colors_info=&#8220;{}&#8220;][et_pb_row _builder_version=&#8220;4.11.2&#8243; _module_preset=&#8220;default&#8220; background_color=&#8220;rgba(0,0,0,0.27)&#8220; max_width=&#8220;700px&#8220; module_alignment=&#8220;center&#8220; custom_padding=&#8220;15px||15px||true|false&#8220; hover_enabled=&#8220;0&#8243; global_colors_info=&#8220;{}&#8220; animation_style=&#8220;slide&#8220; animation_intensity_slide=&#8220;4%&#8220; animation_delay=&#8220;150ms&#8220; sticky_enabled=&#8220;0&#8243;][et_pb_column type=&#8220;4_4&#8243; _builder_version=&#8220;4.11.1&#8243; _module_preset=&#8220;default&#8220; global_colors_info=&#8220;{}&#8220;][et_pb_text _builder_version=&#8220;4.11.1&#8243; _dynamic_attributes=&#8220;content&#8220; _module_preset=&#8220;default&#8220; header_font=&#8220;||||||||&#8220; header_text_align=&#8220;center&#8220; header_text_color=&#8220;#FFFFFF&#8220; header_font_size=&#8220;40px&#8220; header_font_size_tablet=&#8220;35px&#8220; header_font_size_phone=&#8220;23px&#8220; header_font_size_last_edited=&#8220;on|desktop&#8220; global_colors_info=&#8220;{}&#8220;]@ET-DC@eyJkeW5hbWljIjp0cnVlLCJjb250ZW50IjoicG9zdF90aXRsZSIsInNldHRpbmdzIjp7ImJlZm9yZSI6IjxoMT4iLCJhZnRlciI6IjwvaDE+In19@[\/et_pb_text][\/et_pb_column][\/et_pb_row][\/et_pb_section][et_pb_section fb_built=&#8220;1&#8243; _builder_version=&#8220;4.11.2&#8243; _module_preset=&#8220;default&#8220; use_background_color_gradient=&#8220;on&#8220; background_color_gradient_start=&#8220;#ffffff&#8220; background_color_gradient_end=&#8220;#ef8b14&#8243; background_color_gradient_direction=&#8220;90deg&#8220; background_color_gradient_start_position=&#8220;98%&#8220; background_color_gradient_end_position=&#8220;2%&#8220; global_colors_info=&#8220;{}&#8220;][et_pb_row _builder_version=&#8220;4.11.1&#8243; _module_preset=&#8220;default&#8220; custom_padding=&#8220;||1px|||&#8220; global_colors_info=&#8220;{}&#8220;][et_pb_column type=&#8220;4_4&#8243; _builder_version=&#8220;4.11.1&#8243; _module_preset=&#8220;default&#8220; global_colors_info=&#8220;{}&#8220;][et_pb_text _builder_version=&#8220;4.11.2&#8243; _module_preset=&#8220;default&#8220; header_2_text_align=&#8220;center&#8220; text_orientation=&#8220;center&#8220; custom_margin=&#8220;||5px|||&#8220; header_2_font_size_tablet=&#8220;22px&#8220; header_2_font_size_phone=&#8220;18px&#8220; header_2_font_size_last_edited=&#8220;on|desktop&#8220; global_colors_info=&#8220;{}&#8220;]<\/p>\n<h2>2 Tage \u00b7 Profi-Schulung zur Naildesigner\/in <\/h2>\n<p>[\/et_pb_text][et_pb_divider divider_weight=&#8220;2px&#8220; _builder_version=&#8220;4.11.1&#8243; _module_preset=&#8220;default&#8220; width=&#8220;150px&#8220; module_alignment=&#8220;center&#8220; custom_margin=&#8220;||0px||false|false&#8220; global_colors_info=&#8220;{}&#8220;][\/et_pb_divider][\/et_pb_column][\/et_pb_row][et_pb_row _builder_version=&#8220;4.11.2&#8243; _module_preset=&#8220;default&#8220; custom_padding=&#8220;20px|||||&#8220; global_colors_info=&#8220;{}&#8220;][et_pb_column type=&#8220;4_4&#8243; _builder_version=&#8220;4.11.2&#8243; _module_preset=&#8220;default&#8220; global_colors_info=&#8220;{}&#8220;][et_pb_text _builder_version=&#8220;4.11.2&#8243; _module_preset=&#8220;default&#8220; header_2_text_align=&#8220;center&#8220; text_orientation=&#8220;center&#8220; global_colors_info=&#8220;{}&#8220;]Gepflegte H\u00e4nde und Finger n\u00e4gel sind die Visitenkarte der Frau von heute. Ob als Voll existenz oder 2. Standbein, als Nail designer\/in liegen Sie voll im Trend. Besonders in Kombination mit dem Beruf der Kosmetiker\/in und Fu\u00dfpfleger\/in k\u00f6nnen Sie sich schnell eine lukrative Existenz aufbauen.<\/p>\n<p>Mit dieser Ausbildung haben Sie in k\u00fcrzester Zeit hervorragende Fachkenntnisse und k\u00f6nnen nach zweij\u00e4hriger Berufst\u00e4tigkeit als Naildesigner\/in eine Pr\u00fcfung bei der Handwerkskammer in Hamburg, D\u00fcsseldorf und Gera ablegen. Zur Vorbereitung auf die Handwerkskammerpr\u00fcfung k\u00f6nnen Sie das offizielle Lehrbuch HWK beim Bundesverband deutscher Naildesigner erwerben.[\/et_pb_text][\/et_pb_column][\/et_pb_row][\/et_pb_section][et_pb_section fb_built=&#8220;1&#8243; module_class=&#8220;dtb-mobile-parallax&#8220; _builder_version=&#8220;4.11.2&#8243; _module_preset=&#8220;default&#8220; background_image=&#8220;https:\/\/shop.cosmeda-akademie.de\/wp-content\/uploads\/2021\/10\/beautiful-woman-with-perfect-make-up-blue-manicure-wearing-jewellery.jpg&#8220; custom_css_main_element=&#8220;background-attachment: fixed;||background-repeat: no-repeat;||background-size: cover;||background-position: top center;&#8220; global_colors_info=&#8220;{}&#8220;][et_pb_row column_structure=&#8220;1_2,1_2&#8243; _builder_version=&#8220;4.11.2&#8243; _module_preset=&#8220;default&#8220; global_colors_info=&#8220;{}&#8220;][et_pb_column type=&#8220;1_2&#8243; _builder_version=&#8220;4.11.2&#8243; _module_preset=&#8220;default&#8220; background_color=&#8220;rgba(255,255,255,0.82)&#8220; custom_padding=&#8220;50px|50px|50px|50px|false|false&#8220; custom_padding_tablet=&#8220;25px|25px|25px|25px|false|false&#8220; custom_padding_phone=&#8220;10px|10px|10px|10px|false|false&#8220; custom_padding_last_edited=&#8220;on|phone&#8220; global_colors_info=&#8220;{}&#8220;][et_pb_text _builder_version=&#8220;4.11.2&#8243; _module_preset=&#8220;default&#8220; text_text_color=&#8220;#FFFFFF&#8220; header_3_text_color=&#8220;#EF8B14&#8243; global_colors_info=&#8220;{}&#8220;]<\/p>\n<h3>1,5 Tage Nagelspangentechik-Lehrgang<\/h3>\n<p>[\/et_pb_text][et_pb_divider divider_weight=&#8220;2px&#8220; _builder_version=&#8220;4.11.2&#8243; _module_preset=&#8220;default&#8220; width=&#8220;150px&#8220; module_alignment=&#8220;left&#8220; custom_margin=&#8220;||0px||false|false&#8220; global_colors_info=&#8220;{}&#8220;][\/et_pb_divider][et_pb_text _builder_version=&#8220;4.11.2&#8243; _module_preset=&#8220;default&#8220; text_text_color=&#8220;#000000&#8243; global_colors_info=&#8220;{}&#8220;]Die Orthonyxie oder Nagelspangentechnik ist eine sehr bew\u00e4hrte, anerkannte Behandlungsmethode zur Behandlung eingewachsener Zehenn\u00e4gel. Mit dieser Anwendung k\u00f6nnen Sie Ihre Kunden vor einer \u00e4u\u00dferst schmerzhaften Extraktion des Nagels oder auch Teilextraktion der Nagelwurzel bewahren. Ganz abgesehen davon kann der Nagel nicht mehr \u00e4sthetisch nachwachsen, wurde er erst einmal vom Chi-rurgen entfernt.[\/et_pb_text][et_pb_text _builder_version=&#8220;4.11.2&#8243; _module_preset=&#8220;default&#8220; text_text_color=&#8220;#000000&#8243; global_colors_info=&#8220;{}&#8220;]Vom Prinzip gleicht die Nagelspange der Zahnspan- ge. Anhand eines Gipsmodells wird die Spange ganz individuell angefertigt. Durch die leichte Zugwirkung der Nagelspange wird das Nagelbett weitestgehend in seine normale Form zur\u00fcck versetzt. Der Patient ist recht schnell beschwerdefrei. Die Behandlung dauert 12-14 Monate und hat eine Erfolgsrate von 98%. Mit dieser Ma\u00dfnahme gewinnen Sie viele dankbare Kun- den und ein interessantes Zusatzeinkommen.[\/et_pb_text][\/et_pb_column][et_pb_column type=&#8220;1_2&#8243; _builder_version=&#8220;4.11.1&#8243; _module_preset=&#8220;default&#8220; global_colors_info=&#8220;{}&#8220;][\/et_pb_column][\/et_pb_row][\/et_pb_section][et_pb_section fb_built=&#8220;1&#8243; _builder_version=&#8220;4.11.1&#8243; _module_preset=&#8220;default&#8220; custom_padding=&#8220;||32px|||&#8220; global_colors_info=&#8220;{}&#8220;][et_pb_row column_structure=&#8220;1_2,1_2&#8243; _builder_version=&#8220;4.11.2&#8243; _module_preset=&#8220;default&#8220; custom_padding=&#8220;||42px|||&#8220; hover_enabled=&#8220;0&#8243; global_colors_info=&#8220;{}&#8220; sticky_enabled=&#8220;0&#8243;][et_pb_column type=&#8220;1_2&#8243; module_class=&#8220;vertical-align&#8220; _builder_version=&#8220;4.11.2&#8243; _module_preset=&#8220;default&#8220; hover_enabled=&#8220;0&#8243; global_colors_info=&#8220;{}&#8220; animation_style=&#8220;slide&#8220; animation_direction=&#8220;left&#8220; animation_delay=&#8220;150ms&#8220; animation_intensity_slide=&#8220;4%&#8220; sticky_enabled=&#8220;0&#8243;][et_pb_text _builder_version=&#8220;4.11.2&#8243; _module_preset=&#8220;default&#8220; header_2_text_align=&#8220;center&#8220; header_3_text_align=&#8220;left&#8220; header_3_text_color=&#8220;#EF8B14&#8243; text_orientation=&#8220;center&#8220; custom_margin=&#8220;||5px|||&#8220; header_2_font_size_tablet=&#8220;22px&#8220; header_2_font_size_phone=&#8220;18px&#8220; header_2_font_size_last_edited=&#8220;on|desktop&#8220; global_colors_info=&#8220;{}&#8220;]<\/p>\n<h3>Kursinhalte:<\/h3>\n<p>[\/et_pb_text][et_pb_divider divider_weight=&#8220;2px&#8220; _builder_version=&#8220;4.11.2&#8243; _module_preset=&#8220;default&#8220; width=&#8220;50px&#8220; module_alignment=&#8220;left&#8220; custom_margin=&#8220;||0px||false|false&#8220; locked=&#8220;off&#8220; global_colors_info=&#8220;{}&#8220;][\/et_pb_divider][dsm_icon_list icon_color=&#8220;#EF8B14&#8243; icon_font_size=&#8220;25px&#8220; list_space_between=&#8220;10px&#8220; text_indent=&#8220;15px&#8220; _builder_version=&#8220;4.11.2&#8243; _module_preset=&#8220;default&#8220; text_font_size=&#8220;16px&#8220; global_colors_info=&#8220;{}&#8220;][dsm_icon_list_child text=&#8220;Anatomie &#038; Physiologie des Nagels&#8220; font_icon=&#8220;%%45%%&#8220; _builder_version=&#8220;4.11.2&#8243; _module_preset=&#8220;default&#8220; global_colors_info=&#8220;{}&#8220;][\/dsm_icon_list_child][dsm_icon_list_child text=&#8220;Desinfektion &#038; Hygiene&#8220; font_icon=&#8220;%%45%%&#8220; _builder_version=&#8220;4.11.2&#8243; _module_preset=&#8220;default&#8220; global_colors_info=&#8220;{}&#8220;][\/dsm_icon_list_child][dsm_icon_list_child text=&#8220;Grundarbeitsschritte&#8220; font_icon=&#8220;%%45%%&#8220; _builder_version=&#8220;4.11.2&#8243; _module_preset=&#8220;default&#8220; global_colors_info=&#8220;{}&#8220;][\/dsm_icon_list_child][dsm_icon_list_child text=&#8220;Umgang mit Basisinstrumenten&#8220; font_icon=&#8220;%%45%%&#8220; _builder_version=&#8220;4.11.2&#8243; _module_preset=&#8220;default&#8220; global_colors_info=&#8220;{}&#8220;][\/dsm_icon_list_child][dsm_icon_list_child text=&#8220;Feiltechniken&#8220; font_icon=&#8220;%%45%%&#8220; _builder_version=&#8220;4.11.2&#8243; _module_preset=&#8220;default&#8220; global_colors_info=&#8220;{}&#8220;][\/dsm_icon_list_child][dsm_icon_list_child text=&#8220;Lichth\u00e4rtung als System&#8220; font_icon=&#8220;%%45%%&#8220; _builder_version=&#8220;4.11.2&#8243; _module_preset=&#8220;default&#8220; global_colors_info=&#8220;{}&#8220;][\/dsm_icon_list_child][dsm_icon_list_child text=&#8220;Modellagesysteme&#8220; font_icon=&#8220;%%45%%&#8220; _builder_version=&#8220;4.11.2&#8243; _module_preset=&#8220;default&#8220; global_colors_info=&#8220;{}&#8220;][\/dsm_icon_list_child][dsm_icon_list_child text=&#8220;Tip- &#038; Schablonentechnik&#8220; font_icon=&#8220;%%45%%&#8220; _builder_version=&#8220;4.11.2&#8243; _module_preset=&#8220;default&#8220; global_colors_info=&#8220;{}&#8220;][\/dsm_icon_list_child][dsm_icon_list_child text=&#8220;Refill in Theorie und Praxis&#8220; font_icon=&#8220;%%45%%&#8220; _builder_version=&#8220;4.11.2&#8243; _module_preset=&#8220;default&#8220; global_colors_info=&#8220;{}&#8220;][\/dsm_icon_list_child][dsm_icon_list_child text=&#8220;Frenchmanik\u00fcre&#8220; font_icon=&#8220;%%45%%&#8220; _builder_version=&#8220;4.11.2&#8243; _module_preset=&#8220;default&#8220; global_colors_info=&#8220;{}&#8220;][\/dsm_icon_list_child][dsm_icon_list_child text=&#8220;1 bzw. 3 Phasen-Material&#8220; font_icon=&#8220;%%45%%&#8220; _builder_version=&#8220;4.11.2&#8243; _module_preset=&#8220;default&#8220; global_colors_info=&#8220;{}&#8220;][\/dsm_icon_list_child][dsm_icon_list_child text=&#8220;Kunstnagelreparaturen &#8220; font_icon=&#8220;%%45%%&#8220; _builder_version=&#8220;4.11.2&#8243; _module_preset=&#8220;default&#8220; global_colors_info=&#8220;{}&#8220;][\/dsm_icon_list_child][dsm_icon_list_child text=&#8220;Naturnagelverst\u00e4rkungen  in Theorie und Praxis&#8220; font_icon=&#8220;%%45%%&#8220; _builder_version=&#8220;4.11.2&#8243; _module_preset=&#8220;default&#8220; global_colors_info=&#8220;{}&#8220;][\/dsm_icon_list_child][\/dsm_icon_list][\/et_pb_column][et_pb_column type=&#8220;1_2&#8243; _builder_version=&#8220;4.11.2&#8243; _module_preset=&#8220;default&#8220; hover_enabled=&#8220;0&#8243; global_colors_info=&#8220;{}&#8220; animation_style=&#8220;slide&#8220; animation_direction=&#8220;right&#8220; animation_intensity_slide=&#8220;4%&#8220; animation_delay=&#8220;150ms&#8220; sticky_enabled=&#8220;0&#8243;][et_pb_image src=&#8220;https:\/\/shop.cosmeda-akademie.de\/wp-content\/uploads\/2021\/10\/cosmeda-broschuere-121422_mail.jpg&#8220; title_text=&#8220;cosmeda-broschuere-121422_mail&#8220; align=&#8220;center&#8220; force_fullwidth=&#8220;on&#8220; _builder_version=&#8220;4.11.2&#8243; _module_preset=&#8220;default&#8220; global_colors_info=&#8220;{}&#8220;][\/et_pb_image][\/et_pb_column][\/et_pb_row][\/et_pb_section][et_pb_section fb_built=&#8220;1&#8243; _builder_version=&#8220;4.11.2&#8243; _module_preset=&#8220;default&#8220; background_color=&#8220;#EF8B14&#8243; positioning=&#8220;none&#8220; position_origin_f=&#8220;bottom_center&#8220; max_width=&#8220;80%&#8220; max_width_tablet=&#8220;100%&#8220; max_width_phone=&#8220;&#8220; max_width_last_edited=&#8220;on|desktop&#8220; module_alignment=&#8220;center&#8220; display_conditions=&#8220;W10=&#8220; custom_margin=&#8220;0px||50px||false|false&#8220; custom_padding=&#8220;0px||0px||true|false&#8220; animation_style=&#8220;slide&#8220; animation_direction=&#8220;bottom&#8220; animation_delay=&#8220;500ms&#8220; animation_intensity_slide=&#8220;4%&#8220; sticky_limit_top=&#8220;body&#8220; sticky_limit_bottom=&#8220;body&#8220; scroll_horizontal_motion=&#8220;0|50|50|100|0|0|2&#8243; global_colors_info=&#8220;{}&#8220;][et_pb_row column_structure=&#8220;1_3,1_3,1_3&#8243; _builder_version=&#8220;4.11.1&#8243; _module_preset=&#8220;default&#8220; custom_padding=&#8220;10px||10px||true|false&#8220; global_colors_info=&#8220;{}&#8220;][et_pb_column type=&#8220;1_3&#8243; module_class=&#8220;vertical-align&#8220; _builder_version=&#8220;4.11.1&#8243; _module_preset=&#8220;default&#8220; global_colors_info=&#8220;{}&#8220;][et_pb_wc_title product=&#8220;328057&#8243; _builder_version=&#8220;4.11.2&#8243; _module_preset=&#8220;default&#8220; header_text_color=&#8220;#FFFFFF&#8220; header_font_size=&#8220;26px&#8220; header_text_align_tablet=&#8220;center&#8220; header_text_align_phone=&#8220;&#8220; header_text_align_last_edited=&#8220;on|desktop&#8220; global_colors_info=&#8220;{}&#8220;][\/et_pb_wc_title][\/et_pb_column][et_pb_column type=&#8220;1_3&#8243; module_class=&#8220;vertical-align&#8220; _builder_version=&#8220;4.11.1&#8243; _module_preset=&#8220;default&#8220; global_colors_info=&#8220;{}&#8220;][et_pb_wc_price product=&#8220;328057&#8243; _builder_version=&#8220;4.11.2&#8243; _module_preset=&#8220;default&#8220; body_text_color=&#8220;#FFFFFF&#8220; text_orientation=&#8220;center&#8220; text_orientation_tablet=&#8220;&#8220; text_orientation_phone=&#8220;&#8220; text_orientation_last_edited=&#8220;on|desktop&#8220; global_colors_info=&#8220;{}&#8220;][\/et_pb_wc_price][\/et_pb_column][et_pb_column type=&#8220;1_3&#8243; module_class=&#8220;vertical-align&#8220; _builder_version=&#8220;4.11.1&#8243; _module_preset=&#8220;default&#8220; global_colors_info=&#8220;{}&#8220;][et_pb_wc_add_to_cart product=&#8220;328057&#8243; show_quantity=&#8220;off&#8220; show_stock=&#8220;off&#8220; _builder_version=&#8220;4.11.2&#8243; _module_preset=&#8220;default&#8220; body_text_color=&#8220;#FFFFFF&#8220; custom_button=&#8220;on&#8220; button_text_size=&#8220;18px&#8220; button_text_color=&#8220;#EF8B14&#8243; button_bg_color=&#8220;#FFFFFF&#8220; button_border_color=&#8220;#FFFFFF&#8220; button_use_icon=&#8220;off&#8220; position_origin_a=&#8220;bottom_center&#8220; text_orientation=&#8220;center&#8220; width=&#8220;100%&#8220; text_orientation_tablet=&#8220;center&#8220; text_orientation_phone=&#8220;&#8220; text_orientation_last_edited=&#8220;on|desktop&#8220; global_colors_info=&#8220;{}&#8220; button_border_color__hover_enabled=&#8220;on|hover&#8220; button_border_color__hover=&#8220;#6B675C&#8220; button_bg_color__hover_enabled=&#8220;on|hover&#8220; button_bg_color__hover=&#8220;#6B675C&#8220; button_bg_enable_color__hover=&#8220;on&#8220; button_text_color__hover_enabled=&#8220;on|desktop&#8220; button_text_color__hover=&#8220;#FFFFFF&#8220;][\/et_pb_wc_add_to_cart][\/et_pb_column][\/et_pb_row][\/et_pb_section]<\/p>\n","protected":false},"excerpt":{"rendered":"<p>2 Tage \u00b7 Profi-Schulung zur Naildesigner\/in Gepflegte H\u00e4nde und Finger n\u00e4gel sind die Visitenkarte der Frau von heute. Ob als Voll existenz oder 2. Standbein, als Nail designer\/in liegen Sie voll im Trend. Besonders in Kombination mit dem Beruf der Kosmetiker\/in und Fu\u00dfpfleger\/in k\u00f6nnen Sie sich schnell eine lukrative Existenz aufbauen. Mit dieser Ausbildung haben Sie in k\u00fcrzester Zeit hervorragende Fachkenntnisse und k\u00f6nnen nach zweij\u00e4hriger Berufst\u00e4tigkeit als Naildesigner\/in eine Pr\u00fcfung bei der Handwerkskammer in Hamburg, D\u00fcsseldorf und Gera ablegen. Zur Vorbereitung auf die Handwerkskammerpr\u00fcfung k\u00f6nnen Sie das offizielle Lehrbuch HWK beim Bundesverband deutscher Naildesigner erwerben.1,5 Tage Nagelspangentechik-LehrgangDie Orthonyxie oder Nagelspangentechnik ist eine sehr bew\u00e4hrte, anerkannte Behandlungsmethode zur Behandlung eingewachsener Zehenn\u00e4gel. Mit dieser Anwendung k\u00f6nnen Sie Ihre Kunden vor einer \u00e4u\u00dferst schmerzhaften Extraktion des Nagels oder auch Teilextraktion der Nagelwurzel bewahren. Ganz abgesehen davon kann der Nagel nicht mehr \u00e4sthetisch nachwachsen, wurde er erst einmal vom Chi-rurgen entfernt.Vom Prinzip gleicht die Nagelspange der Zahnspan- ge. Anhand eines Gipsmodells wird die Spange ganz individuell angefertigt. Durch die leichte Zugwirkung der Nagelspange wird das Nagelbett weitestgehend in seine normale Form zur\u00fcck versetzt. Der Patient ist recht schnell beschwerdefrei. Die Behandlung dauert 12-14 Monate und hat eine Erfolgsrate von 98%. Mit dieser Ma\u00dfnahme gewinnen [&hellip;]<\/p>\n","protected":false},"author":1,"featured_media":0,"parent":0,"menu_order":0,"comment_status":"closed","ping_status":"closed","template":"","meta":{"_et_pb_use_builder":"on","_et_pb_old_content":"","_et_gb_content_width":"","footnotes":""},"class_list":["post-327884","page","type-page","status-publish","hentry"],"_links":{"self":[{"href":"https:\/\/shop.cosmeda-akademie.de\/en\/wp-json\/wp\/v2\/pages\/327884","targetHints":{"allow":["GET"]}}],"collection":[{"href":"https:\/\/shop.cosmeda-akademie.de\/en\/wp-json\/wp\/v2\/pages"}],"about":[{"href":"https:\/\/shop.cosmeda-akademie.de\/en\/wp-json\/wp\/v2\/types\/page"}],"author":[{"embeddable":true,"href":"https:\/\/shop.cosmeda-akademie.de\/en\/wp-json\/wp\/v2\/users\/1"}],"replies":[{"embeddable":true,"href":"https:\/\/shop.cosmeda-akademie.de\/en\/wp-json\/wp\/v2\/comments?post=327884"}],"version-history":[{"count":0,"href":"https:\/\/shop.cosmeda-akademie.de\/en\/wp-json\/wp\/v2\/pages\/327884\/revisions"}],"wp:attachment":[{"href":"https:\/\/shop.cosmeda-akademie.de\/en\/wp-json\/wp\/v2\/media?parent=327884"}],"curies":[{"name":"wp","href":"https:\/\/api.w.org\/{rel}","templated":true}]}}