{"id":328704,"date":"2021-11-01T17:57:39","date_gmt":"2021-11-01T16:57:39","guid":{"rendered":"https:\/\/cosmeda-akademie.de\/?page_id=328704"},"modified":"2025-04-30T12:31:46","modified_gmt":"2025-04-30T10:31:46","slug":"rinteln","status":"publish","type":"page","link":"https:\/\/shop.cosmeda-akademie.de\/en\/rinteln\/","title":{"rendered":"Cosmeda Rinteln"},"content":{"rendered":"<p>[et_pb_section fb_built=&#8220;1&#8243; custom_padding_last_edited=&#8220;on|phone&#8220; module_class=&#8220;dtb-mobile-parallax&#8220; _builder_version=&#8220;4.16&#8243; _module_preset=&#8220;default&#8220; background_image=&#8220;https:\/\/shop.cosmeda-akademie.de\/wp-content\/uploads\/2021\/11\/Cosmeda6.jpg&#8220; custom_padding=&#8220;152px||152px||true|false&#8220; custom_padding_tablet=&#8220;100px||100px||true|false&#8220; custom_padding_phone=&#8220;70px||70px||true|false&#8220; custom_css_main_element=&#8220;background-attachment: fixed;||background-repeat: no-repeat;||background-size: cover;||background-position: center;&#8220; global_colors_info=&#8220;{}&#8220;][et_pb_row _builder_version=&#8220;4.16&#8243; _module_preset=&#8220;default&#8220; background_color=&#8220;rgba(0,0,0,0.43)&#8220; max_width=&#8220;700px&#8220; module_alignment=&#8220;center&#8220; custom_padding=&#8220;15px||15px||true|false&#8220; animation_style=&#8220;slide&#8220; animation_delay=&#8220;150ms&#8220; animation_intensity_slide=&#8220;4%&#8220; global_colors_info=&#8220;{}&#8220;][et_pb_column type=&#8220;4_4&#8243; _builder_version=&#8220;4.16&#8243; _module_preset=&#8220;default&#8220; global_colors_info=&#8220;{}&#8220;][et_pb_text _builder_version=&#8220;4.16&#8243; _module_preset=&#8220;default&#8220; text_text_color=&#8220;#FFFFFF&#8220; header_3_text_color=&#8220;#FFFFFF&#8220; header_3_line_height=&#8220;1.3em&#8220; text_orientation=&#8220;center&#8220; header_3_font_size_tablet=&#8220;20px&#8220; header_3_font_size_phone=&#8220;18px&#8220; header_3_font_size_last_edited=&#8220;on|phone&#8220; global_colors_info=&#8220;{}&#8220;]<\/p>\n<h3>Dies ist unser erster Standort im sch\u00f6nen idyllischen<\/h3>\n<p>[\/et_pb_text][et_pb_text _builder_version=&#8220;4.16&#8243; _module_preset=&#8220;default&#8220; header_font=&#8220;||||||||&#8220; header_text_align=&#8220;center&#8220; header_text_color=&#8220;#FFFFFF&#8220; header_font_size=&#8220;40px&#8220; custom_padding=&#8220;||0px|||&#8220; header_font_size_tablet=&#8220;35px&#8220; header_font_size_phone=&#8220;23px&#8220; header_font_size_last_edited=&#8220;on|desktop&#8220; global_colors_info=&#8220;{}&#8220;]<\/p>\n<h1>Rinteln<\/h1>\n<p>[\/et_pb_text][\/et_pb_column][\/et_pb_row][\/et_pb_section][et_pb_section fb_built=&#8220;1&#8243; _builder_version=&#8220;4.16&#8243; _module_preset=&#8220;default&#8220; use_background_color_gradient=&#8220;on&#8220; background_color_gradient_direction=&#8220;90deg&#8220; background_color_gradient_stops=&#8220;#ffffff 98%|#ef8b14 98%&#8220; background_color_gradient_start=&#8220;#ffffff&#8220; background_color_gradient_start_position=&#8220;98%&#8220; background_color_gradient_end=&#8220;#ef8b14&#8243; background_color_gradient_end_position=&#8220;2%&#8220; global_colors_info=&#8220;{}&#8220;][et_pb_row _builder_version=&#8220;4.16&#8243; _module_preset=&#8220;default&#8220; global_colors_info=&#8220;{}&#8220;][et_pb_column type=&#8220;4_4&#8243; _builder_version=&#8220;4.16&#8243; _module_preset=&#8220;default&#8220; global_colors_info=&#8220;{}&#8220;][et_pb_text _builder_version=&#8220;4.16&#8243; _module_preset=&#8220;default&#8220; header_2_text_align=&#8220;center&#8220; header_2_line_height=&#8220;1.4em&#8220; text_orientation=&#8220;center&#8220; max_width=&#8220;800px&#8220; module_alignment=&#8220;center&#8220; custom_margin=&#8220;||5px|||&#8220; header_2_font_size_tablet=&#8220;22px&#8220; header_2_font_size_phone=&#8220;18px&#8220; header_2_font_size_last_edited=&#8220;on|desktop&#8220; global_colors_info=&#8220;{}&#8220;]<\/p>\n<h2>Traumberuf Kosmetikerin &#8211; Lernen wo andere Urlaub machen &#8211; COSMEDA AKADEMIE Hauptfiliale in Rinteln<\/h2>\n<p>[\/et_pb_text][et_pb_divider divider_weight=&#8220;2px&#8220; _builder_version=&#8220;4.16&#8243; _module_preset=&#8220;default&#8220; width=&#8220;150px&#8220; module_alignment=&#8220;center&#8220; custom_margin=&#8220;||0px||false|false&#8220; global_colors_info=&#8220;{}&#8220;][\/et_pb_divider][et_pb_text _builder_version=&#8220;4.16&#8243; _module_preset=&#8220;default&#8220; header_2_text_align=&#8220;center&#8220; header_3_text_color=&#8220;#EF8B14&#8243; text_orientation=&#8220;center&#8220; max_width=&#8220;950px&#8220; module_alignment=&#8220;center&#8220; global_colors_info=&#8220;{}&#8220;]<\/p>\n<h3><span>Wir hei\u00dfen Sie Herzlich Willkommen<\/span><\/h3>\n<p><span>NEU! nun in der Seetorstra\u00dfe 2 in Rinteln &amp; ab August 2023 auch in Hannover, Aegidiendamm 3. Sie im Kosmetik- und Wellnessbereich in Theorie und Praxis erfolgreich auf den Weg zu bringen ist unsere Mission. Wir begleiten Sie auch gerne nach der Ausbildung.<\/span><\/p>\n<p><span>Wir befinden uns direkt an der Weser und verkehrsg\u00fcnstig an der A2, zwischen Bielefeld und Hannover.<br \/>Aus der Praxis f\u00fcr die Praxis ist unser Motto. Sie haben zudem die M\u00f6glichkeit sich vorab neben dem Beruf online \u00fcber unsere E-Learning Plattform vorzubereiten und dann anschlie\u00dfend f\u00fcr 6 Praxistage in der Kosmetik, sowie f\u00fcr 3 Praxistage in der Fu\u00dfpflege zu uns zu kommen. In diesen Tagen sollten Sie sich auch nichts anderes einplanen, denn hier wird Intensiv praktisch gelernt, bis alles sitzt.<\/span><\/p>\n<p><span><\/span><\/p>\n<p>[\/et_pb_text][\/et_pb_column][\/et_pb_row][\/et_pb_section][et_pb_section fb_built=&#8220;1&#8243; _builder_version=&#8220;4.16&#8243; _module_preset=&#8220;default&#8220; background_color=&#8220;#fafafa&#8220; global_colors_info=&#8220;{}&#8220;][et_pb_row column_structure=&#8220;1_2,1_2&#8243; _builder_version=&#8220;4.16&#8243; _module_preset=&#8220;default&#8220; global_colors_info=&#8220;{}&#8220;][et_pb_column type=&#8220;1_2&#8243; _builder_version=&#8220;4.16&#8243; _module_preset=&#8220;default&#8220; animation_style=&#8220;slide&#8220; animation_direction=&#8220;left&#8220; animation_delay=&#8220;150ms&#8220; animation_intensity_slide=&#8220;4%&#8220; global_colors_info=&#8220;{}&#8220;][et_pb_image src=&#8220;https:\/\/shop.cosmeda-akademie.de\/wp-content\/uploads\/2021\/11\/Cosmeda7.jpg&#8220; title_text=&#8220;Cosmeda7&#8243; _builder_version=&#8220;4.16&#8243; _module_preset=&#8220;default&#8220; scroll_vertical_motion_enable=&#8220;on&#8220; scroll_vertical_motion=&#8220;0|50|50|100|0.5|0|-0.5&#8243; border_radii=&#8220;on|12px|12px|12px|12px&#8220; box_shadow_style=&#8220;preset2&#8243; global_colors_info=&#8220;{}&#8220;][\/et_pb_image][\/et_pb_column][et_pb_column type=&#8220;1_2&#8243; module_class=&#8220;vertical-align&#8220; _builder_version=&#8220;4.16&#8243; _module_preset=&#8220;default&#8220; animation_style=&#8220;slide&#8220; animation_direction=&#8220;right&#8220; animation_delay=&#8220;150ms&#8220; animation_intensity_slide=&#8220;4%&#8220; global_colors_info=&#8220;{}&#8220;][et_pb_text _builder_version=&#8220;4.16&#8243; _module_preset=&#8220;default&#8220; text_font_size=&#8220;18px&#8220; text_font_size_tablet=&#8220;20px&#8220; text_font_size_phone=&#8220;18px&#8220; global_colors_info=&#8220;{}&#8220;]<\/p>\n<p>Wir hei\u00dfen Sie herzlich willkommen in unserer Kosmetikschule Rinteln, f\u00fchlen Sie sich herzlich eingeladen sich die Schule an zu schauen. Zudem k\u00f6nnen Sie sich auch sehr gerne als Modellkunde eintragen. Sie erhalten Ihre ersten sechs Behandlungen aus der Hand einer geschulten Sch\u00fclerin, unter Aufsicht einer professionellen Fachtrainerin. Alternativ k\u00f6nnen Sie auch in unserer Praxis jederzeit einen Termin buchen au\u00dferhalb der Schulungszeit.<\/p>\n<p>&nbsp;<\/p>\n<p>[\/et_pb_text][\/et_pb_column][\/et_pb_row][\/et_pb_section][et_pb_section fb_built=&#8220;1&#8243; _builder_version=&#8220;4.16&#8243; _module_preset=&#8220;default&#8220; background_enable_color=&#8220;off&#8220; global_colors_info=&#8220;{}&#8220;][et_pb_row column_structure=&#8220;1_2,1_2&#8243; module_class=&#8220;reverse-columns-mobile&#8220; _builder_version=&#8220;4.16&#8243; _module_preset=&#8220;default&#8220; global_colors_info=&#8220;{}&#8220;][et_pb_column type=&#8220;1_2&#8243; module_class=&#8220;vertical-align&#8220; _builder_version=&#8220;4.16&#8243; _module_preset=&#8220;default&#8220; animation_style=&#8220;slide&#8220; animation_direction=&#8220;left&#8220; animation_delay=&#8220;150ms&#8220; animation_intensity_slide=&#8220;4%&#8220; global_colors_info=&#8220;{}&#8220;][et_pb_text _builder_version=&#8220;4.16&#8243; _module_preset=&#8220;default&#8220; text_font_size=&#8220;20px&#8220; header_3_font=&#8220;|600|||||||&#8220; header_3_text_color=&#8220;#6B675C&#8220; header_3_font_size=&#8220;26px&#8220; header_3_line_height=&#8220;1.2em&#8220; text_font_size_tablet=&#8220;20px&#8220; text_font_size_phone=&#8220;18px&#8220; header_3_font_size_tablet=&#8220;20px&#8220; header_3_font_size_phone=&#8220;18px&#8220; header_3_font_size_last_edited=&#8220;on|phone&#8220; global_colors_info=&#8220;{}&#8220;]<\/p>\n<h3>Comseda Intensivkonzept<\/h3>\n<p>F\u00fchlen Sie sich herzlich eingeladen sich die Schule an zu schauen. Zudem k\u00f6nnen Sie sich auch sehr gerne als Modellkunde eintragen. Sie erhalten Ihre ersten sechs Behandlungen aus der Hand einer gut vorbereiteten Sch\u00fclerin, unter Aufsicht einer Fachtrainerin sogar komplett geschenkt. Der Wert w\u00e4re regul\u00e4r normalerweise 160\u20ac.<\/p>\n<p>[\/et_pb_text][\/et_pb_column][et_pb_column type=&#8220;1_2&#8243; _builder_version=&#8220;4.16&#8243; _module_preset=&#8220;default&#8220; animation_style=&#8220;slide&#8220; animation_direction=&#8220;right&#8220; animation_delay=&#8220;150ms&#8220; animation_intensity_slide=&#8220;4%&#8220; global_colors_info=&#8220;{}&#8220;][et_pb_image src=&#8220;https:\/\/shop.cosmeda-akademie.de\/wp-content\/uploads\/2021\/10\/DSC_0832-2.jpg&#8220; title_text=&#8220;DSC_0832-2&#8243; _builder_version=&#8220;4.16&#8243; _module_preset=&#8220;default&#8220; scroll_vertical_motion_enable=&#8220;on&#8220; scroll_vertical_motion=&#8220;0|50|50|100|0.5|0|-0.5&#8243; border_radii=&#8220;on|12px|12px|12px|12px&#8220; box_shadow_style=&#8220;preset2&#8243; global_colors_info=&#8220;{}&#8220;][\/et_pb_image][\/et_pb_column][\/et_pb_row][\/et_pb_section][et_pb_section fb_built=&#8220;1&#8243; _builder_version=&#8220;4.16&#8243; _module_preset=&#8220;default&#8220; background_color=&#8220;#6B675C&#8220; custom_padding=&#8220;20px||20px||true|false&#8220; global_colors_info=&#8220;{}&#8220;][et_pb_row _builder_version=&#8220;4.16&#8243; _module_preset=&#8220;default&#8220; global_colors_info=&#8220;{}&#8220;][et_pb_column type=&#8220;4_4&#8243; _builder_version=&#8220;4.16&#8243; _module_preset=&#8220;default&#8220; global_colors_info=&#8220;{}&#8220;][et_pb_text _builder_version=&#8220;4.16&#8243; _module_preset=&#8220;default&#8220; text_text_color=&#8220;#FFFFFF&#8220; text_font_size=&#8220;22px&#8220; text_orientation=&#8220;center&#8220; text_font_size_tablet=&#8220;20px&#8220; text_font_size_phone=&#8220;18px&#8220; global_colors_info=&#8220;{}&#8220;]<\/p>\n<p><span>Kommen Sie vorbei, schreiben Sie oder <\/span><span>rufen Sie uns an und Sie erhalten Ihre Ihre Modellkarte als Er\u00f6ffnungsgeschenk.<\/span><\/p>\n<p>[\/et_pb_text][et_pb_button button_url=&#8220;@ET-DC@eyJkeW5hbWljIjp0cnVlLCJjb250ZW50IjoicG9zdF9saW5rX3VybF9wYWdlIiwic2V0dGluZ3MiOnsicG9zdF9pZCI6IjMyNzczOCJ9fQ==@&#8220; button_text=&#8220;Jetzt Termin sichern&#8220; button_alignment=&#8220;center&#8220; _builder_version=&#8220;4.17.4&#8243; _dynamic_attributes=&#8220;button_url&#8220; _module_preset=&#8220;default&#8220; custom_button=&#8220;on&#8220; button_border_color=&#8220;#EF8B14&#8243; button_use_icon=&#8220;off&#8220; custom_padding=&#8220;15px|60px|15px|60px|true|true&#8220; global_colors_info=&#8220;{}&#8220; button_bg_color__hover_enabled=&#8220;on|hover&#8220; button_border_color__hover_enabled=&#8220;on|desktop&#8220; button_border_color__hover=&#8220;#EF8B14&#8243;][\/et_pb_button][\/et_pb_column][\/et_pb_row][\/et_pb_section][et_pb_section fb_built=&#8220;1&#8243; _builder_version=&#8220;4.16&#8243; _module_preset=&#8220;default&#8220; global_colors_info=&#8220;{}&#8220;][et_pb_row _builder_version=&#8220;4.16&#8243; _module_preset=&#8220;default&#8220; global_colors_info=&#8220;{}&#8220;][et_pb_column type=&#8220;4_4&#8243; _builder_version=&#8220;4.16&#8243; _module_preset=&#8220;default&#8220; global_colors_info=&#8220;{}&#8220;][et_pb_text _builder_version=&#8220;4.17.4&#8243; _module_preset=&#8220;default&#8220; header_2_text_align=&#8220;center&#8220; header_2_font_size=&#8220;40px&#8220; custom_margin=&#8220;||14px|||&#8220; header_2_font_size_tablet=&#8220;35px&#8220; header_2_font_size_phone=&#8220;30px&#8220; header_2_font_size_last_edited=&#8220;on|desktop&#8220; global_colors_info=&#8220;{}&#8220;]<\/p>\n<h2>Unser Standort in Rinteln<\/h2>\n<p>[\/et_pb_text][et_pb_divider divider_weight=&#8220;2px&#8220; _builder_version=&#8220;4.16&#8243; _module_preset=&#8220;default&#8220; width=&#8220;100px&#8220; module_alignment=&#8220;center&#8220; global_colors_info=&#8220;{}&#8220;][\/et_pb_divider][dsm_embed_google_map google_api_key=&#8220;AIzaSyDbO6PADmHAz78nwZcp23vy1eDrQgV192A&#8220; address=&#8220;Seetorstra\u00dfe 2, 31737 Rinteln, Deutschland&#8220; _builder_version=&#8220;4.18.0&#8243; _module_preset=&#8220;default&#8220; global_colors_info=&#8220;{}&#8220;][\/dsm_embed_google_map][\/et_pb_column][\/et_pb_row][\/et_pb_section]<\/p>\n","protected":false},"excerpt":{"rendered":"<p>Dies ist unser erster Standort im sch\u00f6nen idyllischenRintelnTraumberuf Kosmetikerin &#8211; Lernen wo andere Urlaub machen &#8211; COSMEDA AKADEMIE Hauptfiliale in RintelnWir hei\u00dfen Sie Herzlich Willkommen NEU! nun in der Seetorstra\u00dfe 2 in Rinteln &amp; ab August 2023 auch in Hannover, Aegidiendamm 3. Sie im Kosmetik- und Wellnessbereich in Theorie und Praxis erfolgreich auf den Weg zu bringen ist unsere Mission. Wir begleiten Sie auch gerne nach der Ausbildung. Wir befinden uns direkt an der Weser und verkehrsg\u00fcnstig an der A2, zwischen Bielefeld und Hannover.Aus der Praxis f\u00fcr die Praxis ist unser Motto. Sie haben zudem die M\u00f6glichkeit sich vorab neben dem Beruf online \u00fcber unsere E-Learning Plattform vorzubereiten und dann anschlie\u00dfend f\u00fcr 6 Praxistage in der Kosmetik, sowie f\u00fcr 3 Praxistage in der Fu\u00dfpflege zu uns zu kommen. In diesen Tagen sollten Sie sich auch nichts anderes einplanen, denn hier wird Intensiv praktisch gelernt, bis alles sitzt. Wir hei\u00dfen Sie herzlich willkommen in unserer Kosmetikschule Rinteln, f\u00fchlen Sie sich herzlich eingeladen sich die Schule an zu schauen. Zudem k\u00f6nnen Sie sich auch sehr gerne als Modellkunde eintragen. Sie erhalten Ihre ersten sechs Behandlungen aus der Hand einer geschulten Sch\u00fclerin, unter Aufsicht einer professionellen Fachtrainerin. Alternativ k\u00f6nnen Sie auch in unserer [&hellip;]<\/p>\n","protected":false},"author":1,"featured_media":0,"parent":0,"menu_order":0,"comment_status":"closed","ping_status":"closed","template":"","meta":{"_et_pb_use_builder":"on","_et_pb_old_content":"","_et_gb_content_width":"","footnotes":""},"class_list":["post-328704","page","type-page","status-publish","hentry"],"_links":{"self":[{"href":"https:\/\/shop.cosmeda-akademie.de\/en\/wp-json\/wp\/v2\/pages\/328704","targetHints":{"allow":["GET"]}}],"collection":[{"href":"https:\/\/shop.cosmeda-akademie.de\/en\/wp-json\/wp\/v2\/pages"}],"about":[{"href":"https:\/\/shop.cosmeda-akademie.de\/en\/wp-json\/wp\/v2\/types\/page"}],"author":[{"embeddable":true,"href":"https:\/\/shop.cosmeda-akademie.de\/en\/wp-json\/wp\/v2\/users\/1"}],"replies":[{"embeddable":true,"href":"https:\/\/shop.cosmeda-akademie.de\/en\/wp-json\/wp\/v2\/comments?post=328704"}],"version-history":[{"count":9,"href":"https:\/\/shop.cosmeda-akademie.de\/en\/wp-json\/wp\/v2\/pages\/328704\/revisions"}],"predecessor-version":[{"id":329346,"href":"https:\/\/shop.cosmeda-akademie.de\/en\/wp-json\/wp\/v2\/pages\/328704\/revisions\/329346"}],"wp:attachment":[{"href":"https:\/\/shop.cosmeda-akademie.de\/en\/wp-json\/wp\/v2\/media?parent=328704"}],"curies":[{"name":"wp","href":"https:\/\/api.w.org\/{rel}","templated":true}]}}