{"id":329041,"date":"2022-06-12T12:44:08","date_gmt":"2022-06-12T10:44:08","guid":{"rendered":"https:\/\/cosmeda-akademie.de\/?page_id=329041"},"modified":"2024-03-20T10:49:38","modified_gmt":"2024-03-20T09:49:38","slug":"cosmeda-akademie-trier","status":"publish","type":"page","link":"https:\/\/shop.cosmeda-akademie.de\/en\/cosmeda-akademie-trier\/","title":{"rendered":"Cosmeda Academy Trier"},"content":{"rendered":"<p>[et_pb_section fb_built=&#8220;1&#8243; custom_padding_last_edited=&#8220;on|phone&#8220; module_class=&#8220;dtb-mobile-parallax&#8220; _builder_version=&#8220;4.17.4&#8243; _module_preset=&#8220;default&#8220; background_image=&#8220;https:\/\/shop.cosmeda-akademie.de\/wp-content\/uploads\/2021\/10\/skin-body-care-close-up-young-woman-getting-spa-treatment-beauty-salon-spa-face-massage-facial-beauty-treatment-spa-salon-11.jpg&#8220; custom_margin=&#8220;||22px|||&#8220; custom_padding=&#8220;272px||272px||true|false&#8220; custom_padding_tablet=&#8220;100px||100px||true|false&#8220; custom_padding_phone=&#8220;70px||70px||true|false&#8220; custom_css_main_element=&#8220;background-attachment: fixed;||background-repeat: no-repeat;||background-size: cover;||background-position: center;&#8220; global_colors_info=&#8220;{}&#8220;][et_pb_row _builder_version=&#8220;4.16&#8243; _module_preset=&#8220;default&#8220; background_color=&#8220;rgba(0,0,0,0.27)&#8220; max_width=&#8220;700px&#8220; module_alignment=&#8220;center&#8220; custom_padding=&#8220;15px||15px||true|false&#8220; animation_style=&#8220;slide&#8220; animation_delay=&#8220;150ms&#8220; animation_intensity_slide=&#8220;4%&#8220; global_colors_info=&#8220;{}&#8220;][et_pb_column type=&#8220;4_4&#8243; _builder_version=&#8220;4.16&#8243; _module_preset=&#8220;default&#8220; global_colors_info=&#8220;{}&#8220;][et_pb_text _builder_version=&#8220;4.16&#8243; _dynamic_attributes=&#8220;content&#8220; _module_preset=&#8220;default&#8220; header_font=&#8220;||||||||&#8220; header_text_align=&#8220;center&#8220; header_text_color=&#8220;#FFFFFF&#8220; header_font_size=&#8220;40px&#8220; header_font_size_tablet=&#8220;35px&#8220; header_font_size_phone=&#8220;23px&#8220; header_font_size_last_edited=&#8220;on|desktop&#8220; global_colors_info=&#8220;{}&#8220;]@ET-DC@eyJkeW5hbWljIjp0cnVlLCJjb250ZW50IjoicG9zdF90aXRsZSIsInNldHRpbmdzIjp7ImJlZm9yZSI6IjxoMT4iLCJhZnRlciI6IjwvaDE+In19@[\/et_pb_text][dsm_gradient_text gradient_text=&#8220;Willkommen in der Welt der Sch\u00f6nheit&#8220; _builder_version=&#8220;4.17.4&#8243; _module_preset=&#8220;default&#8220; header_text_color=&#8220;#FFFFFF&#8220; background_color=&#8220;#FFFFFF&#8220; text_orientation=&#8220;center&#8220; filter_hue_rotate=&#8220;187deg&#8220; filter_saturate=&#8220;65%&#8220; filter_brightness=&#8220;0%&#8220; filter_invert=&#8220;100%&#8220; border_color_all=&#8220;RGBA(255,255,255,0)&#8220; global_colors_info=&#8220;{}&#8220;][\/dsm_gradient_text][\/et_pb_column][\/et_pb_row][\/et_pb_section][et_pb_section fb_built=&#8220;1&#8243; _builder_version=&#8220;4.16&#8243; _module_preset=&#8220;default&#8220; use_background_color_gradient=&#8220;on&#8220; background_color_gradient_direction=&#8220;90deg&#8220; background_color_gradient_stops=&#8220;#ffffff 98%|#ef8b14 98%&#8220; background_color_gradient_start=&#8220;#ffffff&#8220; background_color_gradient_start_position=&#8220;98%&#8220; background_color_gradient_end=&#8220;#ef8b14&#8243; background_color_gradient_end_position=&#8220;2%&#8220; global_colors_info=&#8220;{}&#8220;][et_pb_row _builder_version=&#8220;4.16&#8243; _module_preset=&#8220;default&#8220; custom_margin=&#8220;-14px|auto||auto||&#8220; global_colors_info=&#8220;{}&#8220;][et_pb_column type=&#8220;4_4&#8243; _builder_version=&#8220;4.16&#8243; _module_preset=&#8220;default&#8220; global_colors_info=&#8220;{}&#8220;][et_pb_text _builder_version=&#8220;4.17.4&#8243; _module_preset=&#8220;default&#8220; header_2_text_align=&#8220;center&#8220; header_2_line_height=&#8220;1.4em&#8220; text_orientation=&#8220;center&#8220; max_width=&#8220;800px&#8220; module_alignment=&#8220;center&#8220; custom_margin=&#8220;||5px|||&#8220; header_2_font_size_tablet=&#8220;22px&#8220; header_2_font_size_phone=&#8220;18px&#8220; header_2_font_size_last_edited=&#8220;on|desktop&#8220; global_colors_info=&#8220;{}&#8220;]<\/p>\n<h2><span>Wir verhelfen dir in k\u00fcrzester Zeit, von der Pike an deinen Traumberuf im Beauty- &amp; Wellnessbereich zu erlernen. In Trier stehen dir alle M\u00f6glichkeiten offen. Bspw. i<\/span>n nur 3 Wochen den <span style=\"color: #ff9900;\">Traumberuf<\/span> der <span style=\"color: #ff9900;\">Kosmetiker\/in umfangreich zu erlernen.<\/span><\/h2>\n<p><span style=\"color: #ff9900;\"><\/span><\/p>\n<p>Und dies PRAXISNAH, ganz nach unserem Motto: AUS DER PRAXIS F\u00dcR DIE PRAXIS<span style=\"color: #ff9900;\"><\/span><\/p>\n<p>&nbsp;<\/p>\n<p>[\/et_pb_text][et_pb_text _builder_version=&#8220;4.17.4&#8243; _module_preset=&#8220;default&#8220; header_2_text_align=&#8220;center&#8220; header_2_line_height=&#8220;1.4em&#8220; text_orientation=&#8220;center&#8220; max_width=&#8220;800px&#8220; module_alignment=&#8220;center&#8220; custom_margin=&#8220;-23px||5px|||&#8220; custom_padding=&#8220;1px|||||&#8220; header_2_font_size_tablet=&#8220;22px&#8220; header_2_font_size_phone=&#8220;18px&#8220; header_2_font_size_last_edited=&#8220;on|desktop&#8220; global_colors_info=&#8220;{}&#8220;]<\/p>\n<p>&nbsp;<\/p>\n<h2><span style=\"color: #ff9900;\">COSMEDA AKADEMIE <\/span><span>TRIER<\/span><\/h2>\n<p>[\/et_pb_text][et_pb_text _builder_version=&#8220;4.16&#8243; _module_preset=&#8220;default&#8220; header_2_text_align=&#8220;center&#8220; header_3_text_color=&#8220;#EF8B14&#8243; text_orientation=&#8220;center&#8220; max_width=&#8220;950px&#8220; module_alignment=&#8220;center&#8220; custom_padding=&#8220;||16px|||&#8220; global_colors_info=&#8220;{}&#8220;]<\/p>\n<h2><span>in der Kaiserstra\u00dfe 28<\/span><\/h2>\n<p><span><\/span><\/p>\n<p>[\/et_pb_text][et_pb_divider divider_weight=&#8220;2px&#8220; _builder_version=&#8220;4.16&#8243; _module_preset=&#8220;default&#8220; width=&#8220;150px&#8220; module_alignment=&#8220;center&#8220; custom_margin=&#8220;||0px||false|false&#8220; global_colors_info=&#8220;{}&#8220;][\/et_pb_divider][et_pb_text _builder_version=&#8220;4.17.4&#8243; _module_preset=&#8220;default&#8220; header_2_text_align=&#8220;center&#8220; header_3_text_color=&#8220;#EF8B14&#8243; text_orientation=&#8220;center&#8220; max_width=&#8220;950px&#8220; module_alignment=&#8220;center&#8220; custom_margin=&#8220;21px|||||&#8220; global_colors_info=&#8220;{}&#8220;]<\/p>\n<h3><span style=\"color: #ff9900;\">Wir hei\u00dfen Sie Herzlich Willkommen<\/span><\/h3>\n<p><span><\/span><\/p>\n<p>[\/et_pb_text][\/et_pb_column][\/et_pb_row][\/et_pb_section][et_pb_section fb_built=&#8220;1&#8243; _builder_version=&#8220;4.16&#8243; _module_preset=&#8220;default&#8220; background_color=&#8220;#fafafa&#8220; custom_padding=&#8220;||0px|||&#8220; global_colors_info=&#8220;{}&#8220;][et_pb_row column_structure=&#8220;1_2,1_2&#8243; _builder_version=&#8220;4.16&#8243; _module_preset=&#8220;default&#8220; global_colors_info=&#8220;{}&#8220;][et_pb_column type=&#8220;1_2&#8243; _builder_version=&#8220;4.16&#8243; _module_preset=&#8220;default&#8220; animation_style=&#8220;slide&#8220; animation_direction=&#8220;left&#8220; animation_delay=&#8220;150ms&#8220; animation_intensity_slide=&#8220;4%&#8220; global_colors_info=&#8220;{}&#8220;][et_pb_image src=&#8220;https:\/\/shop.cosmeda-akademie.de\/wp-content\/uploads\/2022\/06\/Cosmeda-Akademie-Trier-Tom-und-Nena.png&#8220; title_text=&#8220;Cosmeda Akademie Trier Tom und Nena&#8220; _builder_version=&#8220;4.17.4&#8243; _module_preset=&#8220;default&#8220; width=&#8220;69%&#8220; filter_hue_rotate=&#8220;31deg&#8220; filter_saturate=&#8220;172%&#8220; filter_sepia=&#8220;6%&#8220; scroll_vertical_motion_enable=&#8220;on&#8220; scroll_vertical_motion=&#8220;0|50|50|100|0.5|0|-0.5&#8243; border_radii=&#8220;on|12px|12px|12px|12px&#8220; box_shadow_style=&#8220;preset2&#8243; global_colors_info=&#8220;{}&#8220;][\/et_pb_image][et_pb_text _builder_version=&#8220;4.17.4&#8243; _module_preset=&#8220;default&#8220; text_font_size=&#8220;26px&#8220; custom_margin=&#8220;-38px|||||&#8220; custom_padding=&#8220;0px||0px|||&#8220; text_font_size_tablet=&#8220;20px&#8220; text_font_size_phone=&#8220;18px&#8220; global_colors_info=&#8220;{}&#8220;]<\/p>\n<p style=\"text-align: left;\">Nena Ciric &amp; Tom Hansen<\/p>\n<p>[\/et_pb_text][et_pb_text _builder_version=&#8220;4.17.4&#8243; _module_preset=&#8220;default&#8220; header_2_text_align=&#8220;center&#8220; header_3_text_color=&#8220;#EF8B14&#8243; text_orientation=&#8220;center&#8220; max_width=&#8220;950px&#8220; module_alignment=&#8220;center&#8220; custom_margin=&#8220;21px|||||&#8220; global_colors_info=&#8220;{}&#8220;]<\/p>\n<h3 style=\"text-align: left;\">Fachtrainer &amp; Schulleitung<\/h3>\n<p><span><\/span><\/p>\n<p>[\/et_pb_text][\/et_pb_column][et_pb_column type=&#8220;1_2&#8243; module_class=&#8220;vertical-align&#8220; _builder_version=&#8220;4.16&#8243; _module_preset=&#8220;default&#8220; animation_style=&#8220;slide&#8220; animation_direction=&#8220;right&#8220; animation_delay=&#8220;150ms&#8220; animation_intensity_slide=&#8220;4%&#8220; global_colors_info=&#8220;{}&#8220;][et_pb_text _builder_version=&#8220;4.16&#8243; _module_preset=&#8220;default&#8220; text_font_size=&#8220;26px&#8220; text_font_size_tablet=&#8220;20px&#8220; text_font_size_phone=&#8220;18px&#8220; global_colors_info=&#8220;{}&#8220;]<\/p>\n<p>Als Ihre pers\u00f6nliche Ansprechpartnerin stehe ich Ihnen mit Rat und Tat zur Seite und beantworte Ihnen gern alle Fachfragen rund um das Thema Aus- und Weiterbildung.<\/p>\n<p>Zudem m\u00f6chte ich Sie herzlich einladen unsere wundersch\u00f6nen Schulungsr\u00e4umlichkeiten einmal unverbindlich anzuschauen und sich von einer Kosmetiksch\u00fclerin behandeln zu lassen.<\/p>\n<p>Erleben Sie eine traumhaft sch\u00f6ne Verw\u00f6hnbehandlung im Bereich der Kosmetik oder Fu\u00dfpflege aus den liebevollen H\u00e4nden einer von uns ausgebildeten Sch\u00fclerin.<\/p>\n<p>Die Behandlungsqualit\u00e4t wird Sie faszinieren.\u00a0<\/p>\n<p>Unter Aufsicht einer professionellen Fachtrainerin arbeiten unsere Sch\u00fclerinnen in der praktischen Woche schon komplett eigenst\u00e4ndig.<\/p>\n<p>&nbsp;<\/p>\n<p>[\/et_pb_text][\/et_pb_column][\/et_pb_row][\/et_pb_section][et_pb_section fb_built=&#8220;1&#8243; _builder_version=&#8220;4.16&#8243; _module_preset=&#8220;default&#8220; background_enable_color=&#8220;off&#8220; custom_margin=&#8220;-37px|||||&#8220; global_colors_info=&#8220;{}&#8220;][et_pb_row column_structure=&#8220;1_2,1_2&#8243; module_class=&#8220;reverse-columns-mobile&#8220; _builder_version=&#8220;4.16&#8243; _module_preset=&#8220;default&#8220; global_colors_info=&#8220;{}&#8220;][et_pb_column type=&#8220;1_2&#8243; module_class=&#8220;vertical-align&#8220; _builder_version=&#8220;4.16&#8243; _module_preset=&#8220;default&#8220; animation_style=&#8220;slide&#8220; animation_direction=&#8220;left&#8220; animation_delay=&#8220;150ms&#8220; animation_intensity_slide=&#8220;4%&#8220; global_colors_info=&#8220;{}&#8220;][et_pb_text disabled_on=&#8220;off|off|off&#8220; _builder_version=&#8220;4.16&#8243; _module_preset=&#8220;default&#8220; text_font_size=&#8220;26px&#8220; header_3_font=&#8220;|600|||||||&#8220; header_3_text_color=&#8220;#6B675C&#8220; header_3_font_size=&#8220;26px&#8220; header_3_line_height=&#8220;1.3em&#8220; text_font_size_tablet=&#8220;20px&#8220; text_font_size_phone=&#8220;18px&#8220; header_3_font_size_tablet=&#8220;20px&#8220; header_3_font_size_phone=&#8220;18px&#8220; header_3_font_size_last_edited=&#8220;on|phone&#8220; global_colors_info=&#8220;{}&#8220;]<\/p>\n<p>1985 gr\u00fcndete Susanne Engel-L\u00f6nser die Fachakademie Cosmeda International in Rinteln. Als Entwicklerin des Kurzzeit-Intensiv-Konzeptes revolutionierte sie mit ihren au\u00dfergew\u00f6hnlichen Behandlungs- und Anwendungsverfahren den Kosmetikmarkt. Circa 20.000 Sch\u00fcler\/innen haben sich bis heute f\u00fcr eine Cosmeda Intensivausbildung entschieden und haben diese erfolgreich umgesetzt. Nun ist es auch in Trier Vorort m\u00f6glich Ihre renommierte Intensivausbildung aus der Praxis f\u00fcr die Praxis zu absolvieren.<\/p>\n<p>&nbsp;<\/p>\n<p>[\/et_pb_text][\/et_pb_column][et_pb_column type=&#8220;1_2&#8243; _builder_version=&#8220;4.16&#8243; _module_preset=&#8220;default&#8220; animation_style=&#8220;slide&#8220; animation_direction=&#8220;right&#8220; animation_delay=&#8220;150ms&#8220; animation_intensity_slide=&#8220;4%&#8220; global_colors_info=&#8220;{}&#8220;][et_pb_image src=&#8220;https:\/\/shop.cosmeda-akademie.de\/wp-content\/uploads\/2022\/06\/Cosmeda-Akademie-Bus-Trier.jpg&#8220; title_text=&#8220;Cosmeda Akademie Bus Trier&#8220; _builder_version=&#8220;4.17.4&#8243; _module_preset=&#8220;default&#8220; custom_margin=&#8220;||-6px|||&#8220; scroll_vertical_motion_enable=&#8220;on&#8220; scroll_vertical_motion=&#8220;0|50|50|100|0.5|0|-0.5&#8243; border_radii=&#8220;on|12px|12px|12px|12px&#8220; box_shadow_style=&#8220;preset2&#8243; global_colors_info=&#8220;{}&#8220;][\/et_pb_image][et_pb_text disabled_on=&#8220;off|off|off&#8220; _builder_version=&#8220;4.17.4&#8243; _module_preset=&#8220;default&#8220; text_font_size=&#8220;26px&#8220; header_3_font=&#8220;|600|||||||&#8220; header_3_text_color=&#8220;#6B675C&#8220; header_3_font_size=&#8220;26px&#8220; header_3_line_height=&#8220;1.3em&#8220; text_font_size_tablet=&#8220;20px&#8220; text_font_size_phone=&#8220;18px&#8220; header_3_font_size_tablet=&#8220;20px&#8220; header_3_font_size_phone=&#8220;18px&#8220; header_3_font_size_last_edited=&#8220;on|phone&#8220; inline_fonts=&#8220;Abhaya Libre&#8220; global_colors_info=&#8220;{}&#8220;]<\/p>\n<p><span style=\"font-size: large; color: #6b675c; font-family: inherit; font-weight: normal;\">Das Werbemobil unserer Kosmetikschule<\/span><\/p>\n<p>[\/et_pb_text][\/et_pb_column][\/et_pb_row][\/et_pb_section][et_pb_section fb_built=&#8220;1&#8243; _builder_version=&#8220;4.16&#8243; _module_preset=&#8220;default&#8220; background_color=&#8220;#6B675C&#8220; custom_padding=&#8220;20px||20px||true|false&#8220; global_colors_info=&#8220;{}&#8220;][et_pb_row _builder_version=&#8220;4.16&#8243; _module_preset=&#8220;default&#8220; global_colors_info=&#8220;{}&#8220;][et_pb_column type=&#8220;4_4&#8243; _builder_version=&#8220;4.16&#8243; _module_preset=&#8220;default&#8220; global_colors_info=&#8220;{}&#8220;][et_pb_text _builder_version=&#8220;4.16&#8243; _module_preset=&#8220;default&#8220; text_text_color=&#8220;#FFFFFF&#8220; text_font_size=&#8220;22px&#8220; text_orientation=&#8220;center&#8220; text_font_size_tablet=&#8220;20px&#8220; text_font_size_phone=&#8220;18px&#8220; global_colors_info=&#8220;{}&#8220;]<\/p>\n<p>Nutzen Sie die Zeit, um Ihren Berufstraum Wirklichkeit werden zu lassen.<\/p>\n<p><span>Wir beraten Sie gerne rund um Ihren <strong>Traumberuf<\/strong>.<br \/><\/span><span><\/span><\/p>\n<p><span><\/span><\/p>\n<p>[\/et_pb_text][et_pb_button button_url=&#8220;https:\/\/trier.cosmeda-akademie.de\/&#8220; button_text=&#8220;Ja, ich m\u00f6chte mir ein kostenloses Infopaket sichern&#8220; button_alignment=&#8220;center&#8220; _builder_version=&#8220;4.17.4&#8243; _module_preset=&#8220;default&#8220; custom_button=&#8220;on&#8220; button_border_color=&#8220;#EF8B14&#8243; button_use_icon=&#8220;off&#8220; custom_padding=&#8220;15px|60px|15px|60px|true|true&#8220; global_colors_info=&#8220;{}&#8220; button_bg_color__hover_enabled=&#8220;on|hover&#8220; button_border_color__hover_enabled=&#8220;on|desktop&#8220; button_border_color__hover=&#8220;#EF8B14&#8243;][\/et_pb_button][\/et_pb_column][\/et_pb_row][\/et_pb_section][et_pb_section fb_built=&#8220;1&#8243; _builder_version=&#8220;4.16&#8243; _module_preset=&#8220;default&#8220; global_colors_info=&#8220;{}&#8220;][et_pb_row _builder_version=&#8220;4.16&#8243; _module_preset=&#8220;default&#8220; global_colors_info=&#8220;{}&#8220;][et_pb_column type=&#8220;4_4&#8243; _builder_version=&#8220;4.16&#8243; _module_preset=&#8220;default&#8220; global_colors_info=&#8220;{}&#8220;][et_pb_text _builder_version=&#8220;4.16&#8243; _module_preset=&#8220;default&#8220; header_2_text_align=&#8220;center&#8220; header_2_font_size=&#8220;40px&#8220; custom_margin=&#8220;||14px|||&#8220; header_2_font_size_tablet=&#8220;35px&#8220; header_2_font_size_phone=&#8220;30px&#8220; header_2_font_size_last_edited=&#8220;on|desktop&#8220; global_colors_info=&#8220;{}&#8220;]<\/p>\n<h2>Unser Standort in Trier<\/h2>\n<p>[\/et_pb_text][et_pb_divider divider_weight=&#8220;2px&#8220; _builder_version=&#8220;4.16&#8243; _module_preset=&#8220;default&#8220; width=&#8220;100px&#8220; module_alignment=&#8220;center&#8220; global_colors_info=&#8220;{}&#8220;][\/et_pb_divider][dsm_embed_google_map address=&#8220;Kaiserstra\u00dfe 28, 54290 Trier Deutschland&#8220; _builder_version=&#8220;4.17.4&#8243; _module_preset=&#8220;default&#8220; global_colors_info=&#8220;{}&#8220;][\/dsm_embed_google_map][\/et_pb_column][\/et_pb_row][\/et_pb_section]<\/p>\n","protected":false},"excerpt":{"rendered":"<p><div class=\"et_pb_with_border et_pb_module dsm_gradient_text dsm_gradient_text_0  et_pb_text_align_center\">\n\t\t\t\t\n\t\t\t\t\n\t\t\t\t\n\t\t\t\t\n\t\t\t\t\n\t\t\t\t\n\t\t\t\t<div class=\"et_pb_module_inner\">\n\t\t\t\t\t<h1 class=\"dsm-gradient-text et_pb_module_header\">Willkommen in der Welt der Sch\u00f6nheit<\/h1>\n\t\t\t\t<\/div>\n\t\t\t<\/div>Wir verhelfen dir in k\u00fcrzester Zeit, von der Pike an deinen Traumberuf im Beauty- &amp; Wellnessbereich zu erlernen. In Trier stehen dir alle M\u00f6glichkeiten offen. Bspw. in nur 3 Wochen den Traumberuf der Kosmetiker\/in umfangreich zu erlernen. Und dies PRAXISNAH, ganz nach unserem Motto: AUS DER PRAXIS F\u00dcR DIE PRAXIS &nbsp;&nbsp; COSMEDA AKADEMIE TRIERin der Kaiserstra\u00dfe 28 Wir hei\u00dfen Sie Herzlich Willkommen Nena Ciric &amp; Tom HansenFachtrainer &amp; Schulleitung Als Ihre pers\u00f6nliche Ansprechpartnerin stehe ich Ihnen mit Rat und Tat zur Seite und beantworte Ihnen gern alle Fachfragen rund um das Thema Aus- und Weiterbildung. Zudem m\u00f6chte ich Sie herzlich einladen unsere wundersch\u00f6nen Schulungsr\u00e4umlichkeiten einmal unverbindlich anzuschauen und sich von einer Kosmetiksch\u00fclerin behandeln zu lassen. Erleben Sie eine traumhaft sch\u00f6ne Verw\u00f6hnbehandlung im Bereich der Kosmetik oder Fu\u00dfpflege aus den liebevollen H\u00e4nden einer von uns ausgebildeten Sch\u00fclerin. Die Behandlungsqualit\u00e4t wird Sie faszinieren.\u00a0 Unter Aufsicht einer professionellen Fachtrainerin arbeiten unsere Sch\u00fclerinnen in der praktischen Woche schon komplett eigenst\u00e4ndig. &nbsp;1985 gr\u00fcndete Susanne Engel-L\u00f6nser die Fachakademie Cosmeda International in Rinteln. Als Entwicklerin des Kurzzeit-Intensiv-Konzeptes revolutionierte sie mit ihren au\u00dfergew\u00f6hnlichen Behandlungs- und Anwendungsverfahren den Kosmetikmarkt. Circa 20.000 Sch\u00fcler\/innen [&hellip;]<\/p>\n","protected":false},"author":1,"featured_media":0,"parent":0,"menu_order":0,"comment_status":"closed","ping_status":"closed","template":"","meta":{"_et_pb_use_builder":"on","_et_pb_old_content":"","_et_gb_content_width":"","footnotes":""},"class_list":["post-329041","page","type-page","status-publish","hentry"],"_links":{"self":[{"href":"https:\/\/shop.cosmeda-akademie.de\/en\/wp-json\/wp\/v2\/pages\/329041","targetHints":{"allow":["GET"]}}],"collection":[{"href":"https:\/\/shop.cosmeda-akademie.de\/en\/wp-json\/wp\/v2\/pages"}],"about":[{"href":"https:\/\/shop.cosmeda-akademie.de\/en\/wp-json\/wp\/v2\/types\/page"}],"author":[{"embeddable":true,"href":"https:\/\/shop.cosmeda-akademie.de\/en\/wp-json\/wp\/v2\/users\/1"}],"replies":[{"embeddable":true,"href":"https:\/\/shop.cosmeda-akademie.de\/en\/wp-json\/wp\/v2\/comments?post=329041"}],"version-history":[{"count":10,"href":"https:\/\/shop.cosmeda-akademie.de\/en\/wp-json\/wp\/v2\/pages\/329041\/revisions"}],"predecessor-version":[{"id":329166,"href":"https:\/\/shop.cosmeda-akademie.de\/en\/wp-json\/wp\/v2\/pages\/329041\/revisions\/329166"}],"wp:attachment":[{"href":"https:\/\/shop.cosmeda-akademie.de\/en\/wp-json\/wp\/v2\/media?parent=329041"}],"curies":[{"name":"wp","href":"https:\/\/api.w.org\/{rel}","templated":true}]}}